{"id":5131,"date":"2023-07-28T13:39:53","date_gmt":"2023-07-28T05:39:53","guid":{"rendered":"https:\/\/www.evb.com\/?page_id=5131"},"modified":"2023-11-24T15:16:48","modified_gmt":"2023-11-24T07:16:48","slug":"terms-and-conditions-2","status":"publish","type":"page","link":"https:\/\/www.evb.com\/cs\/terms-and-conditions-2\/","title":{"rendered":"Spr\u00e1va zranitelnost\u00ed s\u00edt\u011b Beny"},"content":{"rendered":"<div data-elementor-type=\"wp-page\" data-elementor-id=\"5131\" class=\"elementor elementor-5131\">\n\t\t\t\t\t\t\t\t\t<section class=\"elementor-section elementor-top-section elementor-element elementor-element-c2d4c78 elementor-section-full_width elementor-section-height-default elementor-section-height-default\" data-id=\"c2d4c78\" data-element_type=\"section\">\n\t\t\t\t\t\t<div class=\"elementor-container elementor-column-gap-no\">\n\t\t\t\t\t<div class=\"elementor-column elementor-col-100 elementor-top-column elementor-element elementor-element-46cb3ae\" data-id=\"46cb3ae\" data-element_type=\"column\">\n\t\t\t<div class=\"elementor-widget-wrap elementor-element-populated\">\n\t\t\t\t\t\t\t\t<div class=\"elementor-element elementor-element-b68fd46 elementor-widget elementor-widget-template\" data-id=\"b68fd46\" data-element_type=\"widget\" data-widget_type=\"template.default\">\n\t\t\t\t<div class=\"elementor-widget-container\">\n\t\t\t\t\t<div class=\"elementor-template\">\n\t\t\t\t\t<div data-elementor-type=\"section\" data-elementor-id=\"1378\" class=\"elementor elementor-1378\">\n\t\t\t\t\t\t\t\t<section class=\"elementor-section elementor-top-section elementor-element elementor-element-9498546 elementor-section-full_width elementor-section-height-default elementor-section-height-default\" data-id=\"9498546\" data-element_type=\"section\" data-settings=\"{&quot;background_background&quot;:&quot;gradient&quot;}\">\n\t\t\t\t\t\t\t<div class=\"elementor-background-overlay\"><\/div>\n\t\t\t\t\t\t\t<div class=\"elementor-container elementor-column-gap-default\">\n\t\t\t\t\t<div class=\"elementor-column elementor-col-100 elementor-top-column elementor-element elementor-element-cd2b9d8\" data-id=\"cd2b9d8\" data-element_type=\"column\">\n\t\t\t<div class=\"elementor-widget-wrap elementor-element-populated\">\n\t\t\t\t\t\t\t\t<section class=\"elementor-section elementor-inner-section elementor-element elementor-element-c2108f3 elementor-section-content-middle elementor-section-boxed elementor-section-height-default elementor-section-height-default\" data-id=\"c2108f3\" data-element_type=\"section\" data-settings=\"{&quot;background_background&quot;:&quot;classic&quot;}\">\n\t\t\t\t\t\t<div class=\"elementor-container elementor-column-gap-default\">\n\t\t\t\t\t<div class=\"elementor-column elementor-col-50 elementor-inner-column elementor-element elementor-element-7e5d22e\" data-id=\"7e5d22e\" data-element_type=\"column\">\n\t\t\t<div class=\"elementor-widget-wrap elementor-element-populated\">\n\t\t\t\t\t\t\t\t<div class=\"elementor-element elementor-element-19b2314 elementor-widget elementor-widget-MML Breadcrumbs\" data-id=\"19b2314\" data-element_type=\"widget\" data-settings=\"{&quot;breadcrumbs_type&quot;:&quot;post_type&quot;}\" data-widget_type=\"MML Breadcrumbs.default\">\n\t\t\t\t<div class=\"elementor-widget-container\">\n\t\t\t<ul class=\"pp-breadcrumbs pp-breadcrumbs-powerpack\">        <li class=\"pp-breadcrumbs-item pp-breadcrumbs-item-home\">\n            <a class=\"pp-breadcrumbs-crumb pp-breadcrumbs-crumb-link pp-breadcrumbs-crumb-home\" href=\"https:\/\/www.evb.com\/cs\" title=\"Domov\">\n\t\t\t\t<span class=\"pp-breadcrumbs-text\">\n\t\t\t\t\t                        <span class=\"pp-icon\">\n\t\t\t\t\t\t\t<i aria-hidden=\"true\" class=\"fas fa-home\"><\/i>\t\t\t\t\t\t<\/span>\n                                        Domov\t\t\t\t<\/span>\n            <\/a>\n        <\/li>\n        <li class=\"pp-breadcrumbs-separator\">                <span class='pp-separator-icon pp-icon'>\n\t\t\t\t\t<i aria-hidden=\"true\" class=\"fas fa-angle-right\"><\/i>\t\t\t\t<\/span>\n                <\/li><\/ul>\t\t<\/div>\n\t\t\t\t<\/div>\n\t\t\t\t<div class=\"elementor-element elementor-element-ec79451 elementor-widget elementor-widget-heading\" data-id=\"ec79451\" data-element_type=\"widget\" data-widget_type=\"heading.default\">\n\t\t\t\t<div class=\"elementor-widget-container\">\n\t\t\t<h1 class=\"elementor-heading-title elementor-size-default\">Spr\u00e1va zranitelnost\u00ed s\u00edt\u011b Beny<\/h1>\t\t<\/div>\n\t\t\t\t<\/div>\n\t\t\t\t<div class=\"elementor-element elementor-element-58ab215 elementor-widget elementor-widget-text-editor\" data-id=\"58ab215\" data-element_type=\"widget\" data-widget_type=\"text-editor.default\">\n\t\t\t\t<div class=\"elementor-widget-container\">\n\t\t\t\t\t\t\t\t\t\t\t\t\t<\/div>\n\t\t\t\t<\/div>\n\t\t\t\t\t<\/div>\n\t\t<\/div>\n\t\t\t\t<div class=\"elementor-column elementor-col-50 elementor-inner-column elementor-element elementor-element-a88edc3\" data-id=\"a88edc3\" data-element_type=\"column\">\n\t\t\t<div class=\"elementor-widget-wrap\">\n\t\t\t\t\t\t\t\t\t<\/div>\n\t\t<\/div>\n\t\t\t\t\t\t\t<\/div>\n\t\t<\/section>\n\t\t\t\t\t<\/div>\n\t\t<\/div>\n\t\t\t\t\t\t\t<\/div>\n\t\t<\/section>\n\t\t\t\t\t\t<\/div>\n\t\t\t\t<\/div>\n\t\t\t\t<\/div>\n\t\t\t\t<\/div>\n\t\t\t\t\t<\/div>\n\t\t<\/div>\n\t\t\t\t\t\t\t<\/div>\n\t\t<\/section>\n\t\t\t\t<section class=\"elementor-section elementor-top-section elementor-element elementor-element-7edacd2 elementor-section-boxed elementor-section-height-default elementor-section-height-default\" data-id=\"7edacd2\" data-element_type=\"section\">\n\t\t\t\t\t\t<div class=\"elementor-container elementor-column-gap-default\">\n\t\t\t\t\t<div class=\"elementor-column elementor-col-100 elementor-top-column elementor-element elementor-element-683cf09\" data-id=\"683cf09\" data-element_type=\"column\">\n\t\t\t<div class=\"elementor-widget-wrap elementor-element-populated\">\n\t\t\t\t\t\t\t\t<div class=\"elementor-element elementor-element-906b9d0 elementor-widget elementor-widget-text-editor\" data-id=\"906b9d0\" data-element_type=\"widget\" data-widget_type=\"text-editor.default\">\n\t\t\t\t<div class=\"elementor-widget-container\">\n\t\t\t\t\t\t\t<div><div><p><strong><span style=\"font-size: 18pt;\"><span style=\"background-color: var( --e-global-color-f62ae9d ); color: var( --e-global-color-298168f );\">U Benyho<\/span>:<\/span><\/strong><\/p><p>\u00a0Up\u0159ednost\u0148ujeme a podporujeme zodpov\u011bdn\u00e9 zve\u0159ej\u0148ov\u00e1n\u00ed a \u0159e\u0161en\u00ed zranitelnost\u00ed a z\u00e1rove\u0148 si hluboce v\u00e1\u017e\u00edme p\u0159\u00edsp\u011bvk\u016f v\u0161ech bezpe\u010dnostn\u00edch v\u00fdzkumn\u00edk\u016f. Pokud naraz\u00edte na jakoukoli zranitelnost, doporu\u010dujeme v\u00e1m ji neprodlen\u011b nahl\u00e1sit na adresu Beny@zjbeny.com. Uji\u0161\u0165ujeme v\u00e1s, \u017ee n\u00e1\u0161 t\u00fdm se va\u0161\u00edm hl\u00e1\u0161en\u00edm bude pe\u010dliv\u011b zab\u00fdvat a poskytne v\u00e1m v\u010dasnou zp\u011btnou vazbu. Abychom ochr\u00e1nili bezpe\u010dnost na\u0161ich u\u017eivatel\u016f a firem, \u017e\u00e1d\u00e1me v\u00e1s, abyste se zdr\u017eeli zve\u0159ej\u0148ov\u00e1n\u00ed ani sd\u00edlen\u00ed zranitelnosti, dokud nebude \u00fa\u010dinn\u011b \u0159e\u0161ena a vy\u0159e\u0161ena.<\/p><p><strong><span style=\"font-size: 18pt;\">Proces manipulace:<\/span><\/strong><\/p><ol><li>Probl\u00e9my se zabezpe\u010den\u00edm s\u00edt\u011b zji\u0161t\u011bn\u00e9 b\u011bhem provozu produktu budou nahl\u00e1\u0161eny p\u0159\u00edmo spole\u010dnosti Beny prost\u0159ednictv\u00edm e-mailu na adresu Beny@zjbeny.com.<\/li><li>Po obdr\u017een\u00ed probl\u00e9mu Benywill neprodlen\u011b zorganizuje t\u00fdm v\u00fdzkumu a v\u00fdvoje, aby provedl anal\u00fdzu probl\u00e9mu a do 72 hodin poskytl zpr\u00e1vu o anal\u00fdze probl\u00e9mu a \u0159e\u0161en\u00ed.<\/li><li>B\u011bhem \u0159e\u0161en\u00ed incidentu s\u00ed\u0165ov\u00e9 bezpe\u010dnosti bude spole\u010dnost Beny poskytovat p\u0159\u00edslu\u0161n\u00fdm pracovn\u00edk\u016fm t\u00fddenn\u00ed aktualizace o pokroku a nech\u00e1 odpov\u011bdn\u00e9 osoby v\u0161ech p\u0159\u00edslu\u0161n\u00fdch t\u00fdm\u016f zkontrolovat \u201eZpr\u00e1vu o p\u0159ezkoum\u00e1n\u00ed incidentu\u201c, aby potvrdila dokon\u010den\u00ed prac\u00ed na \u0159e\u0161en\u00ed incidentu.<\/li><li>Pot\u00e9, co odd\u011blen\u00ed testov\u00e1n\u00ed softwaru otestuje nov\u00fd software bez jak\u00fdchkoli probl\u00e9m\u016f, bude poskytnuta testovac\u00ed zpr\u00e1va. Na z\u00e1klad\u011b testovac\u00ed zpr\u00e1vy odd\u011blen\u00ed v\u00fdzkumu a v\u00fdvoje rozhodne, zda je nutn\u00fd upgrade. Pokud je upgrade nutn\u00fd, t\u00fdm v\u00fdzkumu a v\u00fdvoje poskytne z\u00e1kaznick\u00e9mu servisu doporu\u010den\u00ed pl\u00e1nu upgradu verze. Po z\u00edsk\u00e1n\u00ed souhlasu od t\u00fdmu z\u00e1kaznick\u00e9 podpory oba t\u00fdmy spole\u010dn\u011b provedou upgrade softwaru pro provozn\u00ed termin\u00e1ly a produk\u010dn\u00ed hardware.<\/li><li>Po dokon\u010den\u00ed aktualizace provede t\u00fdm v\u00fdzkumu a v\u00fdvoje komplexn\u00ed p\u0159ezkoum\u00e1n\u00ed incidentu a vypracuje \u201eZpr\u00e1vu o p\u0159ezkoum\u00e1n\u00ed incidentu\u201c (v\u010detn\u011b zji\u0161t\u011bn\u00ed p\u0159\u00ed\u010diny probl\u00e9mu, opat\u0159en\u00ed k jeho \u0159e\u0161en\u00ed a n\u00e1sledn\u00fdch zlep\u0161ovac\u00edch opat\u0159en\u00ed).<\/li><li>B\u011bhem \u0159e\u0161en\u00ed bezpe\u010dnostn\u00edho incidentu s\u00edt\u011b bude t\u00fdm v\u00fdzkumu a v\u00fdvoje poskytovat p\u0159\u00edslu\u0161n\u00fdm pracovn\u00edk\u016fm denn\u00ed aktualizace o pokroku a odpov\u011bdn\u00e9 osoby v\u0161ech p\u0159\u00edslu\u0161n\u00fdch t\u00fdm\u016f budou kontrolovat \u201eZpr\u00e1vu o p\u0159ezkoum\u00e1n\u00ed incidentu\u201c, aby potvrdily dokon\u010den\u00ed \u0159e\u0161en\u00ed incidentu.<\/li><li>Po\u010d\u00e1te\u010dn\u00ed doby odezvy jsou definov\u00e1ny na z\u00e1klad\u011b zve\u0159ejn\u011bn\u00fdch z\u00e1sad pro zve\u0159ej\u0148ov\u00e1n\u00ed zranitelnost\u00ed. Oprava nebo varov\u00e1n\u00ed bude obvykle vyd\u00e1no do 90 dn\u016f od obdr\u017een\u00ed hl\u00e1\u0161en\u00ed o zranitelnosti. Jakmile je oprava vyd\u00e1na, varov\u00e1n\u00ed bude sta\u017eeno.<\/li><\/ol><p><strong><span style=\"font-size: 18pt;\">Doby odezvy a zpracov\u00e1n\u00ed<\/span><\/strong><\/p><table style=\"height: 565px; width: 100%; border-collapse: collapse; border-color: #000000;\" border=\"1\"><tbody><tr style=\"height: 72px;\"><td style=\"width: 16.6667%; height: 72px;\">\u00darove\u0148 slu\u017eeb<\/td><td style=\"width: 16.6667%; height: 72px;\">N\u00e1zev \u00farovn\u011b<\/td><td style=\"width: 16.6667%; height: 72px;\">Definice \u00farovn\u011b<\/td><td style=\"width: 16.6667%; height: 72px;\">Dohoda o \u00farovni slu\u017eeb<\/td><td style=\"width: 16.6667%; height: 72px;\">Doba odezvy na nouzov\u00e9 situace<\/td><td style=\"width: 16.6667%; height: 72px;\">Doba obnoven\u00ed syst\u00e9mu<\/td><\/tr><tr style=\"height: 144px;\"><td style=\"width: 16.6667%; height: 144px;\">L0<\/td><td style=\"width: 16.6667%; height: 144px;\">Z\u00e1kladn\u00ed slu\u017eby<\/td><td style=\"width: 16.6667%; height: 144px;\">Jak\u00e9koli v\u00fdjimky ovlivn\u00ed v\u0161echny hlavn\u00ed obchodn\u00ed operace.<\/td><td style=\"width: 16.6667%; height: 144px;\">20 metr\u016f<\/td><td style=\"width: 16.6667%; height: 144px;\">7 dn\u00ed<\/td><td style=\"width: 16.6667%; height: 144px;\">30 dn\u00ed<\/td><\/tr><tr style=\"height: 128px;\"><td style=\"width: 16.6667%; height: 128px;\" width=\"94\"><p>L1<\/p><\/td><td style=\"width: 16.6667%; height: 128px;\" width=\"94\"><p>Kritick\u00e9 slu\u017eby<\/p><\/td><td style=\"width: 16.6667%; height: 128px;\" width=\"94\"><p>V\u00fdjimky ovlivn\u00ed provoz n\u011bkter\u00fdch pobo\u010dek<\/p><\/td><td style=\"width: 16.6667%; height: 128px;\" width=\"94\"><p>20 metr\u016f<\/p><\/td><td style=\"width: 16.6667%; height: 128px;\" width=\"94\"><p>10 dn\u00ed<\/p><\/td><td style=\"width: 16.6667%; height: 128px;\" width=\"94\"><p>30 dn\u00ed<\/p><\/td><\/tr><tr style=\"height: 128px;\"><td style=\"width: 16.6667%; height: 128px;\" width=\"94\"><p>L2<\/p><\/td><td style=\"width: 16.6667%; height: 128px;\" width=\"94\"><p>V\u0161eobecn\u00e9 slu\u017eby<\/p><\/td><td style=\"width: 16.6667%; height: 128px;\" width=\"94\"><p>V\u00fdjimky neovlivn\u00ed hlavn\u00ed obchodn\u00ed procesy<\/p><\/td><td style=\"width: 16.6667%; height: 128px;\" width=\"94\"><p>20 metr\u016f<\/p><\/td><td style=\"width: 16.6667%; height: 128px;\" width=\"94\"><p>15 dn\u00ed<\/p><\/td><td style=\"width: 16.6667%; height: 128px;\" width=\"94\"><p>60 dn\u00ed<\/p><\/td><\/tr><tr style=\"height: 93px;\"><td style=\"width: 16.6667%; height: 93px;\" width=\"94\"><p>L3<\/p><\/td><td style=\"width: 16.6667%; height: 93px;\" width=\"94\"><p>Dopl\u0148kov\u00e9 slu\u017eby<\/p><\/td><td style=\"width: 16.6667%; height: 93px;\" width=\"94\"><p>V\u00fdjimky jsou pro u\u017eivatele nepost\u0159ehnuteln\u00e9<\/p><\/td><td style=\"width: 16.6667%; height: 93px;\" width=\"94\"><p>20 metr\u016f<\/p><\/td><td style=\"width: 16.6667%; height: 93px;\" width=\"94\"><p>30 dn\u00ed<\/p><\/td><td style=\"width: 16.6667%; height: 93px;\" width=\"94\"><p>90 dn\u00ed<\/p><\/td><\/tr><\/tbody><\/table><table style=\"height: 50px; width: 59.3929%; border-color: #000000;\"><tbody><tr style=\"height: 10px;\"><td style=\"width: 11.4068%; height: 10px;\" width=\"94\">\u00a0<\/td><td style=\"width: 20.5359%; height: 10px;\" width=\"94\">\u00a0<\/td><td style=\"width: 20.3386%; height: 10px;\" width=\"94\">\u00a0<\/td><td style=\"width: 14.9959%; height: 10px;\" width=\"94\">\u00a0<\/td><td style=\"width: 15.5875%; height: 10px;\" width=\"94\">\u00a0<\/td><td style=\"width: 5.61151%; height: 10px;\" width=\"94\">\u00a0<\/td><\/tr><tr style=\"height: 10px;\"><td style=\"width: 11.4068%; height: 10px;\" width=\"94\">\u00a0<\/td><td style=\"width: 20.5359%; height: 10px;\" width=\"94\">\u00a0<\/td><td style=\"width: 20.3386%; height: 10px;\" width=\"94\">\u00a0<\/td><td style=\"width: 14.9959%; height: 10px;\" width=\"94\">\u00a0<\/td><td style=\"width: 15.5875%; height: 10px;\" width=\"94\">\u00a0<\/td><td style=\"width: 5.61151%; height: 10px;\" width=\"94\">\u00a0<\/td><\/tr><tr style=\"height: 10px;\"><td style=\"width: 11.4068%; height: 10px;\" width=\"94\">\u00a0<\/td><td style=\"width: 20.5359%; height: 10px;\" width=\"94\">\u00a0<\/td><td style=\"width: 20.3386%; height: 10px;\" width=\"94\">\u00a0<\/td><td style=\"width: 14.9959%; height: 10px;\" width=\"94\">\u00a0<\/td><td style=\"width: 15.5875%; height: 10px;\" width=\"94\">\u00a0<\/td><td style=\"width: 5.61151%; height: 10px;\" width=\"94\">\u00a0<\/td><\/tr><tr style=\"height: 10px;\"><td style=\"width: 11.4068%; height: 10px;\" width=\"94\">\u00a0<\/td><td style=\"width: 20.5359%; height: 10px;\" width=\"94\">\u00a0<\/td><td style=\"width: 20.3386%; height: 10px;\" width=\"94\">\u00a0<\/td><td style=\"width: 14.9959%; height: 10px;\" width=\"94\">\u00a0<\/td><td style=\"width: 15.5875%; height: 10px;\" width=\"94\">\u00a0<\/td><td style=\"width: 5.61151%; height: 10px;\" width=\"94\">\u00a0<\/td><\/tr><tr style=\"height: 10px;\"><td style=\"width: 11.4068%; height: 10px;\" width=\"94\">\u00a0<\/td><td style=\"width: 20.5359%; height: 10px;\" width=\"94\">\u00a0<\/td><td style=\"width: 20.3386%; height: 10px;\" width=\"94\">\u00a0<\/td><td style=\"width: 14.9959%; height: 10px;\" width=\"94\">\u00a0<\/td><td style=\"width: 15.5875%; height: 10px;\" width=\"94\">\u00a0<\/td><td style=\"width: 5.61151%; height: 10px;\" width=\"94\">\u00a0<\/td><\/tr><\/tbody><\/table><p>Pozn\u00e1mka: V\u00fd\u0161e uveden\u00e9 doby odezvy a zpracov\u00e1n\u00ed jsou definov\u00e1ny pro ka\u017edou \u00farove\u0148 slu\u017eeb. \u201eDoba odezvy na nouzovou situaci\u201c ozna\u010duje dobu, b\u011bhem n\u00ed\u017e bude zah\u00e1jena reakce na probl\u00e9m, zat\u00edmco \u201eDoba obnovy syst\u00e9mu\u201c ozna\u010duje dobu pot\u0159ebnou k \u00fapln\u00e9 obnov\u011b syst\u00e9mu a obnoven\u00ed norm\u00e1ln\u00edho provozu po incidentu.<\/p><\/div><\/div>\t\t\t\t\t\t<\/div>\n\t\t\t\t<\/div>\n\t\t\t\t\t<\/div>\n\t\t<\/div>\n\t\t\t\t\t\t\t<\/div>\n\t\t<\/section>\n\t\t\t\t\t\t\t<\/div>","protected":false},"excerpt":{"rendered":"<p>At Beny: \u00a0we prioritize and uphold responsible disclosure and handling of vulnerabilities, while deeply valuing the contributions of all security researchers. If you come across any vulnerability, we encourage you to promptly report it to Beny@zjbeny.com. Rest assured, our team will diligently follow up on your report and provide timely feedback. To safeguard the security [&hellip;]<\/p>","protected":false},"author":3,"featured_media":0,"parent":0,"menu_order":46,"comment_status":"closed","ping_status":"closed","template":"","meta":{"footnotes":""},"class_list":["post-5131","page","type-page","status-publish","hentry"],"acf":[],"yoast_head":"<!-- This site is optimized with the Yoast SEO plugin v27.4 - https:\/\/yoast.com\/product\/yoast-seo-wordpress\/ -->\n<title>Terms &amp; Conditions |evB<\/title>\n<meta name=\"description\" content=\"Review the terms and conditions that evB applies with every transaction. We\u2019re the leading brand for eco-friendly and energy-saving EV chargers.\" \/>\n<meta name=\"robots\" content=\"index, follow, max-snippet:-1, max-image-preview:large, max-video-preview:-1\" \/>\n<link rel=\"canonical\" href=\"https:\/\/www.evb.com\/cs\/terms-and-conditions-2\/\" \/>\n<meta property=\"og:locale\" content=\"cs_CZ\" \/>\n<meta property=\"og:type\" content=\"article\" \/>\n<meta property=\"og:title\" content=\"Terms &amp; Conditions |evB\" \/>\n<meta property=\"og:description\" content=\"Review the terms and conditions that evB applies with every transaction. We\u2019re the leading brand for eco-friendly and energy-saving EV chargers.\" \/>\n<meta property=\"og:url\" content=\"https:\/\/www.evb.com\/cs\/terms-and-conditions-2\/\" \/>\n<meta property=\"og:site_name\" content=\"EVB\" \/>\n<meta property=\"article:modified_time\" content=\"2023-11-24T07:16:48+00:00\" \/>\n<meta name=\"twitter:card\" content=\"summary_large_image\" \/>\n<meta name=\"twitter:label1\" content=\"Odhadovan\u00e1 doba \u010dten\u00ed\" \/>\n\t<meta name=\"twitter:data1\" content=\"4 minuty\" \/>\n<script type=\"application\/ld+json\" class=\"yoast-schema-graph\">{\"@context\":\"https:\\\/\\\/schema.org\",\"@graph\":[{\"@type\":\"WebPage\",\"@id\":\"https:\\\/\\\/www.evb.com\\\/terms-and-conditions-2\\\/\",\"url\":\"https:\\\/\\\/www.evb.com\\\/terms-and-conditions-2\\\/\",\"name\":\"Terms & Conditions |evB\",\"isPartOf\":{\"@id\":\"https:\\\/\\\/www.evb.com\\\/#website\"},\"datePublished\":\"2023-07-28T05:39:53+00:00\",\"dateModified\":\"2023-11-24T07:16:48+00:00\",\"description\":\"Review the terms and conditions that evB applies with every transaction. We\u2019re the leading brand for eco-friendly and energy-saving EV chargers.\",\"breadcrumb\":{\"@id\":\"https:\\\/\\\/www.evb.com\\\/terms-and-conditions-2\\\/#breadcrumb\"},\"inLanguage\":\"cs\",\"potentialAction\":[{\"@type\":\"ReadAction\",\"target\":[\"https:\\\/\\\/www.evb.com\\\/terms-and-conditions-2\\\/\"]}]},{\"@type\":\"BreadcrumbList\",\"@id\":\"https:\\\/\\\/www.evb.com\\\/terms-and-conditions-2\\\/#breadcrumb\",\"itemListElement\":[{\"@type\":\"ListItem\",\"position\":1,\"name\":\"Home\",\"item\":\"https:\\\/\\\/www.evb.com\\\/\"},{\"@type\":\"ListItem\",\"position\":2,\"name\":\"Beny Network Security Vulnerability Management\"}]},{\"@type\":\"WebSite\",\"@id\":\"https:\\\/\\\/www.evb.com\\\/#website\",\"url\":\"https:\\\/\\\/www.evb.com\\\/\",\"name\":\"EVB\",\"description\":\"Smart EV Charging &amp; Energy Storage Solutions\",\"publisher\":{\"@id\":\"https:\\\/\\\/www.evb.com\\\/#organization\"},\"potentialAction\":[{\"@type\":\"SearchAction\",\"target\":{\"@type\":\"EntryPoint\",\"urlTemplate\":\"https:\\\/\\\/www.evb.com\\\/?s={search_term_string}\"},\"query-input\":{\"@type\":\"PropertyValueSpecification\",\"valueRequired\":true,\"valueName\":\"search_term_string\"}}],\"inLanguage\":\"cs\"},{\"@type\":\"Organization\",\"@id\":\"https:\\\/\\\/www.evb.com\\\/#organization\",\"name\":\"EVB\",\"url\":\"https:\\\/\\\/www.evb.com\\\/\",\"logo\":{\"@type\":\"ImageObject\",\"inLanguage\":\"cs\",\"@id\":\"https:\\\/\\\/www.evb.com\\\/#\\\/schema\\\/logo\\\/image\\\/\",\"url\":\"https:\\\/\\\/www.evb.com\\\/wp-content\\\/uploads\\\/2021\\\/03\\\/evb-3.png\",\"contentUrl\":\"https:\\\/\\\/www.evb.com\\\/wp-content\\\/uploads\\\/2021\\\/03\\\/evb-3.png\",\"width\":605,\"height\":626,\"caption\":\"EVB\"},\"image\":{\"@id\":\"https:\\\/\\\/www.evb.com\\\/#\\\/schema\\\/logo\\\/image\\\/\"}}]}<\/script>\n<!-- \/ Yoast SEO plugin. -->","yoast_head_json":{"title":"Terms & Conditions |evB","description":"Review the terms and conditions that evB applies with every transaction. We\u2019re the leading brand for eco-friendly and energy-saving EV chargers.","robots":{"index":"index","follow":"follow","max-snippet":"max-snippet:-1","max-image-preview":"max-image-preview:large","max-video-preview":"max-video-preview:-1"},"canonical":"https:\/\/www.evb.com\/cs\/terms-and-conditions-2\/","og_locale":"cs_CZ","og_type":"article","og_title":"Terms & Conditions |evB","og_description":"Review the terms and conditions that evB applies with every transaction. We\u2019re the leading brand for eco-friendly and energy-saving EV chargers.","og_url":"https:\/\/www.evb.com\/cs\/terms-and-conditions-2\/","og_site_name":"EVB","article_modified_time":"2023-11-24T07:16:48+00:00","twitter_card":"summary_large_image","twitter_misc":{"Odhadovan\u00e1 doba \u010dten\u00ed":"4 minuty"},"schema":{"@context":"https:\/\/schema.org","@graph":[{"@type":"WebPage","@id":"https:\/\/www.evb.com\/terms-and-conditions-2\/","url":"https:\/\/www.evb.com\/terms-and-conditions-2\/","name":"Terms & Conditions |evB","isPartOf":{"@id":"https:\/\/www.evb.com\/#website"},"datePublished":"2023-07-28T05:39:53+00:00","dateModified":"2023-11-24T07:16:48+00:00","description":"Review the terms and conditions that evB applies with every transaction. We\u2019re the leading brand for eco-friendly and energy-saving EV chargers.","breadcrumb":{"@id":"https:\/\/www.evb.com\/terms-and-conditions-2\/#breadcrumb"},"inLanguage":"cs","potentialAction":[{"@type":"ReadAction","target":["https:\/\/www.evb.com\/terms-and-conditions-2\/"]}]},{"@type":"BreadcrumbList","@id":"https:\/\/www.evb.com\/terms-and-conditions-2\/#breadcrumb","itemListElement":[{"@type":"ListItem","position":1,"name":"Home","item":"https:\/\/www.evb.com\/"},{"@type":"ListItem","position":2,"name":"Beny Network Security Vulnerability Management"}]},{"@type":"WebSite","@id":"https:\/\/www.evb.com\/#website","url":"https:\/\/www.evb.com\/","name":"EVB","description":"Smart EV Charging &amp; Energy Storage Solutions","publisher":{"@id":"https:\/\/www.evb.com\/#organization"},"potentialAction":[{"@type":"SearchAction","target":{"@type":"EntryPoint","urlTemplate":"https:\/\/www.evb.com\/?s={search_term_string}"},"query-input":{"@type":"PropertyValueSpecification","valueRequired":true,"valueName":"search_term_string"}}],"inLanguage":"cs"},{"@type":"Organization","@id":"https:\/\/www.evb.com\/#organization","name":"EVB","url":"https:\/\/www.evb.com\/","logo":{"@type":"ImageObject","inLanguage":"cs","@id":"https:\/\/www.evb.com\/#\/schema\/logo\/image\/","url":"https:\/\/www.evb.com\/wp-content\/uploads\/2021\/03\/evb-3.png","contentUrl":"https:\/\/www.evb.com\/wp-content\/uploads\/2021\/03\/evb-3.png","width":605,"height":626,"caption":"EVB"},"image":{"@id":"https:\/\/www.evb.com\/#\/schema\/logo\/image\/"}}]}},"_links":{"self":[{"href":"https:\/\/www.evb.com\/cs\/wp-json\/wp\/v2\/pages\/5131","targetHints":{"allow":["GET"]}}],"collection":[{"href":"https:\/\/www.evb.com\/cs\/wp-json\/wp\/v2\/pages"}],"about":[{"href":"https:\/\/www.evb.com\/cs\/wp-json\/wp\/v2\/types\/page"}],"author":[{"embeddable":true,"href":"https:\/\/www.evb.com\/cs\/wp-json\/wp\/v2\/users\/3"}],"replies":[{"embeddable":true,"href":"https:\/\/www.evb.com\/cs\/wp-json\/wp\/v2\/comments?post=5131"}],"version-history":[{"count":11,"href":"https:\/\/www.evb.com\/cs\/wp-json\/wp\/v2\/pages\/5131\/revisions"}],"predecessor-version":[{"id":5155,"href":"https:\/\/www.evb.com\/cs\/wp-json\/wp\/v2\/pages\/5131\/revisions\/5155"}],"wp:attachment":[{"href":"https:\/\/www.evb.com\/cs\/wp-json\/wp\/v2\/media?parent=5131"}],"curies":[{"name":"wp","href":"https:\/\/api.w.org\/{rel}","templated":true}]}}