{"id":5131,"date":"2023-07-28T13:39:53","date_gmt":"2023-07-28T05:39:53","guid":{"rendered":"https:\/\/www.evb.com\/?page_id=5131"},"modified":"2023-11-24T15:16:48","modified_gmt":"2023-11-24T07:16:48","slug":"terms-and-conditions-2","status":"publish","type":"page","link":"https:\/\/www.evb.com\/da\/terms-and-conditions-2\/","title":{"rendered":"Beny Network Security Vulnerability Management"},"content":{"rendered":"<div data-elementor-type=\"wp-page\" data-elementor-id=\"5131\" class=\"elementor elementor-5131\">\n\t\t\t\t\t\t\t\t\t<section class=\"elementor-section elementor-top-section elementor-element elementor-element-c2d4c78 elementor-section-full_width elementor-section-height-default elementor-section-height-default\" data-id=\"c2d4c78\" data-element_type=\"section\">\n\t\t\t\t\t\t<div class=\"elementor-container elementor-column-gap-no\">\n\t\t\t\t\t<div class=\"elementor-column elementor-col-100 elementor-top-column elementor-element elementor-element-46cb3ae\" data-id=\"46cb3ae\" data-element_type=\"column\">\n\t\t\t<div class=\"elementor-widget-wrap elementor-element-populated\">\n\t\t\t\t\t\t\t\t<div class=\"elementor-element elementor-element-b68fd46 elementor-widget elementor-widget-template\" data-id=\"b68fd46\" data-element_type=\"widget\" data-widget_type=\"template.default\">\n\t\t\t\t<div class=\"elementor-widget-container\">\n\t\t\t\t\t<div class=\"elementor-template\">\n\t\t\t\t\t<div data-elementor-type=\"section\" data-elementor-id=\"1378\" class=\"elementor elementor-1378\">\n\t\t\t\t\t\t\t\t<section class=\"elementor-section elementor-top-section elementor-element elementor-element-9498546 elementor-section-full_width elementor-section-height-default elementor-section-height-default\" data-id=\"9498546\" data-element_type=\"section\" data-settings=\"{&quot;background_background&quot;:&quot;gradient&quot;}\">\n\t\t\t\t\t\t\t<div class=\"elementor-background-overlay\"><\/div>\n\t\t\t\t\t\t\t<div class=\"elementor-container elementor-column-gap-default\">\n\t\t\t\t\t<div class=\"elementor-column elementor-col-100 elementor-top-column elementor-element elementor-element-cd2b9d8\" data-id=\"cd2b9d8\" data-element_type=\"column\">\n\t\t\t<div class=\"elementor-widget-wrap elementor-element-populated\">\n\t\t\t\t\t\t\t\t<section class=\"elementor-section elementor-inner-section elementor-element elementor-element-c2108f3 elementor-section-content-middle elementor-section-boxed elementor-section-height-default elementor-section-height-default\" data-id=\"c2108f3\" data-element_type=\"section\" data-settings=\"{&quot;background_background&quot;:&quot;classic&quot;}\">\n\t\t\t\t\t\t<div class=\"elementor-container elementor-column-gap-default\">\n\t\t\t\t\t<div class=\"elementor-column elementor-col-50 elementor-inner-column elementor-element elementor-element-7e5d22e\" data-id=\"7e5d22e\" data-element_type=\"column\">\n\t\t\t<div class=\"elementor-widget-wrap elementor-element-populated\">\n\t\t\t\t\t\t\t\t<div class=\"elementor-element elementor-element-19b2314 elementor-widget elementor-widget-MML Breadcrumbs\" data-id=\"19b2314\" data-element_type=\"widget\" data-settings=\"{&quot;breadcrumbs_type&quot;:&quot;post_type&quot;}\" data-widget_type=\"MML Breadcrumbs.default\">\n\t\t\t\t<div class=\"elementor-widget-container\">\n\t\t\t<ul class=\"pp-breadcrumbs pp-breadcrumbs-powerpack\">        <li class=\"pp-breadcrumbs-item pp-breadcrumbs-item-home\">\n            <a class=\"pp-breadcrumbs-crumb pp-breadcrumbs-crumb-link pp-breadcrumbs-crumb-home\" href=\"https:\/\/www.evb.com\/da\" title=\"Hjem\">\n\t\t\t\t<span class=\"pp-breadcrumbs-text\">\n\t\t\t\t\t                        <span class=\"pp-icon\">\n\t\t\t\t\t\t\t<i aria-hidden=\"true\" class=\"fas fa-home\"><\/i>\t\t\t\t\t\t<\/span>\n                                        Hjem\t\t\t\t<\/span>\n            <\/a>\n        <\/li>\n        <li class=\"pp-breadcrumbs-separator\">                <span class='pp-separator-icon pp-icon'>\n\t\t\t\t\t<i aria-hidden=\"true\" class=\"fas fa-angle-right\"><\/i>\t\t\t\t<\/span>\n                <\/li><\/ul>\t\t<\/div>\n\t\t\t\t<\/div>\n\t\t\t\t<div class=\"elementor-element elementor-element-ec79451 elementor-widget elementor-widget-heading\" data-id=\"ec79451\" data-element_type=\"widget\" data-widget_type=\"heading.default\">\n\t\t\t\t<div class=\"elementor-widget-container\">\n\t\t\t<h1 class=\"elementor-heading-title elementor-size-default\">Beny Network Security Vulnerability Management<\/h1>\t\t<\/div>\n\t\t\t\t<\/div>\n\t\t\t\t<div class=\"elementor-element elementor-element-58ab215 elementor-widget elementor-widget-text-editor\" data-id=\"58ab215\" data-element_type=\"widget\" data-widget_type=\"text-editor.default\">\n\t\t\t\t<div class=\"elementor-widget-container\">\n\t\t\t\t\t\t\t\t\t\t\t\t\t<\/div>\n\t\t\t\t<\/div>\n\t\t\t\t\t<\/div>\n\t\t<\/div>\n\t\t\t\t<div class=\"elementor-column elementor-col-50 elementor-inner-column elementor-element elementor-element-a88edc3\" data-id=\"a88edc3\" data-element_type=\"column\">\n\t\t\t<div class=\"elementor-widget-wrap\">\n\t\t\t\t\t\t\t\t\t<\/div>\n\t\t<\/div>\n\t\t\t\t\t\t\t<\/div>\n\t\t<\/section>\n\t\t\t\t\t<\/div>\n\t\t<\/div>\n\t\t\t\t\t\t\t<\/div>\n\t\t<\/section>\n\t\t\t\t\t\t<\/div>\n\t\t\t\t<\/div>\n\t\t\t\t<\/div>\n\t\t\t\t<\/div>\n\t\t\t\t\t<\/div>\n\t\t<\/div>\n\t\t\t\t\t\t\t<\/div>\n\t\t<\/section>\n\t\t\t\t<section class=\"elementor-section elementor-top-section elementor-element elementor-element-7edacd2 elementor-section-boxed elementor-section-height-default elementor-section-height-default\" data-id=\"7edacd2\" data-element_type=\"section\">\n\t\t\t\t\t\t<div class=\"elementor-container elementor-column-gap-default\">\n\t\t\t\t\t<div class=\"elementor-column elementor-col-100 elementor-top-column elementor-element elementor-element-683cf09\" data-id=\"683cf09\" data-element_type=\"column\">\n\t\t\t<div class=\"elementor-widget-wrap elementor-element-populated\">\n\t\t\t\t\t\t\t\t<div class=\"elementor-element elementor-element-906b9d0 elementor-widget elementor-widget-text-editor\" data-id=\"906b9d0\" data-element_type=\"widget\" data-widget_type=\"text-editor.default\">\n\t\t\t\t<div class=\"elementor-widget-container\">\n\t\t\t\t\t\t\t<div><div><p><strong><span style=\"font-size: 18pt;\"><span style=\"background-color: var( --e-global-color-f62ae9d ); color: var( --e-global-color-298168f );\">Hos Beny<\/span>:<\/span><\/strong><\/p><p>\u00a0Vi prioriterer og opretholder ansvarlig offentligg\u00f8relse og h\u00e5ndtering af s\u00e5rbarheder, samtidig med at vi v\u00e6rds\u00e6tter bidragene fra alle sikkerhedsforskere dybt. Hvis du st\u00f8der p\u00e5 en s\u00e5rbarhed, opfordrer vi dig til straks at rapportere den til Beny@zjbeny.com. Du kan v\u00e6re sikker p\u00e5, at vores team omhyggeligt vil f\u00f8lge op p\u00e5 din rapport og give rettidig feedback. For at beskytte vores brugeres og virksomheders sikkerhed beder vi dig venligst om at afst\u00e5 fra at afsl\u00f8re eller dele s\u00e5rbarheden, f\u00f8r den er blevet effektivt adresseret og l\u00f8st.<\/p><p><strong><span style=\"font-size: 18pt;\">H\u00e5ndteringsproces:<\/span><\/strong><\/p><ol><li>Netv\u00e6rkssikkerhedsproblemer, der opdages under produktets drift, vil blive rapporteret direkte til Beny via e-mail til Beny@zjbeny.com.<\/li><li>N\u00e5r Beny modtager problemet, vil de straks organisere et forsknings- og udviklingsteam til at udf\u00f8re en problemanalyse og levere en problemanalyserapport og l\u00f8sning inden for 72 timer.<\/li><li>Under hele l\u00f8sningen af netv\u00e6rkssikkerhedsh\u00e6ndelsen vil Beny give ugentlige statusopdateringer til relevant personale og f\u00e5 de ansvarlige personer fra alle relevante teams til at gennemg\u00e5 &quot;H\u00e6ndelsesgennemgangsrapporten&quot; for at markere afslutningen af h\u00e6ndelsesh\u00e5ndteringsarbejdet.<\/li><li>N\u00e5r den nye software er blevet testet af softwaretestafdelingen uden problemer, vil der blive udarbejdet en testrapport. Baseret p\u00e5 testrapporten vil R&amp;D-afdelingen beslutte, om en opgradering er n\u00f8dvendig. Hvis en opgradering er n\u00f8dvendig, vil R&amp;D-teamet udarbejde en anbefaling til en versionsopgraderingsplan til kundeserviceteamet. Efter at have opn\u00e5et godkendelse fra kundeserviceteamet vil begge teams i f\u00e6llesskab gennemf\u00f8re softwareopgraderingen til driftsterminaler og produktionshardware.<\/li><li>N\u00e5r opgraderingen er afsluttet, vil R&amp;D-teamet lede en omfattende gennemgang af h\u00e6ndelsen og udarbejde en &quot;H\u00e6ndelsesgennemgangsrapport&quot; (herunder sporing af \u00e5rsagen til problemet, h\u00e5ndteringsforanstaltninger og opf\u00f8lgende forbedringsforanstaltninger).<\/li><li>Under hele l\u00f8sningen af netv\u00e6rkssikkerhedsh\u00e6ndelsen vil R&amp;D-teamet give daglige statusopdateringer til relevant personale, og de ansvarlige personer fra alle relevante teams vil gennemg\u00e5 &quot;H\u00e6ndelsesgennemgangsrapporten&quot; for at markere afslutningen af h\u00e5ndteringen af h\u00e6ndelsen.<\/li><li>De indledende svartider er defineret ud fra den offentliggjorte politik for offentligg\u00f8relse af s\u00e5rbarheder. Typisk vil en rettelse eller advarsel blive frigivet inden for 90 dage efter modtagelsen af s\u00e5rbarhedsrapporten. N\u00e5r en rettelse er blevet frigivet, vil advarslen blive trukket tilbage.<\/li><\/ol><p><strong><span style=\"font-size: 18pt;\">Svartid og ekspeditionstider<\/span><\/strong><\/p><table style=\"height: 565px; width: 100%; border-collapse: collapse; border-color: #000000;\" border=\"1\"><tbody><tr style=\"height: 72px;\"><td style=\"width: 16.6667%; height: 72px;\">Serviceniveau<\/td><td style=\"width: 16.6667%; height: 72px;\">Niveaunavn<\/td><td style=\"width: 16.6667%; height: 72px;\">Niveaudefinition<\/td><td style=\"width: 16.6667%; height: 72px;\">Serviceniveauaftale<\/td><td style=\"width: 16.6667%; height: 72px;\">N\u00f8dresponstid<\/td><td style=\"width: 16.6667%; height: 72px;\">Systemgendannelsestid<\/td><\/tr><tr style=\"height: 144px;\"><td style=\"width: 16.6667%; height: 144px;\">L0<\/td><td style=\"width: 16.6667%; height: 144px;\">Kernetjenester<\/td><td style=\"width: 16.6667%; height: 144px;\">Eventuelle undtagelser vil p\u00e5virke alle prim\u00e6re forretningsaktiviteter<\/td><td style=\"width: 16.6667%; height: 144px;\">20m<\/td><td style=\"width: 16.6667%; height: 144px;\">7 dage<\/td><td style=\"width: 16.6667%; height: 144px;\">30 dage<\/td><\/tr><tr style=\"height: 128px;\"><td style=\"width: 16.6667%; height: 128px;\" width=\"94\"><p>L1<\/p><\/td><td style=\"width: 16.6667%; height: 128px;\" width=\"94\"><p>Kritiske tjenester<\/p><\/td><td style=\"width: 16.6667%; height: 128px;\" width=\"94\"><p>Undtagelser vil p\u00e5virke nogle filialers forretningsdrift<\/p><\/td><td style=\"width: 16.6667%; height: 128px;\" width=\"94\"><p>20m<\/p><\/td><td style=\"width: 16.6667%; height: 128px;\" width=\"94\"><p>10 dage<\/p><\/td><td style=\"width: 16.6667%; height: 128px;\" width=\"94\"><p>30 dage<\/p><\/td><\/tr><tr style=\"height: 128px;\"><td style=\"width: 16.6667%; height: 128px;\" width=\"94\"><p>L2<\/p><\/td><td style=\"width: 16.6667%; height: 128px;\" width=\"94\"><p>Generelle tjenester<\/p><\/td><td style=\"width: 16.6667%; height: 128px;\" width=\"94\"><p>Undtagelser vil ikke p\u00e5virke st\u00f8rre forretningsprocesser<\/p><\/td><td style=\"width: 16.6667%; height: 128px;\" width=\"94\"><p>20m<\/p><\/td><td style=\"width: 16.6667%; height: 128px;\" width=\"94\"><p>15 dage<\/p><\/td><td style=\"width: 16.6667%; height: 128px;\" width=\"94\"><p>60 dage<\/p><\/td><\/tr><tr style=\"height: 93px;\"><td style=\"width: 16.6667%; height: 93px;\" width=\"94\"><p>L3<\/p><\/td><td style=\"width: 16.6667%; height: 93px;\" width=\"94\"><p>Yderligere tjenester<\/p><\/td><td style=\"width: 16.6667%; height: 93px;\" width=\"94\"><p>Undtagelser er um\u00e6rkelige for brugerne<\/p><\/td><td style=\"width: 16.6667%; height: 93px;\" width=\"94\"><p>20m<\/p><\/td><td style=\"width: 16.6667%; height: 93px;\" width=\"94\"><p>30 dage<\/p><\/td><td style=\"width: 16.6667%; height: 93px;\" width=\"94\"><p>90 dage<\/p><\/td><\/tr><\/tbody><\/table><table style=\"height: 50px; width: 59.3929%; border-color: #000000;\"><tbody><tr style=\"height: 10px;\"><td style=\"width: 11.4068%; height: 10px;\" width=\"94\">\u00a0<\/td><td style=\"width: 20.5359%; height: 10px;\" width=\"94\">\u00a0<\/td><td style=\"width: 20.3386%; height: 10px;\" width=\"94\">\u00a0<\/td><td style=\"width: 14.9959%; height: 10px;\" width=\"94\">\u00a0<\/td><td style=\"width: 15.5875%; height: 10px;\" width=\"94\">\u00a0<\/td><td style=\"width: 5.61151%; height: 10px;\" width=\"94\">\u00a0<\/td><\/tr><tr style=\"height: 10px;\"><td style=\"width: 11.4068%; height: 10px;\" width=\"94\">\u00a0<\/td><td style=\"width: 20.5359%; height: 10px;\" width=\"94\">\u00a0<\/td><td style=\"width: 20.3386%; height: 10px;\" width=\"94\">\u00a0<\/td><td style=\"width: 14.9959%; height: 10px;\" width=\"94\">\u00a0<\/td><td style=\"width: 15.5875%; height: 10px;\" width=\"94\">\u00a0<\/td><td style=\"width: 5.61151%; height: 10px;\" width=\"94\">\u00a0<\/td><\/tr><tr style=\"height: 10px;\"><td style=\"width: 11.4068%; height: 10px;\" width=\"94\">\u00a0<\/td><td style=\"width: 20.5359%; height: 10px;\" width=\"94\">\u00a0<\/td><td style=\"width: 20.3386%; height: 10px;\" width=\"94\">\u00a0<\/td><td style=\"width: 14.9959%; height: 10px;\" width=\"94\">\u00a0<\/td><td style=\"width: 15.5875%; height: 10px;\" width=\"94\">\u00a0<\/td><td style=\"width: 5.61151%; height: 10px;\" width=\"94\">\u00a0<\/td><\/tr><tr style=\"height: 10px;\"><td style=\"width: 11.4068%; height: 10px;\" width=\"94\">\u00a0<\/td><td style=\"width: 20.5359%; height: 10px;\" width=\"94\">\u00a0<\/td><td style=\"width: 20.3386%; height: 10px;\" width=\"94\">\u00a0<\/td><td style=\"width: 14.9959%; height: 10px;\" width=\"94\">\u00a0<\/td><td style=\"width: 15.5875%; height: 10px;\" width=\"94\">\u00a0<\/td><td style=\"width: 5.61151%; height: 10px;\" width=\"94\">\u00a0<\/td><\/tr><tr style=\"height: 10px;\"><td style=\"width: 11.4068%; height: 10px;\" width=\"94\">\u00a0<\/td><td style=\"width: 20.5359%; height: 10px;\" width=\"94\">\u00a0<\/td><td style=\"width: 20.3386%; height: 10px;\" width=\"94\">\u00a0<\/td><td style=\"width: 14.9959%; height: 10px;\" width=\"94\">\u00a0<\/td><td style=\"width: 15.5875%; height: 10px;\" width=\"94\">\u00a0<\/td><td style=\"width: 5.61151%; height: 10px;\" width=\"94\">\u00a0<\/td><\/tr><\/tbody><\/table><p>Bem\u00e6rk: Ovenn\u00e6vnte svartider og h\u00e5ndteringstider er defineret for hvert serviceniveau. &quot;N\u00f8dresponstid&quot; refererer til den tid, inden for hvilken en reaktion vil blive iv\u00e6rksat for at l\u00f8se et problem, mens &quot;Systemgendannelsestid&quot; refererer til den tid, det tager at gendanne systemet fuldt ud og genoprette normal drift efter en h\u00e6ndelse.<\/p><\/div><\/div>\t\t\t\t\t\t<\/div>\n\t\t\t\t<\/div>\n\t\t\t\t\t<\/div>\n\t\t<\/div>\n\t\t\t\t\t\t\t<\/div>\n\t\t<\/section>\n\t\t\t\t\t\t\t<\/div>","protected":false},"excerpt":{"rendered":"<p>At Beny: \u00a0we prioritize and uphold responsible disclosure and handling of vulnerabilities, while deeply valuing the contributions of all security researchers. If you come across any vulnerability, we encourage you to promptly report it to Beny@zjbeny.com. Rest assured, our team will diligently follow up on your report and provide timely feedback. To safeguard the security [&hellip;]<\/p>","protected":false},"author":3,"featured_media":0,"parent":0,"menu_order":46,"comment_status":"closed","ping_status":"closed","template":"","meta":{"footnotes":""},"class_list":["post-5131","page","type-page","status-publish","hentry"],"acf":[],"yoast_head":"<!-- This site is optimized with the Yoast SEO plugin v27.4 - https:\/\/yoast.com\/product\/yoast-seo-wordpress\/ -->\n<title>Terms &amp; Conditions |evB<\/title>\n<meta name=\"description\" content=\"Review the terms and conditions that evB applies with every transaction. We\u2019re the leading brand for eco-friendly and energy-saving EV chargers.\" \/>\n<meta name=\"robots\" content=\"index, follow, max-snippet:-1, max-image-preview:large, max-video-preview:-1\" \/>\n<link rel=\"canonical\" href=\"https:\/\/www.evb.com\/da\/terms-and-conditions-2\/\" \/>\n<meta property=\"og:locale\" content=\"da_DK\" \/>\n<meta property=\"og:type\" content=\"article\" \/>\n<meta property=\"og:title\" content=\"Terms &amp; Conditions |evB\" \/>\n<meta property=\"og:description\" content=\"Review the terms and conditions that evB applies with every transaction. We\u2019re the leading brand for eco-friendly and energy-saving EV chargers.\" \/>\n<meta property=\"og:url\" content=\"https:\/\/www.evb.com\/da\/terms-and-conditions-2\/\" \/>\n<meta property=\"og:site_name\" content=\"EVB\" \/>\n<meta property=\"article:modified_time\" content=\"2023-11-24T07:16:48+00:00\" \/>\n<meta name=\"twitter:card\" content=\"summary_large_image\" \/>\n<meta name=\"twitter:label1\" content=\"Estimeret l\u00e6setid\" \/>\n\t<meta name=\"twitter:data1\" content=\"4 minutter\" \/>\n<script type=\"application\/ld+json\" class=\"yoast-schema-graph\">{\"@context\":\"https:\\\/\\\/schema.org\",\"@graph\":[{\"@type\":\"WebPage\",\"@id\":\"https:\\\/\\\/www.evb.com\\\/terms-and-conditions-2\\\/\",\"url\":\"https:\\\/\\\/www.evb.com\\\/terms-and-conditions-2\\\/\",\"name\":\"Terms & Conditions |evB\",\"isPartOf\":{\"@id\":\"https:\\\/\\\/www.evb.com\\\/#website\"},\"datePublished\":\"2023-07-28T05:39:53+00:00\",\"dateModified\":\"2023-11-24T07:16:48+00:00\",\"description\":\"Review the terms and conditions that evB applies with every transaction. We\u2019re the leading brand for eco-friendly and energy-saving EV chargers.\",\"breadcrumb\":{\"@id\":\"https:\\\/\\\/www.evb.com\\\/terms-and-conditions-2\\\/#breadcrumb\"},\"inLanguage\":\"da-DK\",\"potentialAction\":[{\"@type\":\"ReadAction\",\"target\":[\"https:\\\/\\\/www.evb.com\\\/terms-and-conditions-2\\\/\"]}]},{\"@type\":\"BreadcrumbList\",\"@id\":\"https:\\\/\\\/www.evb.com\\\/terms-and-conditions-2\\\/#breadcrumb\",\"itemListElement\":[{\"@type\":\"ListItem\",\"position\":1,\"name\":\"Home\",\"item\":\"https:\\\/\\\/www.evb.com\\\/\"},{\"@type\":\"ListItem\",\"position\":2,\"name\":\"Beny Network Security Vulnerability Management\"}]},{\"@type\":\"WebSite\",\"@id\":\"https:\\\/\\\/www.evb.com\\\/#website\",\"url\":\"https:\\\/\\\/www.evb.com\\\/\",\"name\":\"EVB\",\"description\":\"Smart EV Charging &amp; Energy Storage Solutions\",\"publisher\":{\"@id\":\"https:\\\/\\\/www.evb.com\\\/#organization\"},\"potentialAction\":[{\"@type\":\"SearchAction\",\"target\":{\"@type\":\"EntryPoint\",\"urlTemplate\":\"https:\\\/\\\/www.evb.com\\\/?s={search_term_string}\"},\"query-input\":{\"@type\":\"PropertyValueSpecification\",\"valueRequired\":true,\"valueName\":\"search_term_string\"}}],\"inLanguage\":\"da-DK\"},{\"@type\":\"Organization\",\"@id\":\"https:\\\/\\\/www.evb.com\\\/#organization\",\"name\":\"EVB\",\"url\":\"https:\\\/\\\/www.evb.com\\\/\",\"logo\":{\"@type\":\"ImageObject\",\"inLanguage\":\"da-DK\",\"@id\":\"https:\\\/\\\/www.evb.com\\\/#\\\/schema\\\/logo\\\/image\\\/\",\"url\":\"https:\\\/\\\/www.evb.com\\\/wp-content\\\/uploads\\\/2021\\\/03\\\/evb-3.png\",\"contentUrl\":\"https:\\\/\\\/www.evb.com\\\/wp-content\\\/uploads\\\/2021\\\/03\\\/evb-3.png\",\"width\":605,\"height\":626,\"caption\":\"EVB\"},\"image\":{\"@id\":\"https:\\\/\\\/www.evb.com\\\/#\\\/schema\\\/logo\\\/image\\\/\"}}]}<\/script>\n<!-- \/ Yoast SEO plugin. -->","yoast_head_json":{"title":"Terms & Conditions |evB","description":"Review the terms and conditions that evB applies with every transaction. We\u2019re the leading brand for eco-friendly and energy-saving EV chargers.","robots":{"index":"index","follow":"follow","max-snippet":"max-snippet:-1","max-image-preview":"max-image-preview:large","max-video-preview":"max-video-preview:-1"},"canonical":"https:\/\/www.evb.com\/da\/terms-and-conditions-2\/","og_locale":"da_DK","og_type":"article","og_title":"Terms & Conditions |evB","og_description":"Review the terms and conditions that evB applies with every transaction. We\u2019re the leading brand for eco-friendly and energy-saving EV chargers.","og_url":"https:\/\/www.evb.com\/da\/terms-and-conditions-2\/","og_site_name":"EVB","article_modified_time":"2023-11-24T07:16:48+00:00","twitter_card":"summary_large_image","twitter_misc":{"Estimeret l\u00e6setid":"4 minutter"},"schema":{"@context":"https:\/\/schema.org","@graph":[{"@type":"WebPage","@id":"https:\/\/www.evb.com\/terms-and-conditions-2\/","url":"https:\/\/www.evb.com\/terms-and-conditions-2\/","name":"Terms & Conditions |evB","isPartOf":{"@id":"https:\/\/www.evb.com\/#website"},"datePublished":"2023-07-28T05:39:53+00:00","dateModified":"2023-11-24T07:16:48+00:00","description":"Review the terms and conditions that evB applies with every transaction. We\u2019re the leading brand for eco-friendly and energy-saving EV chargers.","breadcrumb":{"@id":"https:\/\/www.evb.com\/terms-and-conditions-2\/#breadcrumb"},"inLanguage":"da-DK","potentialAction":[{"@type":"ReadAction","target":["https:\/\/www.evb.com\/terms-and-conditions-2\/"]}]},{"@type":"BreadcrumbList","@id":"https:\/\/www.evb.com\/terms-and-conditions-2\/#breadcrumb","itemListElement":[{"@type":"ListItem","position":1,"name":"Home","item":"https:\/\/www.evb.com\/"},{"@type":"ListItem","position":2,"name":"Beny Network Security Vulnerability Management"}]},{"@type":"WebSite","@id":"https:\/\/www.evb.com\/#website","url":"https:\/\/www.evb.com\/","name":"EVB","description":"Smart EV Charging &amp; Energy Storage Solutions","publisher":{"@id":"https:\/\/www.evb.com\/#organization"},"potentialAction":[{"@type":"SearchAction","target":{"@type":"EntryPoint","urlTemplate":"https:\/\/www.evb.com\/?s={search_term_string}"},"query-input":{"@type":"PropertyValueSpecification","valueRequired":true,"valueName":"search_term_string"}}],"inLanguage":"da-DK"},{"@type":"Organization","@id":"https:\/\/www.evb.com\/#organization","name":"EVB","url":"https:\/\/www.evb.com\/","logo":{"@type":"ImageObject","inLanguage":"da-DK","@id":"https:\/\/www.evb.com\/#\/schema\/logo\/image\/","url":"https:\/\/www.evb.com\/wp-content\/uploads\/2021\/03\/evb-3.png","contentUrl":"https:\/\/www.evb.com\/wp-content\/uploads\/2021\/03\/evb-3.png","width":605,"height":626,"caption":"EVB"},"image":{"@id":"https:\/\/www.evb.com\/#\/schema\/logo\/image\/"}}]}},"_links":{"self":[{"href":"https:\/\/www.evb.com\/da\/wp-json\/wp\/v2\/pages\/5131","targetHints":{"allow":["GET"]}}],"collection":[{"href":"https:\/\/www.evb.com\/da\/wp-json\/wp\/v2\/pages"}],"about":[{"href":"https:\/\/www.evb.com\/da\/wp-json\/wp\/v2\/types\/page"}],"author":[{"embeddable":true,"href":"https:\/\/www.evb.com\/da\/wp-json\/wp\/v2\/users\/3"}],"replies":[{"embeddable":true,"href":"https:\/\/www.evb.com\/da\/wp-json\/wp\/v2\/comments?post=5131"}],"version-history":[{"count":11,"href":"https:\/\/www.evb.com\/da\/wp-json\/wp\/v2\/pages\/5131\/revisions"}],"predecessor-version":[{"id":5155,"href":"https:\/\/www.evb.com\/da\/wp-json\/wp\/v2\/pages\/5131\/revisions\/5155"}],"wp:attachment":[{"href":"https:\/\/www.evb.com\/da\/wp-json\/wp\/v2\/media?parent=5131"}],"curies":[{"name":"wp","href":"https:\/\/api.w.org\/{rel}","templated":true}]}}