{"id":5131,"date":"2023-07-28T13:39:53","date_gmt":"2023-07-28T05:39:53","guid":{"rendered":"https:\/\/www.evb.com\/?page_id=5131"},"modified":"2023-11-24T15:16:48","modified_gmt":"2023-11-24T07:16:48","slug":"terms-and-conditions-2","status":"publish","type":"page","link":"https:\/\/www.evb.com\/de\/allgemeine-geschaftsbedingungen-2\/","title":{"rendered":"Beny Netzwerksicherheit Schwachstellenmanagement"},"content":{"rendered":"<div data-elementor-type=\"wp-page\" data-elementor-id=\"5131\" class=\"elementor elementor-5131\">\n\t\t\t\t\t\t\t\t\t<section class=\"elementor-section elementor-top-section elementor-element elementor-element-c2d4c78 elementor-section-full_width elementor-section-height-default elementor-section-height-default\" data-id=\"c2d4c78\" data-element_type=\"section\">\n\t\t\t\t\t\t<div class=\"elementor-container elementor-column-gap-no\">\n\t\t\t\t\t<div class=\"elementor-column elementor-col-100 elementor-top-column elementor-element elementor-element-46cb3ae\" data-id=\"46cb3ae\" data-element_type=\"column\">\n\t\t\t<div class=\"elementor-widget-wrap elementor-element-populated\">\n\t\t\t\t\t\t\t\t<div class=\"elementor-element elementor-element-b68fd46 elementor-widget elementor-widget-template\" data-id=\"b68fd46\" data-element_type=\"widget\" data-widget_type=\"template.default\">\n\t\t\t\t<div class=\"elementor-widget-container\">\n\t\t\t\t\t<div class=\"elementor-template\">\n\t\t\t\t\t<div data-elementor-type=\"section\" data-elementor-id=\"1378\" class=\"elementor elementor-1378\">\n\t\t\t\t\t\t\t\t<section class=\"elementor-section elementor-top-section elementor-element elementor-element-9498546 elementor-section-full_width elementor-section-height-default elementor-section-height-default\" data-id=\"9498546\" data-element_type=\"section\" data-settings=\"{&quot;background_background&quot;:&quot;gradient&quot;}\">\n\t\t\t\t\t\t\t<div class=\"elementor-background-overlay\"><\/div>\n\t\t\t\t\t\t\t<div class=\"elementor-container elementor-column-gap-default\">\n\t\t\t\t\t<div class=\"elementor-column elementor-col-100 elementor-top-column elementor-element elementor-element-cd2b9d8\" data-id=\"cd2b9d8\" data-element_type=\"column\">\n\t\t\t<div class=\"elementor-widget-wrap elementor-element-populated\">\n\t\t\t\t\t\t\t\t<section class=\"elementor-section elementor-inner-section elementor-element elementor-element-c2108f3 elementor-section-content-middle elementor-section-boxed elementor-section-height-default elementor-section-height-default\" data-id=\"c2108f3\" data-element_type=\"section\" data-settings=\"{&quot;background_background&quot;:&quot;classic&quot;}\">\n\t\t\t\t\t\t<div class=\"elementor-container elementor-column-gap-default\">\n\t\t\t\t\t<div class=\"elementor-column elementor-col-50 elementor-inner-column elementor-element elementor-element-7e5d22e\" data-id=\"7e5d22e\" data-element_type=\"column\">\n\t\t\t<div class=\"elementor-widget-wrap elementor-element-populated\">\n\t\t\t\t\t\t\t\t<div class=\"elementor-element elementor-element-19b2314 elementor-widget elementor-widget-MML Breadcrumbs\" data-id=\"19b2314\" data-element_type=\"widget\" data-settings=\"{&quot;breadcrumbs_type&quot;:&quot;post_type&quot;}\" data-widget_type=\"MML Breadcrumbs.default\">\n\t\t\t\t<div class=\"elementor-widget-container\">\n\t\t\t<ul class=\"pp-breadcrumbs pp-breadcrumbs-powerpack\">        <li class=\"pp-breadcrumbs-item pp-breadcrumbs-item-home\">\n            <a class=\"pp-breadcrumbs-crumb pp-breadcrumbs-crumb-link pp-breadcrumbs-crumb-home\" href=\"https:\/\/www.evb.com\/de\" title=\"Heim\">\n\t\t\t\t<span class=\"pp-breadcrumbs-text\">\n\t\t\t\t\t                        <span class=\"pp-icon\">\n\t\t\t\t\t\t\t<i aria-hidden=\"true\" class=\"fas fa-home\"><\/i>\t\t\t\t\t\t<\/span>\n                                        Heim\t\t\t\t<\/span>\n            <\/a>\n        <\/li>\n        <li class=\"pp-breadcrumbs-separator\">                <span class='pp-separator-icon pp-icon'>\n\t\t\t\t\t<i aria-hidden=\"true\" class=\"fas fa-angle-right\"><\/i>\t\t\t\t<\/span>\n                <\/li><\/ul>\t\t<\/div>\n\t\t\t\t<\/div>\n\t\t\t\t<div class=\"elementor-element elementor-element-ec79451 elementor-widget elementor-widget-heading\" data-id=\"ec79451\" data-element_type=\"widget\" data-widget_type=\"heading.default\">\n\t\t\t\t<div class=\"elementor-widget-container\">\n\t\t\t<h1 class=\"elementor-heading-title elementor-size-default\">Beny Netzwerksicherheit Schwachstellenmanagement<\/h1>\t\t<\/div>\n\t\t\t\t<\/div>\n\t\t\t\t<div class=\"elementor-element elementor-element-58ab215 elementor-widget elementor-widget-text-editor\" data-id=\"58ab215\" data-element_type=\"widget\" data-widget_type=\"text-editor.default\">\n\t\t\t\t<div class=\"elementor-widget-container\">\n\t\t\t\t\t\t\t\t\t\t\t\t\t<\/div>\n\t\t\t\t<\/div>\n\t\t\t\t\t<\/div>\n\t\t<\/div>\n\t\t\t\t<div class=\"elementor-column elementor-col-50 elementor-inner-column elementor-element elementor-element-a88edc3\" data-id=\"a88edc3\" data-element_type=\"column\">\n\t\t\t<div class=\"elementor-widget-wrap\">\n\t\t\t\t\t\t\t\t\t<\/div>\n\t\t<\/div>\n\t\t\t\t\t\t\t<\/div>\n\t\t<\/section>\n\t\t\t\t\t<\/div>\n\t\t<\/div>\n\t\t\t\t\t\t\t<\/div>\n\t\t<\/section>\n\t\t\t\t\t\t<\/div>\n\t\t\t\t<\/div>\n\t\t\t\t<\/div>\n\t\t\t\t<\/div>\n\t\t\t\t\t<\/div>\n\t\t<\/div>\n\t\t\t\t\t\t\t<\/div>\n\t\t<\/section>\n\t\t\t\t<section class=\"elementor-section elementor-top-section elementor-element elementor-element-7edacd2 elementor-section-boxed elementor-section-height-default elementor-section-height-default\" data-id=\"7edacd2\" data-element_type=\"section\">\n\t\t\t\t\t\t<div class=\"elementor-container elementor-column-gap-default\">\n\t\t\t\t\t<div class=\"elementor-column elementor-col-100 elementor-top-column elementor-element elementor-element-683cf09\" data-id=\"683cf09\" data-element_type=\"column\">\n\t\t\t<div class=\"elementor-widget-wrap elementor-element-populated\">\n\t\t\t\t\t\t\t\t<div class=\"elementor-element elementor-element-906b9d0 elementor-widget elementor-widget-text-editor\" data-id=\"906b9d0\" data-element_type=\"widget\" data-widget_type=\"text-editor.default\">\n\t\t\t\t<div class=\"elementor-widget-container\">\n\t\t\t\t\t\t\t<div><div><p><strong><span style=\"font-size: 18pt;\"><span style=\"background-color: var( --e-global-color-f62ae9d ); color: var( --e-global-color-298168f );\">Bei Beny<\/span>:<\/span><\/strong><\/p><p>\u00a0Wir legen Wert auf die verantwortungsvolle Offenlegung und Handhabung von Schwachstellen und sch\u00e4tzen die Beitr\u00e4ge aller Sicherheitsforscher sehr. Wenn Sie auf eine Schwachstelle sto\u00dfen, bitten wir Sie, diese umgehend an Beny@zjbeny.com zu melden. Seien Sie versichert, dass unser Team Ihren Bericht sorgf\u00e4ltig pr\u00fcfen und Ihnen zeitnah Feedback geben wird. Um die Sicherheit unserer Benutzer und Unternehmen zu gew\u00e4hrleisten, bitten wir Sie, die Schwachstelle nicht offenzulegen oder weiterzugeben, bis sie wirksam behoben wurde.<\/p><p><strong><span style=\"font-size: 18pt;\">Handhabungsprozess:<\/span><\/strong><\/p><ol><li>W\u00e4hrend des Produktbetriebs entdeckte Netzwerksicherheitsprobleme werden Beny direkt per E-Mail an Beny@zjbeny.com gemeldet.<\/li><li>Nach Erhalt des Problems organisiert Beny umgehend ein Forschungs- und Entwicklungsteam, um eine Problemanalyse durchzuf\u00fchren und innerhalb von 72 Stunden einen Problemanalysebericht und eine L\u00f6sung bereitzustellen.<\/li><li>W\u00e4hrend der gesamten Dauer der L\u00f6sung des Netzwerksicherheitsvorfalls stellt Benywill dem entsprechenden Personal w\u00f6chentlich Fortschrittsberichte zur Verf\u00fcgung und l\u00e4sst die Verantwortlichen aller relevanten Teams den \u201eVorfall\u00fcberpr\u00fcfungsbericht\u201c \u00fcberpr\u00fcfen, um den Abschluss der Vorfallbearbeitungsarbeiten zu best\u00e4tigen.<\/li><li>Nachdem die neue Software von der Softwaretestabteilung ohne Probleme getestet wurde, wird ein Testbericht bereitgestellt. Basierend auf dem Testbericht entscheidet die Forschungs- und Entwicklungsabteilung, ob ein Upgrade erforderlich ist. Wenn ein Upgrade erforderlich ist, gibt das Forschungs- und Entwicklungsteam dem Kundendienstteam eine Empfehlung f\u00fcr einen Versionsupgradeplan. Nach der Genehmigung durch das Kundendienstteam f\u00fchren beide Teams gemeinsam das Softwareupgrade f\u00fcr Betriebsterminals und Produktionshardware durch.<\/li><li>Nach Abschluss des Upgrades f\u00fchrt das F&amp;E-Team eine umfassende Pr\u00fcfung des Vorfalls durch und erstellt einen \u201eVorfallpr\u00fcfungsbericht\u201c (einschlie\u00dflich der Ermittlung der Problemursache, der Ma\u00dfnahmen zur Problembehebung und der nachfolgenden Verbesserungsma\u00dfnahmen).<\/li><li>W\u00e4hrend der gesamten L\u00f6sung des Netzwerksicherheitsvorfalls informiert das Forschungs- und Entwicklungsteam die entsprechenden Mitarbeiter t\u00e4glich \u00fcber den Fortschritt und die Verantwortlichen aller relevanten Teams \u00fcberpr\u00fcfen den \u201eVorfall\u00fcberpr\u00fcfungsbericht\u201c, um den Abschluss der Vorfallbehandlung zu best\u00e4tigen.<\/li><li>Die ersten Reaktionszeiten werden auf Grundlage der ver\u00f6ffentlichten Richtlinie zur Offenlegung von Sicherheitsl\u00fccken definiert. Normalerweise wird innerhalb von 90 Tagen nach Erhalt des Sicherheitsl\u00fcckenberichts ein Fix oder eine Warnung ver\u00f6ffentlicht. Sobald ein Fix ver\u00f6ffentlicht wurde, wird die Warnung zur\u00fcckgezogen.<\/li><\/ol><p><strong><span style=\"font-size: 18pt;\">Reaktions- und Bearbeitungszeiten<\/span><\/strong><\/p><table style=\"height: 565px; width: 100%; border-collapse: collapse; border-color: #000000;\" border=\"1\"><tbody><tr style=\"height: 72px;\"><td style=\"width: 16.6667%; height: 72px;\">Service-Ebene<\/td><td style=\"width: 16.6667%; height: 72px;\">Ebenenname<\/td><td style=\"width: 16.6667%; height: 72px;\">Leveldefinition<\/td><td style=\"width: 16.6667%; height: 72px;\">Service-Level-Vereinbarung<\/td><td style=\"width: 16.6667%; height: 72px;\">Reaktionszeit im Notfall<\/td><td style=\"width: 16.6667%; height: 72px;\">Systemwiederherstellungszeit<\/td><\/tr><tr style=\"height: 144px;\"><td style=\"width: 16.6667%; height: 144px;\">L0<\/td><td style=\"width: 16.6667%; height: 144px;\">Kernleistungen<\/td><td style=\"width: 16.6667%; height: 144px;\">Alle Ausnahmen wirken sich auf alle prim\u00e4ren Gesch\u00e4ftst\u00e4tigkeiten aus<\/td><td style=\"width: 16.6667%; height: 144px;\">20 m<\/td><td style=\"width: 16.6667%; height: 144px;\">7 Tage<\/td><td style=\"width: 16.6667%; height: 144px;\">30 Tage<\/td><\/tr><tr style=\"height: 128px;\"><td style=\"width: 16.6667%; height: 128px;\" width=\"94\"><p>L1<\/p><\/td><td style=\"width: 16.6667%; height: 128px;\" width=\"94\"><p>Kritische Dienste<\/p><\/td><td style=\"width: 16.6667%; height: 128px;\" width=\"94\"><p>Ausnahmen werden sich auf den Gesch\u00e4ftsbetrieb einiger Zweigstellen auswirken<\/p><\/td><td style=\"width: 16.6667%; height: 128px;\" width=\"94\"><p>20 m<\/p><\/td><td style=\"width: 16.6667%; height: 128px;\" width=\"94\"><p>10 Tage<\/p><\/td><td style=\"width: 16.6667%; height: 128px;\" width=\"94\"><p>30 Tage<\/p><\/td><\/tr><tr style=\"height: 128px;\"><td style=\"width: 16.6667%; height: 128px;\" width=\"94\"><p>L2<\/p><\/td><td style=\"width: 16.6667%; height: 128px;\" width=\"94\"><p>Allgemeine Dienstleistungen<\/p><\/td><td style=\"width: 16.6667%; height: 128px;\" width=\"94\"><p>Ausnahmen haben keine Auswirkungen auf wichtige Gesch\u00e4ftsprozesse<\/p><\/td><td style=\"width: 16.6667%; height: 128px;\" width=\"94\"><p>20 m<\/p><\/td><td style=\"width: 16.6667%; height: 128px;\" width=\"94\"><p>15 Tage<\/p><\/td><td style=\"width: 16.6667%; height: 128px;\" width=\"94\"><p>60 Tage<\/p><\/td><\/tr><tr style=\"height: 93px;\"><td style=\"width: 16.6667%; height: 93px;\" width=\"94\"><p>Stufe 3<\/p><\/td><td style=\"width: 16.6667%; height: 93px;\" width=\"94\"><p>Zus\u00e4tzliche Services<\/p><\/td><td style=\"width: 16.6667%; height: 93px;\" width=\"94\"><p>Ausnahmen sind f\u00fcr Benutzer nicht wahrnehmbar<\/p><\/td><td style=\"width: 16.6667%; height: 93px;\" width=\"94\"><p>20 m<\/p><\/td><td style=\"width: 16.6667%; height: 93px;\" width=\"94\"><p>30 Tage<\/p><\/td><td style=\"width: 16.6667%; height: 93px;\" width=\"94\"><p>90 Tage<\/p><\/td><\/tr><\/tbody><\/table><table style=\"height: 50px; width: 59.3929%; border-color: #000000;\"><tbody><tr style=\"height: 10px;\"><td style=\"width: 11.4068%; height: 10px;\" width=\"94\">\u00a0<\/td><td style=\"width: 20.5359%; height: 10px;\" width=\"94\">\u00a0<\/td><td style=\"width: 20.3386%; height: 10px;\" width=\"94\">\u00a0<\/td><td style=\"width: 14.9959%; height: 10px;\" width=\"94\">\u00a0<\/td><td style=\"width: 15.5875%; height: 10px;\" width=\"94\">\u00a0<\/td><td style=\"width: 5.61151%; height: 10px;\" width=\"94\">\u00a0<\/td><\/tr><tr style=\"height: 10px;\"><td style=\"width: 11.4068%; height: 10px;\" width=\"94\">\u00a0<\/td><td style=\"width: 20.5359%; height: 10px;\" width=\"94\">\u00a0<\/td><td style=\"width: 20.3386%; height: 10px;\" width=\"94\">\u00a0<\/td><td style=\"width: 14.9959%; height: 10px;\" width=\"94\">\u00a0<\/td><td style=\"width: 15.5875%; height: 10px;\" width=\"94\">\u00a0<\/td><td style=\"width: 5.61151%; height: 10px;\" width=\"94\">\u00a0<\/td><\/tr><tr style=\"height: 10px;\"><td style=\"width: 11.4068%; height: 10px;\" width=\"94\">\u00a0<\/td><td style=\"width: 20.5359%; height: 10px;\" width=\"94\">\u00a0<\/td><td style=\"width: 20.3386%; height: 10px;\" width=\"94\">\u00a0<\/td><td style=\"width: 14.9959%; height: 10px;\" width=\"94\">\u00a0<\/td><td style=\"width: 15.5875%; height: 10px;\" width=\"94\">\u00a0<\/td><td style=\"width: 5.61151%; height: 10px;\" width=\"94\">\u00a0<\/td><\/tr><tr style=\"height: 10px;\"><td style=\"width: 11.4068%; height: 10px;\" width=\"94\">\u00a0<\/td><td style=\"width: 20.5359%; height: 10px;\" width=\"94\">\u00a0<\/td><td style=\"width: 20.3386%; height: 10px;\" width=\"94\">\u00a0<\/td><td style=\"width: 14.9959%; height: 10px;\" width=\"94\">\u00a0<\/td><td style=\"width: 15.5875%; height: 10px;\" width=\"94\">\u00a0<\/td><td style=\"width: 5.61151%; height: 10px;\" width=\"94\">\u00a0<\/td><\/tr><tr style=\"height: 10px;\"><td style=\"width: 11.4068%; height: 10px;\" width=\"94\">\u00a0<\/td><td style=\"width: 20.5359%; height: 10px;\" width=\"94\">\u00a0<\/td><td style=\"width: 20.3386%; height: 10px;\" width=\"94\">\u00a0<\/td><td style=\"width: 14.9959%; height: 10px;\" width=\"94\">\u00a0<\/td><td style=\"width: 15.5875%; height: 10px;\" width=\"94\">\u00a0<\/td><td style=\"width: 5.61151%; height: 10px;\" width=\"94\">\u00a0<\/td><\/tr><\/tbody><\/table><p>Hinweis: Die oben genannten Reaktions- und Bearbeitungszeiten sind f\u00fcr jedes Servicelevel definiert. Die \u201eNotfallreaktionszeit\u201c bezieht sich auf die Zeit, innerhalb derer eine Reaktion zur Behebung eines Problems eingeleitet wird, w\u00e4hrend die \u201eSystemwiederherstellungszeit\u201c sich auf die Zeit bezieht, die ben\u00f6tigt wird, um das System nach einem Vorfall vollst\u00e4ndig wiederherzustellen und den normalen Betrieb wieder aufzunehmen.<\/p><\/div><\/div>\t\t\t\t\t\t<\/div>\n\t\t\t\t<\/div>\n\t\t\t\t\t<\/div>\n\t\t<\/div>\n\t\t\t\t\t\t\t<\/div>\n\t\t<\/section>\n\t\t\t\t\t\t\t<\/div>","protected":false},"excerpt":{"rendered":"<p>Bei Beny legen wir Wert auf die verantwortungsvolle Offenlegung und Handhabung von Schwachstellen und sch\u00e4tzen die Beitr\u00e4ge aller Sicherheitsforscher sehr. Wenn Sie auf eine Schwachstelle sto\u00dfen, bitten wir Sie, diese umgehend an Beny@zjbeny.com zu melden. Seien Sie versichert, dass unser Team Ihren Bericht gewissenhaft pr\u00fcfen und Ihnen zeitnah Feedback geben wird. Um die Sicherheit zu gew\u00e4hrleisten [\u2026]<\/p>","protected":false},"author":3,"featured_media":0,"parent":0,"menu_order":46,"comment_status":"closed","ping_status":"closed","template":"","meta":{"footnotes":""},"class_list":["post-5131","page","type-page","status-publish","hentry"],"acf":[],"yoast_head":"<!-- This site is optimized with the Yoast SEO plugin v21.1 - https:\/\/yoast.com\/wordpress\/plugins\/seo\/ -->\n<title>Terms &amp; Conditions |evB<\/title>\n<meta name=\"description\" content=\"Review the terms and conditions that evB applies with every transaction. We\u2019re the leading brand for eco-friendly and energy-saving EV chargers.\" \/>\n<meta name=\"robots\" content=\"index, follow, max-snippet:-1, max-image-preview:large, max-video-preview:-1\" \/>\n<link rel=\"canonical\" href=\"https:\/\/www.evb.com\/de\/allgemeine-geschaftsbedingungen-2\/\" \/>\n<meta property=\"og:locale\" content=\"de_DE\" \/>\n<meta property=\"og:type\" content=\"article\" \/>\n<meta property=\"og:title\" content=\"Terms &amp; Conditions |evB\" \/>\n<meta property=\"og:description\" content=\"Review the terms and conditions that evB applies with every transaction. We\u2019re the leading brand for eco-friendly and energy-saving EV chargers.\" \/>\n<meta property=\"og:url\" content=\"https:\/\/www.evb.com\/de\/allgemeine-geschaftsbedingungen-2\/\" \/>\n<meta property=\"og:site_name\" content=\"home\" \/>\n<meta property=\"article:modified_time\" content=\"2023-11-24T07:16:48+00:00\" \/>\n<meta name=\"twitter:card\" content=\"summary_large_image\" \/>\n<meta name=\"twitter:label1\" content=\"Gesch\u00e4tzte Lesezeit\" \/>\n\t<meta name=\"twitter:data1\" content=\"4\u00a0Minuten\" \/>\n<script type=\"application\/ld+json\" class=\"yoast-schema-graph\">{\"@context\":\"https:\/\/schema.org\",\"@graph\":[{\"@type\":\"WebPage\",\"@id\":\"https:\/\/www.evb.com\/terms-and-conditions-2\/\",\"url\":\"https:\/\/www.evb.com\/terms-and-conditions-2\/\",\"name\":\"Terms & Conditions |evB\",\"isPartOf\":{\"@id\":\"https:\/\/www.evb.com\/#website\"},\"datePublished\":\"2023-07-28T05:39:53+00:00\",\"dateModified\":\"2023-11-24T07:16:48+00:00\",\"description\":\"Review the terms and conditions that evB applies with every transaction. We\u2019re the leading brand for eco-friendly and energy-saving EV chargers.\",\"breadcrumb\":{\"@id\":\"https:\/\/www.evb.com\/terms-and-conditions-2\/#breadcrumb\"},\"inLanguage\":\"de\",\"potentialAction\":[{\"@type\":\"ReadAction\",\"target\":[\"https:\/\/www.evb.com\/terms-and-conditions-2\/\"]}]},{\"@type\":\"BreadcrumbList\",\"@id\":\"https:\/\/www.evb.com\/terms-and-conditions-2\/#breadcrumb\",\"itemListElement\":[{\"@type\":\"ListItem\",\"position\":1,\"name\":\"Home\",\"item\":\"https:\/\/www.evb.com\/\"},{\"@type\":\"ListItem\",\"position\":2,\"name\":\"Beny Network Security Vulnerability Management\"}]},{\"@type\":\"WebSite\",\"@id\":\"https:\/\/www.evb.com\/#website\",\"url\":\"https:\/\/www.evb.com\/\",\"name\":\"home\",\"description\":\"homepage\",\"publisher\":{\"@id\":\"https:\/\/www.evb.com\/#organization\"},\"potentialAction\":[{\"@type\":\"SearchAction\",\"target\":{\"@type\":\"EntryPoint\",\"urlTemplate\":\"https:\/\/www.evb.com\/?s={search_term_string}\"},\"query-input\":\"required name=search_term_string\"}],\"inLanguage\":\"de\"},{\"@type\":\"Organization\",\"@id\":\"https:\/\/www.evb.com\/#organization\",\"name\":\"home\",\"url\":\"https:\/\/www.evb.com\/\",\"logo\":{\"@type\":\"ImageObject\",\"inLanguage\":\"de\",\"@id\":\"https:\/\/www.evb.com\/#\/schema\/logo\/image\/\",\"url\":\"https:\/\/www.evb.com\/wp-content\/uploads\/2021\/03\/evb-3.png\",\"contentUrl\":\"https:\/\/www.evb.com\/wp-content\/uploads\/2021\/03\/evb-3.png\",\"width\":605,\"height\":626,\"caption\":\"home\"},\"image\":{\"@id\":\"https:\/\/www.evb.com\/#\/schema\/logo\/image\/\"}}]}<\/script>\n<!-- \/ Yoast SEO plugin. -->","yoast_head_json":{"title":"Terms & Conditions |evB","description":"Review the terms and conditions that evB applies with every transaction. We\u2019re the leading brand for eco-friendly and energy-saving EV chargers.","robots":{"index":"index","follow":"follow","max-snippet":"max-snippet:-1","max-image-preview":"max-image-preview:large","max-video-preview":"max-video-preview:-1"},"canonical":"https:\/\/www.evb.com\/de\/allgemeine-geschaftsbedingungen-2\/","og_locale":"de_DE","og_type":"article","og_title":"Terms & Conditions |evB","og_description":"Review the terms and conditions that evB applies with every transaction. We\u2019re the leading brand for eco-friendly and energy-saving EV chargers.","og_url":"https:\/\/www.evb.com\/de\/allgemeine-geschaftsbedingungen-2\/","og_site_name":"home","article_modified_time":"2023-11-24T07:16:48+00:00","twitter_card":"summary_large_image","twitter_misc":{"Gesch\u00e4tzte Lesezeit":"4\u00a0Minuten"},"schema":{"@context":"https:\/\/schema.org","@graph":[{"@type":"WebPage","@id":"https:\/\/www.evb.com\/terms-and-conditions-2\/","url":"https:\/\/www.evb.com\/terms-and-conditions-2\/","name":"Terms & Conditions |evB","isPartOf":{"@id":"https:\/\/www.evb.com\/#website"},"datePublished":"2023-07-28T05:39:53+00:00","dateModified":"2023-11-24T07:16:48+00:00","description":"Review the terms and conditions that evB applies with every transaction. We\u2019re the leading brand for eco-friendly and energy-saving EV chargers.","breadcrumb":{"@id":"https:\/\/www.evb.com\/terms-and-conditions-2\/#breadcrumb"},"inLanguage":"de","potentialAction":[{"@type":"ReadAction","target":["https:\/\/www.evb.com\/terms-and-conditions-2\/"]}]},{"@type":"BreadcrumbList","@id":"https:\/\/www.evb.com\/terms-and-conditions-2\/#breadcrumb","itemListElement":[{"@type":"ListItem","position":1,"name":"Home","item":"https:\/\/www.evb.com\/"},{"@type":"ListItem","position":2,"name":"Beny Network Security Vulnerability Management"}]},{"@type":"WebSite","@id":"https:\/\/www.evb.com\/#website","url":"https:\/\/www.evb.com\/","name":"home","description":"homepage","publisher":{"@id":"https:\/\/www.evb.com\/#organization"},"potentialAction":[{"@type":"SearchAction","target":{"@type":"EntryPoint","urlTemplate":"https:\/\/www.evb.com\/?s={search_term_string}"},"query-input":"required name=search_term_string"}],"inLanguage":"de"},{"@type":"Organization","@id":"https:\/\/www.evb.com\/#organization","name":"home","url":"https:\/\/www.evb.com\/","logo":{"@type":"ImageObject","inLanguage":"de","@id":"https:\/\/www.evb.com\/#\/schema\/logo\/image\/","url":"https:\/\/www.evb.com\/wp-content\/uploads\/2021\/03\/evb-3.png","contentUrl":"https:\/\/www.evb.com\/wp-content\/uploads\/2021\/03\/evb-3.png","width":605,"height":626,"caption":"home"},"image":{"@id":"https:\/\/www.evb.com\/#\/schema\/logo\/image\/"}}]}},"_links":{"self":[{"href":"https:\/\/www.evb.com\/de\/wp-json\/wp\/v2\/pages\/5131","targetHints":{"allow":["GET"]}}],"collection":[{"href":"https:\/\/www.evb.com\/de\/wp-json\/wp\/v2\/pages"}],"about":[{"href":"https:\/\/www.evb.com\/de\/wp-json\/wp\/v2\/types\/page"}],"author":[{"embeddable":true,"href":"https:\/\/www.evb.com\/de\/wp-json\/wp\/v2\/users\/3"}],"replies":[{"embeddable":true,"href":"https:\/\/www.evb.com\/de\/wp-json\/wp\/v2\/comments?post=5131"}],"version-history":[{"count":11,"href":"https:\/\/www.evb.com\/de\/wp-json\/wp\/v2\/pages\/5131\/revisions"}],"predecessor-version":[{"id":5155,"href":"https:\/\/www.evb.com\/de\/wp-json\/wp\/v2\/pages\/5131\/revisions\/5155"}],"wp:attachment":[{"href":"https:\/\/www.evb.com\/de\/wp-json\/wp\/v2\/media?parent=5131"}],"curies":[{"name":"wp","href":"https:\/\/api.w.org\/{rel}","templated":true}]}}