{"id":5131,"date":"2023-07-28T13:39:53","date_gmt":"2023-07-28T05:39:53","guid":{"rendered":"https:\/\/www.evb.com\/?page_id=5131"},"modified":"2023-11-24T15:16:48","modified_gmt":"2023-11-24T07:16:48","slug":"terms-and-conditions-2","status":"publish","type":"page","link":"https:\/\/www.evb.com\/es\/terminos-y-condiciones-2\/","title":{"rendered":"Gesti\u00f3n de vulnerabilidades de seguridad de red de Beny"},"content":{"rendered":"<div data-elementor-type=\"wp-page\" data-elementor-id=\"5131\" class=\"elementor elementor-5131\">\n\t\t\t\t\t\t\t\t\t<section class=\"elementor-section elementor-top-section elementor-element elementor-element-c2d4c78 elementor-section-full_width elementor-section-height-default elementor-section-height-default\" data-id=\"c2d4c78\" data-element_type=\"section\">\n\t\t\t\t\t\t<div class=\"elementor-container elementor-column-gap-no\">\n\t\t\t\t\t<div class=\"elementor-column elementor-col-100 elementor-top-column elementor-element elementor-element-46cb3ae\" data-id=\"46cb3ae\" data-element_type=\"column\">\n\t\t\t<div class=\"elementor-widget-wrap elementor-element-populated\">\n\t\t\t\t\t\t\t\t<div class=\"elementor-element elementor-element-b68fd46 elementor-widget elementor-widget-template\" data-id=\"b68fd46\" data-element_type=\"widget\" data-widget_type=\"template.default\">\n\t\t\t\t<div class=\"elementor-widget-container\">\n\t\t\t\t\t<div class=\"elementor-template\">\n\t\t\t\t\t<div data-elementor-type=\"section\" data-elementor-id=\"1378\" class=\"elementor elementor-1378\">\n\t\t\t\t\t\t\t\t<section class=\"elementor-section elementor-top-section elementor-element elementor-element-9498546 elementor-section-full_width elementor-section-height-default elementor-section-height-default\" data-id=\"9498546\" data-element_type=\"section\" data-settings=\"{&quot;background_background&quot;:&quot;gradient&quot;}\">\n\t\t\t\t\t\t\t<div class=\"elementor-background-overlay\"><\/div>\n\t\t\t\t\t\t\t<div class=\"elementor-container elementor-column-gap-default\">\n\t\t\t\t\t<div class=\"elementor-column elementor-col-100 elementor-top-column elementor-element elementor-element-cd2b9d8\" data-id=\"cd2b9d8\" data-element_type=\"column\">\n\t\t\t<div class=\"elementor-widget-wrap elementor-element-populated\">\n\t\t\t\t\t\t\t\t<section class=\"elementor-section elementor-inner-section elementor-element elementor-element-c2108f3 elementor-section-content-middle elementor-section-boxed elementor-section-height-default elementor-section-height-default\" data-id=\"c2108f3\" data-element_type=\"section\" data-settings=\"{&quot;background_background&quot;:&quot;classic&quot;}\">\n\t\t\t\t\t\t<div class=\"elementor-container elementor-column-gap-default\">\n\t\t\t\t\t<div class=\"elementor-column elementor-col-50 elementor-inner-column elementor-element elementor-element-7e5d22e\" data-id=\"7e5d22e\" data-element_type=\"column\">\n\t\t\t<div class=\"elementor-widget-wrap elementor-element-populated\">\n\t\t\t\t\t\t\t\t<div class=\"elementor-element elementor-element-19b2314 elementor-widget elementor-widget-MML Breadcrumbs\" data-id=\"19b2314\" data-element_type=\"widget\" data-settings=\"{&quot;breadcrumbs_type&quot;:&quot;post_type&quot;}\" data-widget_type=\"MML Breadcrumbs.default\">\n\t\t\t\t<div class=\"elementor-widget-container\">\n\t\t\t<ul class=\"pp-breadcrumbs pp-breadcrumbs-powerpack\">        <li class=\"pp-breadcrumbs-item pp-breadcrumbs-item-home\">\n            <a class=\"pp-breadcrumbs-crumb pp-breadcrumbs-crumb-link pp-breadcrumbs-crumb-home\" href=\"https:\/\/www.evb.com\/es\" title=\"Hogar\">\n\t\t\t\t<span class=\"pp-breadcrumbs-text\">\n\t\t\t\t\t                        <span class=\"pp-icon\">\n\t\t\t\t\t\t\t<i aria-hidden=\"true\" class=\"fas fa-home\"><\/i>\t\t\t\t\t\t<\/span>\n                                        Hogar\t\t\t\t<\/span>\n            <\/a>\n        <\/li>\n        <li class=\"pp-breadcrumbs-separator\">                <span class='pp-separator-icon pp-icon'>\n\t\t\t\t\t<i aria-hidden=\"true\" class=\"fas fa-angle-right\"><\/i>\t\t\t\t<\/span>\n                <\/li><\/ul>\t\t<\/div>\n\t\t\t\t<\/div>\n\t\t\t\t<div class=\"elementor-element elementor-element-ec79451 elementor-widget elementor-widget-heading\" data-id=\"ec79451\" data-element_type=\"widget\" data-widget_type=\"heading.default\">\n\t\t\t\t<div class=\"elementor-widget-container\">\n\t\t\t<h1 class=\"elementor-heading-title elementor-size-default\">Gesti\u00f3n de vulnerabilidades de seguridad de red de Beny<\/h1>\t\t<\/div>\n\t\t\t\t<\/div>\n\t\t\t\t<div class=\"elementor-element elementor-element-58ab215 elementor-widget elementor-widget-text-editor\" data-id=\"58ab215\" data-element_type=\"widget\" data-widget_type=\"text-editor.default\">\n\t\t\t\t<div class=\"elementor-widget-container\">\n\t\t\t\t\t\t\t\t\t\t\t\t\t<\/div>\n\t\t\t\t<\/div>\n\t\t\t\t\t<\/div>\n\t\t<\/div>\n\t\t\t\t<div class=\"elementor-column elementor-col-50 elementor-inner-column elementor-element elementor-element-a88edc3\" data-id=\"a88edc3\" data-element_type=\"column\">\n\t\t\t<div class=\"elementor-widget-wrap\">\n\t\t\t\t\t\t\t\t\t<\/div>\n\t\t<\/div>\n\t\t\t\t\t\t\t<\/div>\n\t\t<\/section>\n\t\t\t\t\t<\/div>\n\t\t<\/div>\n\t\t\t\t\t\t\t<\/div>\n\t\t<\/section>\n\t\t\t\t\t\t<\/div>\n\t\t\t\t<\/div>\n\t\t\t\t<\/div>\n\t\t\t\t<\/div>\n\t\t\t\t\t<\/div>\n\t\t<\/div>\n\t\t\t\t\t\t\t<\/div>\n\t\t<\/section>\n\t\t\t\t<section class=\"elementor-section elementor-top-section elementor-element elementor-element-7edacd2 elementor-section-boxed elementor-section-height-default elementor-section-height-default\" data-id=\"7edacd2\" data-element_type=\"section\">\n\t\t\t\t\t\t<div class=\"elementor-container elementor-column-gap-default\">\n\t\t\t\t\t<div class=\"elementor-column elementor-col-100 elementor-top-column elementor-element elementor-element-683cf09\" data-id=\"683cf09\" data-element_type=\"column\">\n\t\t\t<div class=\"elementor-widget-wrap elementor-element-populated\">\n\t\t\t\t\t\t\t\t<div class=\"elementor-element elementor-element-906b9d0 elementor-widget elementor-widget-text-editor\" data-id=\"906b9d0\" data-element_type=\"widget\" data-widget_type=\"text-editor.default\">\n\t\t\t\t<div class=\"elementor-widget-container\">\n\t\t\t\t\t\t\t<div><div><p><strong><span style=\"font-size: 18pt;\"><span style=\"background-color: var( --e-global-color-f62ae9d ); color: var( --e-global-color-298168f );\">En Beny<\/span>:<\/span><\/strong><\/p><p>\u00a0Priorizamos y defendemos la divulgaci\u00f3n y el manejo responsable de las vulnerabilidades, al mismo tiempo que valoramos profundamente las contribuciones de todos los investigadores de seguridad. Si encuentra alguna vulnerabilidad, le recomendamos que la informe de inmediato a Beny@zjbeny.com. Tenga la seguridad de que nuestro equipo har\u00e1 un seguimiento diligente de su informe y le proporcionar\u00e1 comentarios oportunos. Para salvaguardar la seguridad de nuestros usuarios y empresas, le solicitamos que se abstenga de divulgar o compartir la vulnerabilidad hasta que se haya abordado y resuelto de manera efectiva.<\/p><p><strong><span style=\"font-size: 18pt;\">Proceso de manipulaci\u00f3n:<\/span><\/strong><\/p><ol><li>Los problemas de seguridad de la red descubiertos durante el funcionamiento del producto se informar\u00e1n directamente a Beny mediante correo electr\u00f3nico a Beny@zjbeny.com.<\/li><li>Al recibir el problema, Benywill organizar\u00e1 r\u00e1pidamente el equipo de I+D para realizar un an\u00e1lisis del problema y proporcionar un informe de an\u00e1lisis del problema y una soluci\u00f3n dentro de las 72 horas.<\/li><li>Durante la resoluci\u00f3n del incidente de seguridad de la red, Beny proporcionar\u00e1 actualizaciones semanales del progreso al personal relevante y har\u00e1 que las personas responsables de todos los equipos relevantes revisen el \u201cInforme de revisi\u00f3n del incidente\u201d para indicar la finalizaci\u00f3n del trabajo de manejo del incidente.<\/li><li>Una vez que el Departamento de Pruebas de Software haya probado el nuevo software sin ning\u00fan problema, se proporcionar\u00e1 un informe de prueba. Con base en el informe de prueba, el Departamento de I+D decidir\u00e1 si es necesaria una actualizaci\u00f3n. Si es necesaria una actualizaci\u00f3n, el equipo de I+D proporcionar\u00e1 una recomendaci\u00f3n de plan de actualizaci\u00f3n de versi\u00f3n al equipo de servicio al cliente. Despu\u00e9s de obtener la aprobaci\u00f3n del equipo de servicio al cliente, ambos equipos completar\u00e1n conjuntamente la actualizaci\u00f3n de software para terminales operativas y hardware de producci\u00f3n.<\/li><li>Una vez finalizada la actualizaci\u00f3n, el equipo de I+D dirigir\u00e1 una revisi\u00f3n exhaustiva del incidente y elaborar\u00e1 un \u201cInforme de revisi\u00f3n del incidente\u201d (que incluye el seguimiento de la causa del problema, las medidas de manejo y las medidas de mejora de seguimiento).<\/li><li>Durante la resoluci\u00f3n del incidente de seguridad de la red, el equipo de I+D proporcionar\u00e1 actualizaciones diarias sobre el progreso al personal relevante, y las personas responsables de todos los equipos relevantes revisar\u00e1n el \u201cInforme de revisi\u00f3n del incidente\u201d para indicar la finalizaci\u00f3n del manejo del incidente.<\/li><li>Los tiempos de respuesta iniciales se definen en funci\u00f3n de la pol\u00edtica de divulgaci\u00f3n de vulnerabilidades publicada. Por lo general, se publicar\u00e1 una correcci\u00f3n o advertencia dentro de los 90 d\u00edas posteriores a la recepci\u00f3n del informe de vulnerabilidad. Una vez que se haya publicado una correcci\u00f3n, se retirar\u00e1 la advertencia.<\/li><\/ol><p><strong><span style=\"font-size: 18pt;\">Tiempos de respuesta y manejo<\/span><\/strong><\/p><table style=\"height: 565px; width: 100%; border-collapse: collapse; border-color: #000000;\" border=\"1\"><tbody><tr style=\"height: 72px;\"><td style=\"width: 16.6667%; height: 72px;\">Nivel de servicio<\/td><td style=\"width: 16.6667%; height: 72px;\">Nombre del nivel<\/td><td style=\"width: 16.6667%; height: 72px;\">Definici\u00f3n de nivel<\/td><td style=\"width: 16.6667%; height: 72px;\">Acuerdo de nivel de servicio<\/td><td style=\"width: 16.6667%; height: 72px;\">Tiempo de respuesta ante emergencias<\/td><td style=\"width: 16.6667%; height: 72px;\">Tiempo de recuperaci\u00f3n del sistema<\/td><\/tr><tr style=\"height: 144px;\"><td style=\"width: 16.6667%; height: 144px;\">L0<\/td><td style=\"width: 16.6667%; height: 144px;\">Servicios b\u00e1sicos<\/td><td style=\"width: 16.6667%; height: 144px;\">Cualquier excepci\u00f3n afectar\u00e1 a todas las operaciones comerciales principales.<\/td><td style=\"width: 16.6667%; height: 144px;\">20 metros<\/td><td style=\"width: 16.6667%; height: 144px;\">7d<\/td><td style=\"width: 16.6667%; height: 144px;\">30d<\/td><\/tr><tr style=\"height: 128px;\"><td style=\"width: 16.6667%; height: 128px;\" width=\"94\"><p>L1<\/p><\/td><td style=\"width: 16.6667%; height: 128px;\" width=\"94\"><p>Servicios cr\u00edticos<\/p><\/td><td style=\"width: 16.6667%; height: 128px;\" width=\"94\"><p>Las excepciones afectar\u00e1n algunas operaciones comerciales de las sucursales<\/p><\/td><td style=\"width: 16.6667%; height: 128px;\" width=\"94\"><p>20 metros<\/p><\/td><td style=\"width: 16.6667%; height: 128px;\" width=\"94\"><p>10d<\/p><\/td><td style=\"width: 16.6667%; height: 128px;\" width=\"94\"><p>30d<\/p><\/td><\/tr><tr style=\"height: 128px;\"><td style=\"width: 16.6667%; height: 128px;\" width=\"94\"><p>L2<\/p><\/td><td style=\"width: 16.6667%; height: 128px;\" width=\"94\"><p>Servicios generales<\/p><\/td><td style=\"width: 16.6667%; height: 128px;\" width=\"94\"><p>Las excepciones no afectar\u00e1n los principales procesos comerciales.<\/p><\/td><td style=\"width: 16.6667%; height: 128px;\" width=\"94\"><p>20 metros<\/p><\/td><td style=\"width: 16.6667%; height: 128px;\" width=\"94\"><p>15d<\/p><\/td><td style=\"width: 16.6667%; height: 128px;\" width=\"94\"><p>60d<\/p><\/td><\/tr><tr style=\"height: 93px;\"><td style=\"width: 16.6667%; height: 93px;\" width=\"94\"><p>Nivel 3<\/p><\/td><td style=\"width: 16.6667%; height: 93px;\" width=\"94\"><p>Servicios adicionales<\/p><\/td><td style=\"width: 16.6667%; height: 93px;\" width=\"94\"><p>Las excepciones son imperceptibles para los usuarios.<\/p><\/td><td style=\"width: 16.6667%; height: 93px;\" width=\"94\"><p>20 metros<\/p><\/td><td style=\"width: 16.6667%; height: 93px;\" width=\"94\"><p>30d<\/p><\/td><td style=\"width: 16.6667%; height: 93px;\" width=\"94\"><p>90d<\/p><\/td><\/tr><\/tbody><\/table><table style=\"height: 50px; width: 59.3929%; border-color: #000000;\"><tbody><tr style=\"height: 10px;\"><td style=\"width: 11.4068%; height: 10px;\" width=\"94\">\u00a0<\/td><td style=\"width: 20.5359%; height: 10px;\" width=\"94\">\u00a0<\/td><td style=\"width: 20.3386%; height: 10px;\" width=\"94\">\u00a0<\/td><td style=\"width: 14.9959%; height: 10px;\" width=\"94\">\u00a0<\/td><td style=\"width: 15.5875%; height: 10px;\" width=\"94\">\u00a0<\/td><td style=\"width: 5.61151%; height: 10px;\" width=\"94\">\u00a0<\/td><\/tr><tr style=\"height: 10px;\"><td style=\"width: 11.4068%; height: 10px;\" width=\"94\">\u00a0<\/td><td style=\"width: 20.5359%; height: 10px;\" width=\"94\">\u00a0<\/td><td style=\"width: 20.3386%; height: 10px;\" width=\"94\">\u00a0<\/td><td style=\"width: 14.9959%; height: 10px;\" width=\"94\">\u00a0<\/td><td style=\"width: 15.5875%; height: 10px;\" width=\"94\">\u00a0<\/td><td style=\"width: 5.61151%; height: 10px;\" width=\"94\">\u00a0<\/td><\/tr><tr style=\"height: 10px;\"><td style=\"width: 11.4068%; height: 10px;\" width=\"94\">\u00a0<\/td><td style=\"width: 20.5359%; height: 10px;\" width=\"94\">\u00a0<\/td><td style=\"width: 20.3386%; height: 10px;\" width=\"94\">\u00a0<\/td><td style=\"width: 14.9959%; height: 10px;\" width=\"94\">\u00a0<\/td><td style=\"width: 15.5875%; height: 10px;\" width=\"94\">\u00a0<\/td><td style=\"width: 5.61151%; height: 10px;\" width=\"94\">\u00a0<\/td><\/tr><tr style=\"height: 10px;\"><td style=\"width: 11.4068%; height: 10px;\" width=\"94\">\u00a0<\/td><td style=\"width: 20.5359%; height: 10px;\" width=\"94\">\u00a0<\/td><td style=\"width: 20.3386%; height: 10px;\" width=\"94\">\u00a0<\/td><td style=\"width: 14.9959%; height: 10px;\" width=\"94\">\u00a0<\/td><td style=\"width: 15.5875%; height: 10px;\" width=\"94\">\u00a0<\/td><td style=\"width: 5.61151%; height: 10px;\" width=\"94\">\u00a0<\/td><\/tr><tr style=\"height: 10px;\"><td style=\"width: 11.4068%; height: 10px;\" width=\"94\">\u00a0<\/td><td style=\"width: 20.5359%; height: 10px;\" width=\"94\">\u00a0<\/td><td style=\"width: 20.3386%; height: 10px;\" width=\"94\">\u00a0<\/td><td style=\"width: 14.9959%; height: 10px;\" width=\"94\">\u00a0<\/td><td style=\"width: 15.5875%; height: 10px;\" width=\"94\">\u00a0<\/td><td style=\"width: 5.61151%; height: 10px;\" width=\"94\">\u00a0<\/td><\/tr><\/tbody><\/table><p>Nota: Los tiempos de respuesta y manejo mencionados anteriormente se definen para cada nivel de servicio. El \u201cTiempo de respuesta de emergencia\u201d se refiere al tiempo dentro del cual se iniciar\u00e1 una respuesta para abordar un problema, mientras que el \u201cTiempo de recuperaci\u00f3n del sistema\u201d se refiere al tiempo que tomar\u00e1 recuperar completamente el sistema y restablecer las operaciones normales despu\u00e9s de un incidente.<\/p><\/div><\/div>\t\t\t\t\t\t<\/div>\n\t\t\t\t<\/div>\n\t\t\t\t\t<\/div>\n\t\t<\/div>\n\t\t\t\t\t\t\t<\/div>\n\t\t<\/section>\n\t\t\t\t\t\t\t<\/div>","protected":false},"excerpt":{"rendered":"<p>En Beny: priorizamos y defendemos la divulgaci\u00f3n y el manejo responsable de las vulnerabilidades, al mismo tiempo que valoramos profundamente las contribuciones de todos los investigadores de seguridad. Si encuentra alguna vulnerabilidad, lo alentamos a que la informe de inmediato a Beny@zjbeny.com. Tenga la seguridad de que nuestro equipo har\u00e1 un seguimiento diligente de su informe y le brindar\u00e1 comentarios oportunos. Para salvaguardar la seguridad [\u2026]<\/p>","protected":false},"author":3,"featured_media":0,"parent":0,"menu_order":46,"comment_status":"closed","ping_status":"closed","template":"","meta":{"footnotes":""},"class_list":["post-5131","page","type-page","status-publish","hentry"],"acf":[],"yoast_head":"<!-- This site is optimized with the Yoast SEO plugin v27.4 - https:\/\/yoast.com\/product\/yoast-seo-wordpress\/ -->\n<title>Terms &amp; Conditions |evB<\/title>\n<meta name=\"description\" content=\"Review the terms and conditions that evB applies with every transaction. We\u2019re the leading brand for eco-friendly and energy-saving EV chargers.\" \/>\n<meta name=\"robots\" content=\"index, follow, max-snippet:-1, max-image-preview:large, max-video-preview:-1\" \/>\n<link rel=\"canonical\" href=\"https:\/\/www.evb.com\/es\/terminos-y-condiciones-2\/\" \/>\n<meta property=\"og:locale\" content=\"es_ES\" \/>\n<meta property=\"og:type\" content=\"article\" \/>\n<meta property=\"og:title\" content=\"Terms &amp; Conditions |evB\" \/>\n<meta property=\"og:description\" content=\"Review the terms and conditions that evB applies with every transaction. We\u2019re the leading brand for eco-friendly and energy-saving EV chargers.\" \/>\n<meta property=\"og:url\" content=\"https:\/\/www.evb.com\/es\/terminos-y-condiciones-2\/\" \/>\n<meta property=\"og:site_name\" content=\"EVB\" \/>\n<meta property=\"article:modified_time\" content=\"2023-11-24T07:16:48+00:00\" \/>\n<meta name=\"twitter:card\" content=\"summary_large_image\" \/>\n<meta name=\"twitter:label1\" content=\"Tiempo de lectura\" \/>\n\t<meta name=\"twitter:data1\" content=\"4 minutos\" \/>\n<script type=\"application\/ld+json\" class=\"yoast-schema-graph\">{\"@context\":\"https:\\\/\\\/schema.org\",\"@graph\":[{\"@type\":\"WebPage\",\"@id\":\"https:\\\/\\\/www.evb.com\\\/terms-and-conditions-2\\\/\",\"url\":\"https:\\\/\\\/www.evb.com\\\/terms-and-conditions-2\\\/\",\"name\":\"Terms & Conditions |evB\",\"isPartOf\":{\"@id\":\"https:\\\/\\\/www.evb.com\\\/#website\"},\"datePublished\":\"2023-07-28T05:39:53+00:00\",\"dateModified\":\"2023-11-24T07:16:48+00:00\",\"description\":\"Review the terms and conditions that evB applies with every transaction. We\u2019re the leading brand for eco-friendly and energy-saving EV chargers.\",\"breadcrumb\":{\"@id\":\"https:\\\/\\\/www.evb.com\\\/terms-and-conditions-2\\\/#breadcrumb\"},\"inLanguage\":\"es\",\"potentialAction\":[{\"@type\":\"ReadAction\",\"target\":[\"https:\\\/\\\/www.evb.com\\\/terms-and-conditions-2\\\/\"]}]},{\"@type\":\"BreadcrumbList\",\"@id\":\"https:\\\/\\\/www.evb.com\\\/terms-and-conditions-2\\\/#breadcrumb\",\"itemListElement\":[{\"@type\":\"ListItem\",\"position\":1,\"name\":\"Home\",\"item\":\"https:\\\/\\\/www.evb.com\\\/\"},{\"@type\":\"ListItem\",\"position\":2,\"name\":\"Beny Network Security Vulnerability Management\"}]},{\"@type\":\"WebSite\",\"@id\":\"https:\\\/\\\/www.evb.com\\\/#website\",\"url\":\"https:\\\/\\\/www.evb.com\\\/\",\"name\":\"EVB\",\"description\":\"Smart EV Charging &amp; Energy Storage Solutions\",\"publisher\":{\"@id\":\"https:\\\/\\\/www.evb.com\\\/#organization\"},\"potentialAction\":[{\"@type\":\"SearchAction\",\"target\":{\"@type\":\"EntryPoint\",\"urlTemplate\":\"https:\\\/\\\/www.evb.com\\\/?s={search_term_string}\"},\"query-input\":{\"@type\":\"PropertyValueSpecification\",\"valueRequired\":true,\"valueName\":\"search_term_string\"}}],\"inLanguage\":\"es\"},{\"@type\":\"Organization\",\"@id\":\"https:\\\/\\\/www.evb.com\\\/#organization\",\"name\":\"EVB\",\"url\":\"https:\\\/\\\/www.evb.com\\\/\",\"logo\":{\"@type\":\"ImageObject\",\"inLanguage\":\"es\",\"@id\":\"https:\\\/\\\/www.evb.com\\\/#\\\/schema\\\/logo\\\/image\\\/\",\"url\":\"https:\\\/\\\/www.evb.com\\\/wp-content\\\/uploads\\\/2021\\\/03\\\/evb-3.png\",\"contentUrl\":\"https:\\\/\\\/www.evb.com\\\/wp-content\\\/uploads\\\/2021\\\/03\\\/evb-3.png\",\"width\":605,\"height\":626,\"caption\":\"EVB\"},\"image\":{\"@id\":\"https:\\\/\\\/www.evb.com\\\/#\\\/schema\\\/logo\\\/image\\\/\"}}]}<\/script>\n<!-- \/ Yoast SEO plugin. -->","yoast_head_json":{"title":"Terms & Conditions |evB","description":"Review the terms and conditions that evB applies with every transaction. We\u2019re the leading brand for eco-friendly and energy-saving EV chargers.","robots":{"index":"index","follow":"follow","max-snippet":"max-snippet:-1","max-image-preview":"max-image-preview:large","max-video-preview":"max-video-preview:-1"},"canonical":"https:\/\/www.evb.com\/es\/terminos-y-condiciones-2\/","og_locale":"es_ES","og_type":"article","og_title":"Terms & Conditions |evB","og_description":"Review the terms and conditions that evB applies with every transaction. We\u2019re the leading brand for eco-friendly and energy-saving EV chargers.","og_url":"https:\/\/www.evb.com\/es\/terminos-y-condiciones-2\/","og_site_name":"EVB","article_modified_time":"2023-11-24T07:16:48+00:00","twitter_card":"summary_large_image","twitter_misc":{"Tiempo de lectura":"4 minutos"},"schema":{"@context":"https:\/\/schema.org","@graph":[{"@type":"WebPage","@id":"https:\/\/www.evb.com\/terms-and-conditions-2\/","url":"https:\/\/www.evb.com\/terms-and-conditions-2\/","name":"Terms & Conditions |evB","isPartOf":{"@id":"https:\/\/www.evb.com\/#website"},"datePublished":"2023-07-28T05:39:53+00:00","dateModified":"2023-11-24T07:16:48+00:00","description":"Review the terms and conditions that evB applies with every transaction. We\u2019re the leading brand for eco-friendly and energy-saving EV chargers.","breadcrumb":{"@id":"https:\/\/www.evb.com\/terms-and-conditions-2\/#breadcrumb"},"inLanguage":"es","potentialAction":[{"@type":"ReadAction","target":["https:\/\/www.evb.com\/terms-and-conditions-2\/"]}]},{"@type":"BreadcrumbList","@id":"https:\/\/www.evb.com\/terms-and-conditions-2\/#breadcrumb","itemListElement":[{"@type":"ListItem","position":1,"name":"Home","item":"https:\/\/www.evb.com\/"},{"@type":"ListItem","position":2,"name":"Beny Network Security Vulnerability Management"}]},{"@type":"WebSite","@id":"https:\/\/www.evb.com\/#website","url":"https:\/\/www.evb.com\/","name":"EVB","description":"Smart EV Charging &amp; Energy Storage Solutions","publisher":{"@id":"https:\/\/www.evb.com\/#organization"},"potentialAction":[{"@type":"SearchAction","target":{"@type":"EntryPoint","urlTemplate":"https:\/\/www.evb.com\/?s={search_term_string}"},"query-input":{"@type":"PropertyValueSpecification","valueRequired":true,"valueName":"search_term_string"}}],"inLanguage":"es"},{"@type":"Organization","@id":"https:\/\/www.evb.com\/#organization","name":"EVB","url":"https:\/\/www.evb.com\/","logo":{"@type":"ImageObject","inLanguage":"es","@id":"https:\/\/www.evb.com\/#\/schema\/logo\/image\/","url":"https:\/\/www.evb.com\/wp-content\/uploads\/2021\/03\/evb-3.png","contentUrl":"https:\/\/www.evb.com\/wp-content\/uploads\/2021\/03\/evb-3.png","width":605,"height":626,"caption":"EVB"},"image":{"@id":"https:\/\/www.evb.com\/#\/schema\/logo\/image\/"}}]}},"_links":{"self":[{"href":"https:\/\/www.evb.com\/es\/wp-json\/wp\/v2\/pages\/5131","targetHints":{"allow":["GET"]}}],"collection":[{"href":"https:\/\/www.evb.com\/es\/wp-json\/wp\/v2\/pages"}],"about":[{"href":"https:\/\/www.evb.com\/es\/wp-json\/wp\/v2\/types\/page"}],"author":[{"embeddable":true,"href":"https:\/\/www.evb.com\/es\/wp-json\/wp\/v2\/users\/3"}],"replies":[{"embeddable":true,"href":"https:\/\/www.evb.com\/es\/wp-json\/wp\/v2\/comments?post=5131"}],"version-history":[{"count":11,"href":"https:\/\/www.evb.com\/es\/wp-json\/wp\/v2\/pages\/5131\/revisions"}],"predecessor-version":[{"id":5155,"href":"https:\/\/www.evb.com\/es\/wp-json\/wp\/v2\/pages\/5131\/revisions\/5155"}],"wp:attachment":[{"href":"https:\/\/www.evb.com\/es\/wp-json\/wp\/v2\/media?parent=5131"}],"curies":[{"name":"wp","href":"https:\/\/api.w.org\/{rel}","templated":true}]}}