{"id":8272,"date":"2023-11-22T13:09:28","date_gmt":"2023-11-22T05:09:28","guid":{"rendered":"https:\/\/www.evb.com\/?page_id=8272"},"modified":"2023-11-24T15:16:01","modified_gmt":"2023-11-24T07:16:01","slug":"update-notification","status":"publish","type":"page","link":"https:\/\/www.evb.com\/es\/notificacion-de-actualizacion\/","title":{"rendered":"Notificaci\u00f3n de actualizaci\u00f3n"},"content":{"rendered":"<div data-elementor-type=\"wp-page\" data-elementor-id=\"8272\" class=\"elementor elementor-8272\">\n\t\t\t\t\t\t\t\t\t<section class=\"elementor-section elementor-top-section elementor-element elementor-element-0f2d016 elementor-section-height-min-height elementor-section-boxed elementor-section-height-default elementor-section-items-middle\" data-id=\"0f2d016\" data-element_type=\"section\" data-settings=\"{&quot;background_background&quot;:&quot;classic&quot;}\">\n\t\t\t\t\t\t<div class=\"elementor-container elementor-column-gap-default\">\n\t\t\t\t\t<div class=\"elementor-column elementor-col-100 elementor-top-column elementor-element elementor-element-c472ca3\" data-id=\"c472ca3\" data-element_type=\"column\">\n\t\t\t<div class=\"elementor-widget-wrap elementor-element-populated\">\n\t\t\t\t\t\t\t\t<div class=\"elementor-element elementor-element-487441a elementor-widget elementor-widget-MML Breadcrumbs\" data-id=\"487441a\" data-element_type=\"widget\" data-settings=\"{&quot;breadcrumbs_type&quot;:&quot;page&quot;}\" data-widget_type=\"MML Breadcrumbs.default\">\n\t\t\t\t<div class=\"elementor-widget-container\">\n\t\t\t<ul class=\"pp-breadcrumbs pp-breadcrumbs-powerpack\">        <li class=\"pp-breadcrumbs-item pp-breadcrumbs-item-home\">\n            <a class=\"pp-breadcrumbs-crumb pp-breadcrumbs-crumb-link pp-breadcrumbs-crumb-home\" href=\"https:\/\/www.evb.com\/es\" title=\"Hogar\">\n\t\t\t\t<span class=\"pp-breadcrumbs-text\">\n\t\t\t\t\t                        <span class=\"pp-icon\">\n\t\t\t\t\t\t\t<i aria-hidden=\"true\" class=\"fas fa-home\"><\/i>\t\t\t\t\t\t<\/span>\n                                        Hogar\t\t\t\t<\/span>\n            <\/a>\n        <\/li>\n        <li class=\"pp-breadcrumbs-separator\">                <span class='pp-separator-icon pp-icon'>\n\t\t\t\t\t<i aria-hidden=\"true\" class=\"fas fa-angle-right\"><\/i>\t\t\t\t<\/span>\n                <\/li><\/ul>\t\t<\/div>\n\t\t\t\t<\/div>\n\t\t\t\t<div class=\"elementor-element elementor-element-b4b051a elementor-widget elementor-widget-heading\" data-id=\"b4b051a\" data-element_type=\"widget\" data-widget_type=\"heading.default\">\n\t\t\t\t<div class=\"elementor-widget-container\">\n\t\t\t<h2 class=\"elementor-heading-title elementor-size-default\">NOTICIAS<\/h2>\t\t<\/div>\n\t\t\t\t<\/div>\n\t\t\t\t\t<\/div>\n\t\t<\/div>\n\t\t\t\t\t\t\t<\/div>\n\t\t<\/section>\n\t\t\t\t<section class=\"elementor-section elementor-top-section elementor-element elementor-element-5941478 elementor-section-boxed elementor-section-height-default elementor-section-height-default\" data-id=\"5941478\" data-element_type=\"section\" data-settings=\"{&quot;background_background&quot;:&quot;classic&quot;}\">\n\t\t\t\t\t\t<div class=\"elementor-container elementor-column-gap-default\">\n\t\t\t\t\t<div class=\"elementor-column elementor-col-25 elementor-top-column elementor-element elementor-element-c15427f\" data-id=\"c15427f\" data-element_type=\"column\">\n\t\t\t<div class=\"elementor-widget-wrap elementor-element-populated\">\n\t\t\t\t\t\t\t\t<div class=\"elementor-element elementor-element-8365b3f elementor-align-center elementor-widget elementor-widget-button\" data-id=\"8365b3f\" data-element_type=\"widget\" data-widget_type=\"button.default\">\n\t\t\t\t<div class=\"elementor-widget-container\">\n\t\t\t\t\t<div class=\"elementor-button-wrapper\">\n\t\t\t<a class=\"elementor-button elementor-button-link elementor-size-sm\" href=\"https:\/\/www.evb.com\/es\/noticias-de-la-industria\/\">\n\t\t\t\t\t\t<span class=\"elementor-button-content-wrapper\">\n\t\t\t\t\t\t<span class=\"elementor-button-text\">Noticias de la industria<\/span>\n\t\t<\/span>\n\t\t\t\t\t<\/a>\n\t\t<\/div>\n\t\t\t\t<\/div>\n\t\t\t\t<\/div>\n\t\t\t\t\t<\/div>\n\t\t<\/div>\n\t\t\t\t<div class=\"elementor-column elementor-col-25 elementor-top-column elementor-element elementor-element-3fbec44\" data-id=\"3fbec44\" data-element_type=\"column\">\n\t\t\t<div class=\"elementor-widget-wrap elementor-element-populated\">\n\t\t\t\t\t\t\t\t<div class=\"elementor-element elementor-element-7ffdb1b elementor-align-center elementor-widget elementor-widget-button\" data-id=\"7ffdb1b\" data-element_type=\"widget\" data-widget_type=\"button.default\">\n\t\t\t\t<div class=\"elementor-widget-container\">\n\t\t\t\t\t<div class=\"elementor-button-wrapper\">\n\t\t\t<a class=\"elementor-button elementor-button-link elementor-size-sm\" href=\"https:\/\/www.evb.com\/es\/noticias-de-la-empresa\/\">\n\t\t\t\t\t\t<span class=\"elementor-button-content-wrapper\">\n\t\t\t\t\t\t<span class=\"elementor-button-text\">Noticias de la empresa<\/span>\n\t\t<\/span>\n\t\t\t\t\t<\/a>\n\t\t<\/div>\n\t\t\t\t<\/div>\n\t\t\t\t<\/div>\n\t\t\t\t\t<\/div>\n\t\t<\/div>\n\t\t\t\t<div class=\"elementor-column elementor-col-25 elementor-top-column elementor-element elementor-element-f0092b9\" data-id=\"f0092b9\" data-element_type=\"column\">\n\t\t\t<div class=\"elementor-widget-wrap elementor-element-populated\">\n\t\t\t\t\t\t\t\t<div class=\"elementor-element elementor-element-f861cef elementor-align-center elementor-widget elementor-widget-button\" data-id=\"f861cef\" data-element_type=\"widget\" data-widget_type=\"button.default\">\n\t\t\t\t<div class=\"elementor-widget-container\">\n\t\t\t\t\t<div class=\"elementor-button-wrapper\">\n\t\t\t<a class=\"elementor-button elementor-button-link elementor-size-sm\" href=\"https:\/\/www.evb.com\/es\/noticias-de-la-exposicion\/\">\n\t\t\t\t\t\t<span class=\"elementor-button-content-wrapper\">\n\t\t\t\t\t\t<span class=\"elementor-button-text\">Noticias de la exposici\u00f3n<\/span>\n\t\t<\/span>\n\t\t\t\t\t<\/a>\n\t\t<\/div>\n\t\t\t\t<\/div>\n\t\t\t\t<\/div>\n\t\t\t\t\t<\/div>\n\t\t<\/div>\n\t\t\t\t<div class=\"elementor-column elementor-col-25 elementor-top-column elementor-element elementor-element-fdc4a10\" data-id=\"fdc4a10\" data-element_type=\"column\">\n\t\t\t<div class=\"elementor-widget-wrap elementor-element-populated\">\n\t\t\t\t\t\t\t\t<div class=\"elementor-element elementor-element-8c988c4 elementor-align-center elementor-widget elementor-widget-button\" data-id=\"8c988c4\" data-element_type=\"widget\" data-widget_type=\"button.default\">\n\t\t\t\t<div class=\"elementor-widget-container\">\n\t\t\t\t\t<div class=\"elementor-button-wrapper\">\n\t\t\t<a class=\"elementor-button elementor-button-link elementor-size-sm\" href=\"https:\/\/www.evb.com\/es\/notificacion-de-actualizacion\/\">\n\t\t\t\t\t\t<span class=\"elementor-button-content-wrapper\">\n\t\t\t\t\t\t<span class=\"elementor-button-text\">Notificaci\u00f3n de actualizaci\u00f3n <\/span>\n\t\t<\/span>\n\t\t\t\t\t<\/a>\n\t\t<\/div>\n\t\t\t\t<\/div>\n\t\t\t\t<\/div>\n\t\t\t\t\t<\/div>\n\t\t<\/div>\n\t\t\t\t\t\t\t<\/div>\n\t\t<\/section>\n\t\t\t\t<section class=\"elementor-section elementor-top-section elementor-element elementor-element-9055ee7 elementor-section-boxed elementor-section-height-default elementor-section-height-default\" data-id=\"9055ee7\" data-element_type=\"section\">\n\t\t\t\t\t\t<div class=\"elementor-container elementor-column-gap-default\">\n\t\t\t\t\t<div class=\"elementor-column elementor-col-100 elementor-top-column elementor-element elementor-element-8ded61b\" data-id=\"8ded61b\" data-element_type=\"column\">\n\t\t\t<div class=\"elementor-widget-wrap elementor-element-populated\">\n\t\t\t\t\t\t\t\t<div class=\"elementor-element elementor-element-840731c elementor-widget elementor-widget-heading\" data-id=\"840731c\" data-element_type=\"widget\" data-widget_type=\"heading.default\">\n\t\t\t\t<div class=\"elementor-widget-container\">\n\t\t\t<h2 class=\"elementor-heading-title elementor-size-default\">NOTICIAS<\/h2>\t\t<\/div>\n\t\t\t\t<\/div>\n\t\t\t\t<div class=\"elementor-element elementor-element-01d18e9 pp-equal-height-yes elementor-grid-2 elementor-grid-tablet-2 elementor-grid-mobile-1 pp-posts-image-stack-mobile pp-post-thumbnail-align-left elementor-widget elementor-widget-pp-posts\" data-id=\"01d18e9\" data-element_type=\"widget\" data-settings=\"{&quot;news_columns&quot;:&quot;2&quot;,&quot;news_columns_tablet&quot;:&quot;2&quot;,&quot;news_columns_mobile&quot;:&quot;1&quot;}\" data-widget_type=\"pp-posts.news\">\n\t\t\t\t<div class=\"elementor-widget-container\">\n\t\t\t\t\t<div class=\"pp-posts-container\">\n\t\t\t\n\t\t\t\t\t\t\t\t\t\t\n\t\t\t<div class=\"pp-posts pp-posts-skin-news pp-elementor-grid pp-posts-grid\" data-query-type=\"custom\" data-layout=\"grid\" data-page=\"8272\" data-skin=\"news\">\n\t\t\t\t\t\t\t\t\t\t\t<div class=\"pp-post-wrap pp-grid-item-wrap\">\n\t\t\t\t\t\t<div class=\"pp-post pp-grid-item\">\n\t\t\t\t\t\t<div class=\"pp-post-thumbnail\">\n\t\t\t<div class=\"pp-post-thumbnail-wrap\">\n\t\t\t\t<a href=\"https:\/\/www.evb.com\/es\/noticias\/notificacion-de-actualizacion-de-la-direccion-del-sitio-web-de-evbeny\/\"><img loading=\"lazy\" decoding=\"async\" width=\"1280\" height=\"720\" src=\"https:\/\/www.evb.com\/wp-content\/uploads\/2023\/12\/11.png\" class=\"attachment-large size-large wp-image-9477\" alt=\"11\" srcset=\"https:\/\/www.evb.com\/wp-content\/uploads\/2023\/12\/11.png 1280w, https:\/\/www.evb.com\/wp-content\/uploads\/2023\/12\/11-600x338.png 600w, https:\/\/www.evb.com\/wp-content\/uploads\/2023\/12\/11-768x432.png 768w\" sizes=\"auto, (max-width: 1280px) 100vw, 1280px\" \/><\/a>\t\t\t<\/div>\n\t\t<\/div>\n\t\t\t\t\t\t<div class=\"pp-post-content\">\n\t\t\t\t\t\t\t\t\t<div class=\"pp-post-terms-wrap\">\n\t\t\t<span class=\"pp-post-terms\">\n\t\t\t\t<span class=\"pp-post-term\"><a href=\"https:\/\/www.evb.com\/es\/news-category\/noticias-de-la-empresa\/\">Noticias de la empresa<\/a><\/span>\t\t\t<\/span>\n\t\t<\/div>\n\t\t\t\t\t\t\t\t\t\t<h4 class=\"pp-post-title\">\n\t\t\t\t<a href=\"https:\/\/www.evb.com\/es\/noticias\/notificacion-de-actualizacion-de-la-direccion-del-sitio-web-de-evbeny\/\">Visita nuestro nuevo sitio web<\/a>\t\t\t<\/h4>\n\t\t\t\t\t\t\t\t\t<div class=\"pp-post-meta\">\n\t\t\t\t\t\t\t\t<span class=\"pp-post-date\">\n\t\t\t\t\t\t<span class=\"pp-meta-text\">\n\t\t\t\t20 de noviembre de 2023\t\t\t<\/span>\n\t\t<\/span>\n\t\t<span class=\"pp-meta-separator\"><\/span>\n\t\t\t\t\t\t\t<\/div>\n\t\t\t\t\t\t\t<\/div>\n\t\t\t<\/div>\n\t\t\t\t\t<\/div>\n\t\t\t\t<div class=\"pp-post-wrap pp-grid-item-wrap\">\n\t\t\t\t\t\t<div class=\"pp-post pp-grid-item\">\n\t\t\t\t\t\t<div class=\"pp-post-thumbnail\">\n\t\t\t<div class=\"pp-post-thumbnail-wrap\">\n\t\t\t\t<a href=\"https:\/\/www.evb.com\/es\/noticias\/evb-charging-pile-cloud-platform-app-latest-version-function-description-2\/\"><img loading=\"lazy\" decoding=\"async\" width=\"1281\" height=\"720\" src=\"https:\/\/www.evb.com\/wp-content\/uploads\/2023\/11\/WechatIMG19.jpg\" class=\"attachment-large size-large wp-image-8325\" alt=\"WeChatIMG19\" srcset=\"https:\/\/www.evb.com\/wp-content\/uploads\/2023\/11\/WechatIMG19.jpg 1281w, https:\/\/www.evb.com\/wp-content\/uploads\/2023\/11\/WechatIMG19-600x337.jpg 600w, https:\/\/www.evb.com\/wp-content\/uploads\/2023\/11\/WechatIMG19-768x432.jpg 768w\" sizes=\"auto, (max-width: 1281px) 100vw, 1281px\" \/><\/a>\t\t\t<\/div>\n\t\t<\/div>\n\t\t\t\t\t\t<div class=\"pp-post-content\">\n\t\t\t\t\t\t\t\t\t<div class=\"pp-post-terms-wrap\">\n\t\t\t<span class=\"pp-post-terms\">\n\t\t\t\t<span class=\"pp-post-term\"><a href=\"https:\/\/www.evb.com\/es\/news-category\/notificacion-de-actualizacion\/\">Notificaci\u00f3n de actualizaci\u00f3n<\/a><\/span>\t\t\t<\/span>\n\t\t<\/div>\n\t\t\t\t\t\t\t\t\t\t<h4 class=\"pp-post-title\">\n\t\t\t\t<a href=\"https:\/\/www.evb.com\/es\/noticias\/evb-charging-pile-cloud-platform-app-latest-version-function-description-2\/\">Descripci\u00f3n de la funci\u00f3n de la \u00faltima versi\u00f3n de la aplicaci\u00f3n de la plataforma en la nube EVB Charging Pile<\/a>\t\t\t<\/h4>\n\t\t\t\t\t\t\t\t\t<div class=\"pp-post-meta\">\n\t\t\t\t\t\t\t\t<span class=\"pp-post-date\">\n\t\t\t\t\t\t<span class=\"pp-meta-text\">\n\t\t\t\t16 de septiembre de 2023\t\t\t<\/span>\n\t\t<\/span>\n\t\t<span class=\"pp-meta-separator\"><\/span>\n\t\t\t\t\t\t\t<\/div>\n\t\t\t\t\t\t\t<\/div>\n\t\t\t<\/div>\n\t\t\t\t\t<\/div>\n\t\t\t\t<div class=\"pp-post-wrap pp-grid-item-wrap\">\n\t\t\t\t\t\t<div class=\"pp-post pp-grid-item\">\n\t\t\t\t\t\t<div class=\"pp-post-thumbnail\">\n\t\t\t<div class=\"pp-post-thumbnail-wrap\">\n\t\t\t\t<a href=\"https:\/\/www.evb.com\/es\/noticias\/notificacion-de-actualizacion-del-software-del-cargador-evb\/\"><img loading=\"lazy\" decoding=\"async\" width=\"2560\" height=\"1408\" src=\"https:\/\/www.evb.com\/wp-content\/uploads\/2023\/07\/Beny-Charger-Software-Update-Notification-2-scaled.jpg\" class=\"attachment-large size-large wp-image-4695\" alt=\"Notificaci\u00f3n de actualizaci\u00f3n de software de Beny Charger 2\" srcset=\"https:\/\/www.evb.com\/wp-content\/uploads\/2023\/07\/Beny-Charger-Software-Update-Notification-2-scaled.jpg 2560w, https:\/\/www.evb.com\/wp-content\/uploads\/2023\/07\/Beny-Charger-Software-Update-Notification-2-1536x845.jpg 1536w, https:\/\/www.evb.com\/wp-content\/uploads\/2023\/07\/Beny-Charger-Software-Update-Notification-2-2048x1126.jpg 2048w, https:\/\/www.evb.com\/wp-content\/uploads\/2023\/07\/Beny-Charger-Software-Update-Notification-2-600x330.jpg 600w, https:\/\/www.evb.com\/wp-content\/uploads\/2023\/07\/Beny-Charger-Software-Update-Notification-2-768x422.jpg 768w\" sizes=\"auto, (max-width: 2560px) 100vw, 2560px\" \/><\/a>\t\t\t<\/div>\n\t\t<\/div>\n\t\t\t\t\t\t<div class=\"pp-post-content\">\n\t\t\t\t\t\t\t\t\t<div class=\"pp-post-terms-wrap\">\n\t\t\t<span class=\"pp-post-terms\">\n\t\t\t\t<span class=\"pp-post-term\"><a href=\"https:\/\/www.evb.com\/es\/news-category\/notificacion-de-actualizacion\/\">Notificaci\u00f3n de actualizaci\u00f3n<\/a><\/span>\t\t\t<\/span>\n\t\t<\/div>\n\t\t\t\t\t\t\t\t\t\t<h4 class=\"pp-post-title\">\n\t\t\t\t<a href=\"https:\/\/www.evb.com\/es\/noticias\/notificacion-de-actualizacion-del-software-del-cargador-evb\/\">Notificaci\u00f3n de actualizaci\u00f3n del software del cargador EVB<\/a>\t\t\t<\/h4>\n\t\t\t\t\t\t\t\t\t<div class=\"pp-post-meta\">\n\t\t\t\t\t\t\t\t<span class=\"pp-post-date\">\n\t\t\t\t\t\t<span class=\"pp-meta-text\">\n\t\t\t\t12 de julio de 2023\t\t\t<\/span>\n\t\t<\/span>\n\t\t<span class=\"pp-meta-separator\"><\/span>\n\t\t\t\t\t\t\t<\/div>\n\t\t\t\t\t\t\t<\/div>\n\t\t\t<\/div>\n\t\t\t\t\t<\/div>\n\t\t\t\t\t\t\t\t\t<\/div>\n\t\t\t\n\t\t\t\n\t\t\t\n\t\t\t\n\t\t\t\t\t\t\t\t\t\t\t<div class=\"pp-posts-pagination-wrap pp-posts-pagination-bottom\">\n\t\t\t\t\t\t\t\t\t<\/div>\n\t\t\t\t\t\t\t\t\t<\/div>\n\n\t\t\n\t\t\t\t<\/div>\n\t\t\t\t<\/div>\n\t\t\t\t\t<\/div>\n\t\t<\/div>\n\t\t\t\t\t\t\t<\/div>\n\t\t<\/section>\n\t\t\t\t\t\t\t<\/div>","protected":false},"excerpt":{"rendered":"<p>Inicio NOTICIAS Noticias de la industria Noticias de la empresa Noticias de la exposici\u00f3n Notificaci\u00f3n de actualizaci\u00f3n NOTICIAS Notificaci\u00f3n de actualizaci\u00f3n Beny Charging Pile Cloud Platform APP \u00daltima versi\u00f3n Descripci\u00f3n de la funci\u00f3n 16 de septiembre de 2023 Notificaci\u00f3n de actualizaci\u00f3n Notificaci\u00f3n de actualizaci\u00f3n del software Beny Charger 12 de julio de 2023<\/p>","protected":false},"author":3,"featured_media":0,"parent":0,"menu_order":15,"comment_status":"closed","ping_status":"closed","template":"","meta":{"footnotes":""},"class_list":["post-8272","page","type-page","status-publish","hentry"],"acf":[],"yoast_head":"<!-- This site is optimized with the Yoast SEO plugin v27.4 - https:\/\/yoast.com\/product\/yoast-seo-wordpress\/ -->\n<title>Update Notification - EVB<\/title>\n<meta name=\"robots\" content=\"index, follow, max-snippet:-1, max-image-preview:large, max-video-preview:-1\" \/>\n<link rel=\"canonical\" href=\"https:\/\/www.evb.com\/es\/notificacion-de-actualizacion\/\" \/>\n<meta property=\"og:locale\" content=\"es_ES\" \/>\n<meta property=\"og:type\" content=\"article\" \/>\n<meta property=\"og:title\" content=\"Update Notification - EVB\" \/>\n<meta property=\"og:description\" content=\"Home NEWS Industry News Company News Exhibition News Update Notification NEWS Update Notification Beny Charging Pile Cloud Platform APP Latest Version Function Description 9\u6708 16, 2023 Update Notification Beny\u00a0Charger\u00a0Software\u00a0Update\u00a0Notification 7\u6708 12, 2023\" \/>\n<meta property=\"og:url\" content=\"https:\/\/www.evb.com\/es\/notificacion-de-actualizacion\/\" \/>\n<meta property=\"og:site_name\" content=\"EVB\" \/>\n<meta property=\"article:modified_time\" content=\"2023-11-24T07:16:01+00:00\" \/>\n<meta property=\"og:image\" content=\"https:\/\/www.evb.com\/wp-content\/uploads\/2023\/07\/Beny-Charger-Software-Update-Notification-2-scaled.jpg\" \/>\n<meta name=\"twitter:card\" content=\"summary_large_image\" \/>\n<meta name=\"twitter:label1\" content=\"Tiempo de lectura\" \/>\n\t<meta name=\"twitter:data1\" content=\"1 minuto\" \/>\n<script type=\"application\/ld+json\" class=\"yoast-schema-graph\">{\"@context\":\"https:\\\/\\\/schema.org\",\"@graph\":[{\"@type\":\"WebPage\",\"@id\":\"https:\\\/\\\/www.evb.com\\\/update-notification\\\/\",\"url\":\"https:\\\/\\\/www.evb.com\\\/update-notification\\\/\",\"name\":\"Update Notification - EVB\",\"isPartOf\":{\"@id\":\"https:\\\/\\\/www.evb.com\\\/#website\"},\"primaryImageOfPage\":{\"@id\":\"https:\\\/\\\/www.evb.com\\\/update-notification\\\/#primaryimage\"},\"image\":{\"@id\":\"https:\\\/\\\/www.evb.com\\\/update-notification\\\/#primaryimage\"},\"thumbnailUrl\":\"https:\\\/\\\/www.evb.com\\\/wp-content\\\/uploads\\\/2023\\\/07\\\/Beny-Charger-Software-Update-Notification-2-scaled.jpg\",\"datePublished\":\"2023-11-22T05:09:28+00:00\",\"dateModified\":\"2023-11-24T07:16:01+00:00\",\"breadcrumb\":{\"@id\":\"https:\\\/\\\/www.evb.com\\\/update-notification\\\/#breadcrumb\"},\"inLanguage\":\"es\",\"potentialAction\":[{\"@type\":\"ReadAction\",\"target\":[\"https:\\\/\\\/www.evb.com\\\/update-notification\\\/\"]}]},{\"@type\":\"ImageObject\",\"inLanguage\":\"es\",\"@id\":\"https:\\\/\\\/www.evb.com\\\/update-notification\\\/#primaryimage\",\"url\":\"https:\\\/\\\/www.evb.com\\\/wp-content\\\/uploads\\\/2023\\\/07\\\/Beny-Charger-Software-Update-Notification-2-scaled.jpg\",\"contentUrl\":\"https:\\\/\\\/www.evb.com\\\/wp-content\\\/uploads\\\/2023\\\/07\\\/Beny-Charger-Software-Update-Notification-2-scaled.jpg\"},{\"@type\":\"BreadcrumbList\",\"@id\":\"https:\\\/\\\/www.evb.com\\\/update-notification\\\/#breadcrumb\",\"itemListElement\":[{\"@type\":\"ListItem\",\"position\":1,\"name\":\"Home\",\"item\":\"https:\\\/\\\/www.evb.com\\\/\"},{\"@type\":\"ListItem\",\"position\":2,\"name\":\"Update Notification\"}]},{\"@type\":\"WebSite\",\"@id\":\"https:\\\/\\\/www.evb.com\\\/#website\",\"url\":\"https:\\\/\\\/www.evb.com\\\/\",\"name\":\"EVB\",\"description\":\"Smart EV Charging &amp; Energy Storage Solutions\",\"publisher\":{\"@id\":\"https:\\\/\\\/www.evb.com\\\/#organization\"},\"potentialAction\":[{\"@type\":\"SearchAction\",\"target\":{\"@type\":\"EntryPoint\",\"urlTemplate\":\"https:\\\/\\\/www.evb.com\\\/?s={search_term_string}\"},\"query-input\":{\"@type\":\"PropertyValueSpecification\",\"valueRequired\":true,\"valueName\":\"search_term_string\"}}],\"inLanguage\":\"es\"},{\"@type\":\"Organization\",\"@id\":\"https:\\\/\\\/www.evb.com\\\/#organization\",\"name\":\"EVB\",\"url\":\"https:\\\/\\\/www.evb.com\\\/\",\"logo\":{\"@type\":\"ImageObject\",\"inLanguage\":\"es\",\"@id\":\"https:\\\/\\\/www.evb.com\\\/#\\\/schema\\\/logo\\\/image\\\/\",\"url\":\"https:\\\/\\\/www.evb.com\\\/wp-content\\\/uploads\\\/2021\\\/03\\\/evb-3.png\",\"contentUrl\":\"https:\\\/\\\/www.evb.com\\\/wp-content\\\/uploads\\\/2021\\\/03\\\/evb-3.png\",\"width\":605,\"height\":626,\"caption\":\"EVB\"},\"image\":{\"@id\":\"https:\\\/\\\/www.evb.com\\\/#\\\/schema\\\/logo\\\/image\\\/\"}}]}<\/script>\n<!-- \/ Yoast SEO plugin. -->","yoast_head_json":{"title":"Update Notification - EVB","robots":{"index":"index","follow":"follow","max-snippet":"max-snippet:-1","max-image-preview":"max-image-preview:large","max-video-preview":"max-video-preview:-1"},"canonical":"https:\/\/www.evb.com\/es\/notificacion-de-actualizacion\/","og_locale":"es_ES","og_type":"article","og_title":"Update Notification - EVB","og_description":"Home NEWS Industry News Company News Exhibition News Update Notification NEWS Update Notification Beny Charging Pile Cloud Platform APP Latest Version Function Description 9\u6708 16, 2023 Update Notification Beny\u00a0Charger\u00a0Software\u00a0Update\u00a0Notification 7\u6708 12, 2023","og_url":"https:\/\/www.evb.com\/es\/notificacion-de-actualizacion\/","og_site_name":"EVB","article_modified_time":"2023-11-24T07:16:01+00:00","og_image":[{"url":"https:\/\/www.evb.com\/wp-content\/uploads\/2023\/07\/Beny-Charger-Software-Update-Notification-2-scaled.jpg","type":"","width":"","height":""}],"twitter_card":"summary_large_image","twitter_misc":{"Tiempo de lectura":"1 minuto"},"schema":{"@context":"https:\/\/schema.org","@graph":[{"@type":"WebPage","@id":"https:\/\/www.evb.com\/update-notification\/","url":"https:\/\/www.evb.com\/update-notification\/","name":"Update Notification - EVB","isPartOf":{"@id":"https:\/\/www.evb.com\/#website"},"primaryImageOfPage":{"@id":"https:\/\/www.evb.com\/update-notification\/#primaryimage"},"image":{"@id":"https:\/\/www.evb.com\/update-notification\/#primaryimage"},"thumbnailUrl":"https:\/\/www.evb.com\/wp-content\/uploads\/2023\/07\/Beny-Charger-Software-Update-Notification-2-scaled.jpg","datePublished":"2023-11-22T05:09:28+00:00","dateModified":"2023-11-24T07:16:01+00:00","breadcrumb":{"@id":"https:\/\/www.evb.com\/update-notification\/#breadcrumb"},"inLanguage":"es","potentialAction":[{"@type":"ReadAction","target":["https:\/\/www.evb.com\/update-notification\/"]}]},{"@type":"ImageObject","inLanguage":"es","@id":"https:\/\/www.evb.com\/update-notification\/#primaryimage","url":"https:\/\/www.evb.com\/wp-content\/uploads\/2023\/07\/Beny-Charger-Software-Update-Notification-2-scaled.jpg","contentUrl":"https:\/\/www.evb.com\/wp-content\/uploads\/2023\/07\/Beny-Charger-Software-Update-Notification-2-scaled.jpg"},{"@type":"BreadcrumbList","@id":"https:\/\/www.evb.com\/update-notification\/#breadcrumb","itemListElement":[{"@type":"ListItem","position":1,"name":"Home","item":"https:\/\/www.evb.com\/"},{"@type":"ListItem","position":2,"name":"Update Notification"}]},{"@type":"WebSite","@id":"https:\/\/www.evb.com\/#website","url":"https:\/\/www.evb.com\/","name":"EVB","description":"Smart EV Charging &amp; Energy Storage Solutions","publisher":{"@id":"https:\/\/www.evb.com\/#organization"},"potentialAction":[{"@type":"SearchAction","target":{"@type":"EntryPoint","urlTemplate":"https:\/\/www.evb.com\/?s={search_term_string}"},"query-input":{"@type":"PropertyValueSpecification","valueRequired":true,"valueName":"search_term_string"}}],"inLanguage":"es"},{"@type":"Organization","@id":"https:\/\/www.evb.com\/#organization","name":"EVB","url":"https:\/\/www.evb.com\/","logo":{"@type":"ImageObject","inLanguage":"es","@id":"https:\/\/www.evb.com\/#\/schema\/logo\/image\/","url":"https:\/\/www.evb.com\/wp-content\/uploads\/2021\/03\/evb-3.png","contentUrl":"https:\/\/www.evb.com\/wp-content\/uploads\/2021\/03\/evb-3.png","width":605,"height":626,"caption":"EVB"},"image":{"@id":"https:\/\/www.evb.com\/#\/schema\/logo\/image\/"}}]}},"_links":{"self":[{"href":"https:\/\/www.evb.com\/es\/wp-json\/wp\/v2\/pages\/8272","targetHints":{"allow":["GET"]}}],"collection":[{"href":"https:\/\/www.evb.com\/es\/wp-json\/wp\/v2\/pages"}],"about":[{"href":"https:\/\/www.evb.com\/es\/wp-json\/wp\/v2\/types\/page"}],"author":[{"embeddable":true,"href":"https:\/\/www.evb.com\/es\/wp-json\/wp\/v2\/users\/3"}],"replies":[{"embeddable":true,"href":"https:\/\/www.evb.com\/es\/wp-json\/wp\/v2\/comments?post=8272"}],"version-history":[{"count":7,"href":"https:\/\/www.evb.com\/es\/wp-json\/wp\/v2\/pages\/8272\/revisions"}],"predecessor-version":[{"id":8321,"href":"https:\/\/www.evb.com\/es\/wp-json\/wp\/v2\/pages\/8272\/revisions\/8321"}],"wp:attachment":[{"href":"https:\/\/www.evb.com\/es\/wp-json\/wp\/v2\/media?parent=8272"}],"curies":[{"name":"wp","href":"https:\/\/api.w.org\/{rel}","templated":true}]}}