{"id":5131,"date":"2023-07-28T13:39:53","date_gmt":"2023-07-28T05:39:53","guid":{"rendered":"https:\/\/www.evb.com\/?page_id=5131"},"modified":"2023-11-24T15:16:48","modified_gmt":"2023-11-24T07:16:48","slug":"terms-and-conditions-2","status":"publish","type":"page","link":"https:\/\/www.evb.com\/fi\/terms-and-conditions-2\/","title":{"rendered":"Beny-verkon tietoturvan haavoittuvuuksien hallinta"},"content":{"rendered":"<div data-elementor-type=\"wp-page\" data-elementor-id=\"5131\" class=\"elementor elementor-5131\">\n\t\t\t\t\t\t\t\t\t<section class=\"elementor-section elementor-top-section elementor-element elementor-element-c2d4c78 elementor-section-full_width elementor-section-height-default elementor-section-height-default\" data-id=\"c2d4c78\" data-element_type=\"section\">\n\t\t\t\t\t\t<div class=\"elementor-container elementor-column-gap-no\">\n\t\t\t\t\t<div class=\"elementor-column elementor-col-100 elementor-top-column elementor-element elementor-element-46cb3ae\" data-id=\"46cb3ae\" data-element_type=\"column\">\n\t\t\t<div class=\"elementor-widget-wrap elementor-element-populated\">\n\t\t\t\t\t\t\t\t<div class=\"elementor-element elementor-element-b68fd46 elementor-widget elementor-widget-template\" data-id=\"b68fd46\" data-element_type=\"widget\" data-widget_type=\"template.default\">\n\t\t\t\t<div class=\"elementor-widget-container\">\n\t\t\t\t\t<div class=\"elementor-template\">\n\t\t\t\t\t<div data-elementor-type=\"section\" data-elementor-id=\"1378\" class=\"elementor elementor-1378\">\n\t\t\t\t\t\t\t\t<section class=\"elementor-section elementor-top-section elementor-element elementor-element-9498546 elementor-section-full_width elementor-section-height-default elementor-section-height-default\" data-id=\"9498546\" data-element_type=\"section\" data-settings=\"{&quot;background_background&quot;:&quot;gradient&quot;}\">\n\t\t\t\t\t\t\t<div class=\"elementor-background-overlay\"><\/div>\n\t\t\t\t\t\t\t<div class=\"elementor-container elementor-column-gap-default\">\n\t\t\t\t\t<div class=\"elementor-column elementor-col-100 elementor-top-column elementor-element elementor-element-cd2b9d8\" data-id=\"cd2b9d8\" data-element_type=\"column\">\n\t\t\t<div class=\"elementor-widget-wrap elementor-element-populated\">\n\t\t\t\t\t\t\t\t<section class=\"elementor-section elementor-inner-section elementor-element elementor-element-c2108f3 elementor-section-content-middle elementor-section-boxed elementor-section-height-default elementor-section-height-default\" data-id=\"c2108f3\" data-element_type=\"section\" data-settings=\"{&quot;background_background&quot;:&quot;classic&quot;}\">\n\t\t\t\t\t\t<div class=\"elementor-container elementor-column-gap-default\">\n\t\t\t\t\t<div class=\"elementor-column elementor-col-50 elementor-inner-column elementor-element elementor-element-7e5d22e\" data-id=\"7e5d22e\" data-element_type=\"column\">\n\t\t\t<div class=\"elementor-widget-wrap elementor-element-populated\">\n\t\t\t\t\t\t\t\t<div class=\"elementor-element elementor-element-19b2314 elementor-widget elementor-widget-MML Breadcrumbs\" data-id=\"19b2314\" data-element_type=\"widget\" data-settings=\"{&quot;breadcrumbs_type&quot;:&quot;post_type&quot;}\" data-widget_type=\"MML Breadcrumbs.default\">\n\t\t\t\t<div class=\"elementor-widget-container\">\n\t\t\t<ul class=\"pp-breadcrumbs pp-breadcrumbs-powerpack\">        <li class=\"pp-breadcrumbs-item pp-breadcrumbs-item-home\">\n            <a class=\"pp-breadcrumbs-crumb pp-breadcrumbs-crumb-link pp-breadcrumbs-crumb-home\" href=\"https:\/\/www.evb.com\/fi\" title=\"Kotiin\">\n\t\t\t\t<span class=\"pp-breadcrumbs-text\">\n\t\t\t\t\t                        <span class=\"pp-icon\">\n\t\t\t\t\t\t\t<i aria-hidden=\"true\" class=\"fas fa-home\"><\/i>\t\t\t\t\t\t<\/span>\n                                        Kotiin\t\t\t\t<\/span>\n            <\/a>\n        <\/li>\n        <li class=\"pp-breadcrumbs-separator\">                <span class='pp-separator-icon pp-icon'>\n\t\t\t\t\t<i aria-hidden=\"true\" class=\"fas fa-angle-right\"><\/i>\t\t\t\t<\/span>\n                <\/li><\/ul>\t\t<\/div>\n\t\t\t\t<\/div>\n\t\t\t\t<div class=\"elementor-element elementor-element-ec79451 elementor-widget elementor-widget-heading\" data-id=\"ec79451\" data-element_type=\"widget\" data-widget_type=\"heading.default\">\n\t\t\t\t<div class=\"elementor-widget-container\">\n\t\t\t<h1 class=\"elementor-heading-title elementor-size-default\">Beny-verkon tietoturvan haavoittuvuuksien hallinta<\/h1>\t\t<\/div>\n\t\t\t\t<\/div>\n\t\t\t\t<div class=\"elementor-element elementor-element-58ab215 elementor-widget elementor-widget-text-editor\" data-id=\"58ab215\" data-element_type=\"widget\" data-widget_type=\"text-editor.default\">\n\t\t\t\t<div class=\"elementor-widget-container\">\n\t\t\t\t\t\t\t\t\t\t\t\t\t<\/div>\n\t\t\t\t<\/div>\n\t\t\t\t\t<\/div>\n\t\t<\/div>\n\t\t\t\t<div class=\"elementor-column elementor-col-50 elementor-inner-column elementor-element elementor-element-a88edc3\" data-id=\"a88edc3\" data-element_type=\"column\">\n\t\t\t<div class=\"elementor-widget-wrap\">\n\t\t\t\t\t\t\t\t\t<\/div>\n\t\t<\/div>\n\t\t\t\t\t\t\t<\/div>\n\t\t<\/section>\n\t\t\t\t\t<\/div>\n\t\t<\/div>\n\t\t\t\t\t\t\t<\/div>\n\t\t<\/section>\n\t\t\t\t\t\t<\/div>\n\t\t\t\t<\/div>\n\t\t\t\t<\/div>\n\t\t\t\t<\/div>\n\t\t\t\t\t<\/div>\n\t\t<\/div>\n\t\t\t\t\t\t\t<\/div>\n\t\t<\/section>\n\t\t\t\t<section class=\"elementor-section elementor-top-section elementor-element elementor-element-7edacd2 elementor-section-boxed elementor-section-height-default elementor-section-height-default\" data-id=\"7edacd2\" data-element_type=\"section\">\n\t\t\t\t\t\t<div class=\"elementor-container elementor-column-gap-default\">\n\t\t\t\t\t<div class=\"elementor-column elementor-col-100 elementor-top-column elementor-element elementor-element-683cf09\" data-id=\"683cf09\" data-element_type=\"column\">\n\t\t\t<div class=\"elementor-widget-wrap elementor-element-populated\">\n\t\t\t\t\t\t\t\t<div class=\"elementor-element elementor-element-906b9d0 elementor-widget elementor-widget-text-editor\" data-id=\"906b9d0\" data-element_type=\"widget\" data-widget_type=\"text-editor.default\">\n\t\t\t\t<div class=\"elementor-widget-container\">\n\t\t\t\t\t\t\t<div><div><p><strong><span style=\"font-size: 18pt;\"><span style=\"background-color: var( --e-global-color-f62ae9d ); color: var( --e-global-color-298168f );\">Benyss\u00e4<\/span>:<\/span><\/strong><\/p><p>\u00a0Priorisoimme ja noudatamme haavoittuvuuksien vastuullista paljastamista ja k\u00e4sittely\u00e4 samalla arvostaen syv\u00e4sti kaikkien tietoturvatutkijoiden panosta. Jos kohtaat haavoittuvuuden, kehotamme sinua ilmoittamaan siit\u00e4 viipym\u00e4tt\u00e4 osoitteeseen Beny@zjbeny.com. Voit olla varma, ett\u00e4 tiimimme k\u00e4sittelee ilmoituksesi huolellisesti ja antaa oikea-aikaista palautetta. K\u00e4ytt\u00e4jiemme ja yrityksiemme turvallisuuden suojaamiseksi pyyd\u00e4mme sinua pid\u00e4tt\u00e4ytym\u00e4\u00e4n haavoittuvuuden paljastamisesta tai jakamisesta, ennen kuin se on tehokkaasti k\u00e4sitelty ja ratkaistu.<\/p><p><strong><span style=\"font-size: 18pt;\">K\u00e4sittelyprosessi:<\/span><\/strong><\/p><ol><li>Tuotteen k\u00e4yt\u00f6n aikana havaitut verkon tietoturvaongelmat ilmoitetaan suoraan Benylle s\u00e4hk\u00f6postitse osoitteeseen Beny@zjbeny.com.<\/li><li>Saatuaan ongelman Benywill j\u00e4rjest\u00e4\u00e4 viipym\u00e4tt\u00e4 tutkimus- ja kehitystiimin suorittamaan ongelman analyysin ja toimittamaan ongelman analyysiraportin ja ratkaisun 72 tunnin kuluessa.<\/li><li>Verkkoturvallisuush\u00e4iri\u00f6n ratkaisun aikana Benywill toimittaa viikoittain edistymisp\u00e4ivityksi\u00e4 asiaankuuluvalle henkil\u00f6st\u00f6lle ja pyyt\u00e4\u00e4 kaikkien asiaankuuluvien tiimien vastuuhenkil\u00f6it\u00e4 tarkistamaan &quot;h\u00e4iri\u00f6raportin&quot; merkiksi h\u00e4iri\u00f6n k\u00e4sittelyty\u00f6n valmistumisesta.<\/li><li>Kun ohjelmistotestausosasto on testannut uuden ohjelmiston ilman ongelmia, toimitetaan testausraportti. Testausraportin perusteella tutkimus- ja kehitysosasto p\u00e4\u00e4tt\u00e4\u00e4, onko p\u00e4ivitys tarpeen. Jos p\u00e4ivitys on tarpeen, tutkimus- ja kehitystiimi antaa asiakaspalvelutiimille versiop\u00e4ivityssuunnitelmasuosituksen. Saatuaan asiakaspalvelutiimin hyv\u00e4ksynn\u00e4n molemmat tiimit suorittavat yhdess\u00e4 operatiivisten p\u00e4\u00e4telaitteiden ja tuotantolaitteiston ohjelmistop\u00e4ivityksen.<\/li><li>P\u00e4ivityksen valmistuttua tutkimus- ja kehitystiimi johtaa kattavaa tarkastelua tapahtumasta ja laatii \u201dtapahtumakatsausraportin\u201d (joka sis\u00e4lt\u00e4\u00e4 ongelman syyn j\u00e4ljityksen, k\u00e4sittelytoimenpiteet ja jatkotoimenpiteet parannusten tekemiseksi).<\/li><li>Verkkoturvallisuush\u00e4iri\u00f6n ratkaisun ajan tutkimus- ja kehitystiimi toimittaa p\u00e4ivitt\u00e4in edistymisp\u00e4ivityksi\u00e4 asiaankuuluvalle henkil\u00f6st\u00f6lle, ja kaikkien asiaankuuluvien tiimien vastuuhenkil\u00f6t tarkistavat &quot;h\u00e4iri\u00f6raportin&quot; merkiksi siit\u00e4, ett\u00e4 h\u00e4iri\u00f6iden k\u00e4sittely on saatu p\u00e4\u00e4t\u00f6kseen.<\/li><li>Alustavat vasteajat m\u00e4\u00e4ritell\u00e4\u00e4n julkaistun haavoittuvuuksien ilmoitusk\u00e4yt\u00e4nn\u00f6n perusteella. Tyypillisesti korjaus tai varoitus julkaistaan 90 p\u00e4iv\u00e4n kuluessa haavoittuvuusraportin vastaanottamisesta. Kun korjaus on julkaistu, varoitus peruutetaan.<\/li><\/ol><p><strong><span style=\"font-size: 18pt;\">Vastaus- ja k\u00e4sittelyajat<\/span><\/strong><\/p><table style=\"height: 565px; width: 100%; border-collapse: collapse; border-color: #000000;\" border=\"1\"><tbody><tr style=\"height: 72px;\"><td style=\"width: 16.6667%; height: 72px;\">Palvelutaso<\/td><td style=\"width: 16.6667%; height: 72px;\">Tason nimi<\/td><td style=\"width: 16.6667%; height: 72px;\">Tason m\u00e4\u00e4ritelm\u00e4<\/td><td style=\"width: 16.6667%; height: 72px;\">Palvelutasosopimus<\/td><td style=\"width: 16.6667%; height: 72px;\">H\u00e4t\u00e4tilanteiden vasteaika<\/td><td style=\"width: 16.6667%; height: 72px;\">J\u00e4rjestelm\u00e4n palautumisaika<\/td><\/tr><tr style=\"height: 144px;\"><td style=\"width: 16.6667%; height: 144px;\">L0<\/td><td style=\"width: 16.6667%; height: 144px;\">Ydinpalvelut<\/td><td style=\"width: 16.6667%; height: 144px;\">Kaikki poikkeukset vaikuttavat kaikkiin ensisijaisiin liiketoimintatoimintoihin<\/td><td style=\"width: 16.6667%; height: 144px;\">20 metri\u00e4<\/td><td style=\"width: 16.6667%; height: 144px;\">7 p\u00e4iv\u00e4\u00e4<\/td><td style=\"width: 16.6667%; height: 144px;\">30 p\u00e4iv\u00e4\u00e4<\/td><\/tr><tr style=\"height: 128px;\"><td style=\"width: 16.6667%; height: 128px;\" width=\"94\"><p>L1<\/p><\/td><td style=\"width: 16.6667%; height: 128px;\" width=\"94\"><p>Kriittiset palvelut<\/p><\/td><td style=\"width: 16.6667%; height: 128px;\" width=\"94\"><p>Poikkeukset vaikuttavat joidenkin konttorien liiketoimintaan<\/p><\/td><td style=\"width: 16.6667%; height: 128px;\" width=\"94\"><p>20 metri\u00e4<\/p><\/td><td style=\"width: 16.6667%; height: 128px;\" width=\"94\"><p>10 p\u00e4iv\u00e4\u00e4<\/p><\/td><td style=\"width: 16.6667%; height: 128px;\" width=\"94\"><p>30 p\u00e4iv\u00e4\u00e4<\/p><\/td><\/tr><tr style=\"height: 128px;\"><td style=\"width: 16.6667%; height: 128px;\" width=\"94\"><p>L2<\/p><\/td><td style=\"width: 16.6667%; height: 128px;\" width=\"94\"><p>Yleiset palvelut<\/p><\/td><td style=\"width: 16.6667%; height: 128px;\" width=\"94\"><p>Poikkeukset eiv\u00e4t vaikuta t\u00e4rkeimpiin liiketoimintaprosesseihin<\/p><\/td><td style=\"width: 16.6667%; height: 128px;\" width=\"94\"><p>20 metri\u00e4<\/p><\/td><td style=\"width: 16.6667%; height: 128px;\" width=\"94\"><p>15 p\u00e4iv\u00e4\u00e4<\/p><\/td><td style=\"width: 16.6667%; height: 128px;\" width=\"94\"><p>60 p\u00e4iv\u00e4\u00e4<\/p><\/td><\/tr><tr style=\"height: 93px;\"><td style=\"width: 16.6667%; height: 93px;\" width=\"94\"><p>L3<\/p><\/td><td style=\"width: 16.6667%; height: 93px;\" width=\"94\"><p>Lis\u00e4palvelut<\/p><\/td><td style=\"width: 16.6667%; height: 93px;\" width=\"94\"><p>Poikkeukset ovat k\u00e4ytt\u00e4jille huomaamattomia<\/p><\/td><td style=\"width: 16.6667%; height: 93px;\" width=\"94\"><p>20 metri\u00e4<\/p><\/td><td style=\"width: 16.6667%; height: 93px;\" width=\"94\"><p>30 p\u00e4iv\u00e4\u00e4<\/p><\/td><td style=\"width: 16.6667%; height: 93px;\" width=\"94\"><p>90 p\u00e4iv\u00e4\u00e4<\/p><\/td><\/tr><\/tbody><\/table><table style=\"height: 50px; width: 59.3929%; border-color: #000000;\"><tbody><tr style=\"height: 10px;\"><td style=\"width: 11.4068%; height: 10px;\" width=\"94\">\u00a0<\/td><td style=\"width: 20.5359%; height: 10px;\" width=\"94\">\u00a0<\/td><td style=\"width: 20.3386%; height: 10px;\" width=\"94\">\u00a0<\/td><td style=\"width: 14.9959%; height: 10px;\" width=\"94\">\u00a0<\/td><td style=\"width: 15.5875%; height: 10px;\" width=\"94\">\u00a0<\/td><td style=\"width: 5.61151%; height: 10px;\" width=\"94\">\u00a0<\/td><\/tr><tr style=\"height: 10px;\"><td style=\"width: 11.4068%; height: 10px;\" width=\"94\">\u00a0<\/td><td style=\"width: 20.5359%; height: 10px;\" width=\"94\">\u00a0<\/td><td style=\"width: 20.3386%; height: 10px;\" width=\"94\">\u00a0<\/td><td style=\"width: 14.9959%; height: 10px;\" width=\"94\">\u00a0<\/td><td style=\"width: 15.5875%; height: 10px;\" width=\"94\">\u00a0<\/td><td style=\"width: 5.61151%; height: 10px;\" width=\"94\">\u00a0<\/td><\/tr><tr style=\"height: 10px;\"><td style=\"width: 11.4068%; height: 10px;\" width=\"94\">\u00a0<\/td><td style=\"width: 20.5359%; height: 10px;\" width=\"94\">\u00a0<\/td><td style=\"width: 20.3386%; height: 10px;\" width=\"94\">\u00a0<\/td><td style=\"width: 14.9959%; height: 10px;\" width=\"94\">\u00a0<\/td><td style=\"width: 15.5875%; height: 10px;\" width=\"94\">\u00a0<\/td><td style=\"width: 5.61151%; height: 10px;\" width=\"94\">\u00a0<\/td><\/tr><tr style=\"height: 10px;\"><td style=\"width: 11.4068%; height: 10px;\" width=\"94\">\u00a0<\/td><td style=\"width: 20.5359%; height: 10px;\" width=\"94\">\u00a0<\/td><td style=\"width: 20.3386%; height: 10px;\" width=\"94\">\u00a0<\/td><td style=\"width: 14.9959%; height: 10px;\" width=\"94\">\u00a0<\/td><td style=\"width: 15.5875%; height: 10px;\" width=\"94\">\u00a0<\/td><td style=\"width: 5.61151%; height: 10px;\" width=\"94\">\u00a0<\/td><\/tr><tr style=\"height: 10px;\"><td style=\"width: 11.4068%; height: 10px;\" width=\"94\">\u00a0<\/td><td style=\"width: 20.5359%; height: 10px;\" width=\"94\">\u00a0<\/td><td style=\"width: 20.3386%; height: 10px;\" width=\"94\">\u00a0<\/td><td style=\"width: 14.9959%; height: 10px;\" width=\"94\">\u00a0<\/td><td style=\"width: 15.5875%; height: 10px;\" width=\"94\">\u00a0<\/td><td style=\"width: 5.61151%; height: 10px;\" width=\"94\">\u00a0<\/td><\/tr><\/tbody><\/table><p>Huomautus: Yll\u00e4 mainitut vaste- ja k\u00e4sittelyajat on m\u00e4\u00e4ritelty kullekin palvelutasolle. \u201dH\u00e4t\u00e4tilanteisiin reagointiaika\u201d viittaa aikaan, jonka kuluessa ongelmaan reagoidaan, kun taas \u201dj\u00e4rjestelm\u00e4n palautumisaika\u201d viittaa aikaan, joka kuluu j\u00e4rjestelm\u00e4n t\u00e4ydelliseen palauttamiseen ja normaalin toiminnan palauttamiseen tapahtuman j\u00e4lkeen.<\/p><\/div><\/div>\t\t\t\t\t\t<\/div>\n\t\t\t\t<\/div>\n\t\t\t\t\t<\/div>\n\t\t<\/div>\n\t\t\t\t\t\t\t<\/div>\n\t\t<\/section>\n\t\t\t\t\t\t\t<\/div>","protected":false},"excerpt":{"rendered":"<p>At Beny: \u00a0we prioritize and uphold responsible disclosure and handling of vulnerabilities, while deeply valuing the contributions of all security researchers. If you come across any vulnerability, we encourage you to promptly report it to Beny@zjbeny.com. Rest assured, our team will diligently follow up on your report and provide timely feedback. To safeguard the security [&hellip;]<\/p>","protected":false},"author":3,"featured_media":0,"parent":0,"menu_order":46,"comment_status":"closed","ping_status":"closed","template":"","meta":{"footnotes":""},"class_list":["post-5131","page","type-page","status-publish","hentry"],"acf":[],"yoast_head":"<!-- This site is optimized with the Yoast SEO plugin v27.4 - https:\/\/yoast.com\/product\/yoast-seo-wordpress\/ -->\n<title>Terms &amp; Conditions |evB<\/title>\n<meta name=\"description\" content=\"Review the terms and conditions that evB applies with every transaction. We\u2019re the leading brand for eco-friendly and energy-saving EV chargers.\" \/>\n<meta name=\"robots\" content=\"index, follow, max-snippet:-1, max-image-preview:large, max-video-preview:-1\" \/>\n<link rel=\"canonical\" href=\"https:\/\/www.evb.com\/fi\/terms-and-conditions-2\/\" \/>\n<meta property=\"og:locale\" content=\"fi_FI\" \/>\n<meta property=\"og:type\" content=\"article\" \/>\n<meta property=\"og:title\" content=\"Terms &amp; Conditions |evB\" \/>\n<meta property=\"og:description\" content=\"Review the terms and conditions that evB applies with every transaction. We\u2019re the leading brand for eco-friendly and energy-saving EV chargers.\" \/>\n<meta property=\"og:url\" content=\"https:\/\/www.evb.com\/fi\/terms-and-conditions-2\/\" \/>\n<meta property=\"og:site_name\" content=\"EVB\" \/>\n<meta property=\"article:modified_time\" content=\"2023-11-24T07:16:48+00:00\" \/>\n<meta name=\"twitter:card\" content=\"summary_large_image\" \/>\n<meta name=\"twitter:label1\" content=\"Arvioitu lukuaika\" \/>\n\t<meta name=\"twitter:data1\" content=\"4 minuuttia\" \/>\n<script type=\"application\/ld+json\" class=\"yoast-schema-graph\">{\"@context\":\"https:\\\/\\\/schema.org\",\"@graph\":[{\"@type\":\"WebPage\",\"@id\":\"https:\\\/\\\/www.evb.com\\\/terms-and-conditions-2\\\/\",\"url\":\"https:\\\/\\\/www.evb.com\\\/terms-and-conditions-2\\\/\",\"name\":\"Terms & Conditions |evB\",\"isPartOf\":{\"@id\":\"https:\\\/\\\/www.evb.com\\\/#website\"},\"datePublished\":\"2023-07-28T05:39:53+00:00\",\"dateModified\":\"2023-11-24T07:16:48+00:00\",\"description\":\"Review the terms and conditions that evB applies with every transaction. We\u2019re the leading brand for eco-friendly and energy-saving EV chargers.\",\"breadcrumb\":{\"@id\":\"https:\\\/\\\/www.evb.com\\\/terms-and-conditions-2\\\/#breadcrumb\"},\"inLanguage\":\"fi\",\"potentialAction\":[{\"@type\":\"ReadAction\",\"target\":[\"https:\\\/\\\/www.evb.com\\\/terms-and-conditions-2\\\/\"]}]},{\"@type\":\"BreadcrumbList\",\"@id\":\"https:\\\/\\\/www.evb.com\\\/terms-and-conditions-2\\\/#breadcrumb\",\"itemListElement\":[{\"@type\":\"ListItem\",\"position\":1,\"name\":\"Home\",\"item\":\"https:\\\/\\\/www.evb.com\\\/\"},{\"@type\":\"ListItem\",\"position\":2,\"name\":\"Beny Network Security Vulnerability Management\"}]},{\"@type\":\"WebSite\",\"@id\":\"https:\\\/\\\/www.evb.com\\\/#website\",\"url\":\"https:\\\/\\\/www.evb.com\\\/\",\"name\":\"EVB\",\"description\":\"Smart EV Charging &amp; Energy Storage Solutions\",\"publisher\":{\"@id\":\"https:\\\/\\\/www.evb.com\\\/#organization\"},\"potentialAction\":[{\"@type\":\"SearchAction\",\"target\":{\"@type\":\"EntryPoint\",\"urlTemplate\":\"https:\\\/\\\/www.evb.com\\\/?s={search_term_string}\"},\"query-input\":{\"@type\":\"PropertyValueSpecification\",\"valueRequired\":true,\"valueName\":\"search_term_string\"}}],\"inLanguage\":\"fi\"},{\"@type\":\"Organization\",\"@id\":\"https:\\\/\\\/www.evb.com\\\/#organization\",\"name\":\"EVB\",\"url\":\"https:\\\/\\\/www.evb.com\\\/\",\"logo\":{\"@type\":\"ImageObject\",\"inLanguage\":\"fi\",\"@id\":\"https:\\\/\\\/www.evb.com\\\/#\\\/schema\\\/logo\\\/image\\\/\",\"url\":\"https:\\\/\\\/www.evb.com\\\/wp-content\\\/uploads\\\/2021\\\/03\\\/evb-3.png\",\"contentUrl\":\"https:\\\/\\\/www.evb.com\\\/wp-content\\\/uploads\\\/2021\\\/03\\\/evb-3.png\",\"width\":605,\"height\":626,\"caption\":\"EVB\"},\"image\":{\"@id\":\"https:\\\/\\\/www.evb.com\\\/#\\\/schema\\\/logo\\\/image\\\/\"}}]}<\/script>\n<!-- \/ Yoast SEO plugin. -->","yoast_head_json":{"title":"Terms & Conditions |evB","description":"Review the terms and conditions that evB applies with every transaction. We\u2019re the leading brand for eco-friendly and energy-saving EV chargers.","robots":{"index":"index","follow":"follow","max-snippet":"max-snippet:-1","max-image-preview":"max-image-preview:large","max-video-preview":"max-video-preview:-1"},"canonical":"https:\/\/www.evb.com\/fi\/terms-and-conditions-2\/","og_locale":"fi_FI","og_type":"article","og_title":"Terms & Conditions |evB","og_description":"Review the terms and conditions that evB applies with every transaction. We\u2019re the leading brand for eco-friendly and energy-saving EV chargers.","og_url":"https:\/\/www.evb.com\/fi\/terms-and-conditions-2\/","og_site_name":"EVB","article_modified_time":"2023-11-24T07:16:48+00:00","twitter_card":"summary_large_image","twitter_misc":{"Arvioitu lukuaika":"4 minuuttia"},"schema":{"@context":"https:\/\/schema.org","@graph":[{"@type":"WebPage","@id":"https:\/\/www.evb.com\/terms-and-conditions-2\/","url":"https:\/\/www.evb.com\/terms-and-conditions-2\/","name":"Terms & Conditions |evB","isPartOf":{"@id":"https:\/\/www.evb.com\/#website"},"datePublished":"2023-07-28T05:39:53+00:00","dateModified":"2023-11-24T07:16:48+00:00","description":"Review the terms and conditions that evB applies with every transaction. We\u2019re the leading brand for eco-friendly and energy-saving EV chargers.","breadcrumb":{"@id":"https:\/\/www.evb.com\/terms-and-conditions-2\/#breadcrumb"},"inLanguage":"fi","potentialAction":[{"@type":"ReadAction","target":["https:\/\/www.evb.com\/terms-and-conditions-2\/"]}]},{"@type":"BreadcrumbList","@id":"https:\/\/www.evb.com\/terms-and-conditions-2\/#breadcrumb","itemListElement":[{"@type":"ListItem","position":1,"name":"Home","item":"https:\/\/www.evb.com\/"},{"@type":"ListItem","position":2,"name":"Beny Network Security Vulnerability Management"}]},{"@type":"WebSite","@id":"https:\/\/www.evb.com\/#website","url":"https:\/\/www.evb.com\/","name":"EVB","description":"Smart EV Charging &amp; Energy Storage Solutions","publisher":{"@id":"https:\/\/www.evb.com\/#organization"},"potentialAction":[{"@type":"SearchAction","target":{"@type":"EntryPoint","urlTemplate":"https:\/\/www.evb.com\/?s={search_term_string}"},"query-input":{"@type":"PropertyValueSpecification","valueRequired":true,"valueName":"search_term_string"}}],"inLanguage":"fi"},{"@type":"Organization","@id":"https:\/\/www.evb.com\/#organization","name":"EVB","url":"https:\/\/www.evb.com\/","logo":{"@type":"ImageObject","inLanguage":"fi","@id":"https:\/\/www.evb.com\/#\/schema\/logo\/image\/","url":"https:\/\/www.evb.com\/wp-content\/uploads\/2021\/03\/evb-3.png","contentUrl":"https:\/\/www.evb.com\/wp-content\/uploads\/2021\/03\/evb-3.png","width":605,"height":626,"caption":"EVB"},"image":{"@id":"https:\/\/www.evb.com\/#\/schema\/logo\/image\/"}}]}},"_links":{"self":[{"href":"https:\/\/www.evb.com\/fi\/wp-json\/wp\/v2\/pages\/5131","targetHints":{"allow":["GET"]}}],"collection":[{"href":"https:\/\/www.evb.com\/fi\/wp-json\/wp\/v2\/pages"}],"about":[{"href":"https:\/\/www.evb.com\/fi\/wp-json\/wp\/v2\/types\/page"}],"author":[{"embeddable":true,"href":"https:\/\/www.evb.com\/fi\/wp-json\/wp\/v2\/users\/3"}],"replies":[{"embeddable":true,"href":"https:\/\/www.evb.com\/fi\/wp-json\/wp\/v2\/comments?post=5131"}],"version-history":[{"count":11,"href":"https:\/\/www.evb.com\/fi\/wp-json\/wp\/v2\/pages\/5131\/revisions"}],"predecessor-version":[{"id":5155,"href":"https:\/\/www.evb.com\/fi\/wp-json\/wp\/v2\/pages\/5131\/revisions\/5155"}],"wp:attachment":[{"href":"https:\/\/www.evb.com\/fi\/wp-json\/wp\/v2\/media?parent=5131"}],"curies":[{"name":"wp","href":"https:\/\/api.w.org\/{rel}","templated":true}]}}