{"id":5131,"date":"2023-07-28T13:39:53","date_gmt":"2023-07-28T05:39:53","guid":{"rendered":"https:\/\/www.evb.com\/?page_id=5131"},"modified":"2023-11-24T15:16:48","modified_gmt":"2023-11-24T07:16:48","slug":"terms-and-conditions-2","status":"publish","type":"page","link":"https:\/\/www.evb.com\/hu\/terms-and-conditions-2\/","title":{"rendered":"Beny h\u00e1l\u00f3zati biztons\u00e1gi sebezhet\u0151s\u00e9gkezel\u00e9s"},"content":{"rendered":"<div data-elementor-type=\"wp-page\" data-elementor-id=\"5131\" class=\"elementor elementor-5131\">\n\t\t\t\t\t\t\t\t\t<section class=\"elementor-section elementor-top-section elementor-element elementor-element-c2d4c78 elementor-section-full_width elementor-section-height-default elementor-section-height-default\" data-id=\"c2d4c78\" data-element_type=\"section\">\n\t\t\t\t\t\t<div class=\"elementor-container elementor-column-gap-no\">\n\t\t\t\t\t<div class=\"elementor-column elementor-col-100 elementor-top-column elementor-element elementor-element-46cb3ae\" data-id=\"46cb3ae\" data-element_type=\"column\">\n\t\t\t<div class=\"elementor-widget-wrap elementor-element-populated\">\n\t\t\t\t\t\t\t\t<div class=\"elementor-element elementor-element-b68fd46 elementor-widget elementor-widget-template\" data-id=\"b68fd46\" data-element_type=\"widget\" data-widget_type=\"template.default\">\n\t\t\t\t<div class=\"elementor-widget-container\">\n\t\t\t\t\t<div class=\"elementor-template\">\n\t\t\t\t\t<div data-elementor-type=\"section\" data-elementor-id=\"1378\" class=\"elementor elementor-1378\">\n\t\t\t\t\t\t\t\t<section class=\"elementor-section elementor-top-section elementor-element elementor-element-9498546 elementor-section-full_width elementor-section-height-default elementor-section-height-default\" data-id=\"9498546\" data-element_type=\"section\" data-settings=\"{&quot;background_background&quot;:&quot;gradient&quot;}\">\n\t\t\t\t\t\t\t<div class=\"elementor-background-overlay\"><\/div>\n\t\t\t\t\t\t\t<div class=\"elementor-container elementor-column-gap-default\">\n\t\t\t\t\t<div class=\"elementor-column elementor-col-100 elementor-top-column elementor-element elementor-element-cd2b9d8\" data-id=\"cd2b9d8\" data-element_type=\"column\">\n\t\t\t<div class=\"elementor-widget-wrap elementor-element-populated\">\n\t\t\t\t\t\t\t\t<section class=\"elementor-section elementor-inner-section elementor-element elementor-element-c2108f3 elementor-section-content-middle elementor-section-boxed elementor-section-height-default elementor-section-height-default\" data-id=\"c2108f3\" data-element_type=\"section\" data-settings=\"{&quot;background_background&quot;:&quot;classic&quot;}\">\n\t\t\t\t\t\t<div class=\"elementor-container elementor-column-gap-default\">\n\t\t\t\t\t<div class=\"elementor-column elementor-col-50 elementor-inner-column elementor-element elementor-element-7e5d22e\" data-id=\"7e5d22e\" data-element_type=\"column\">\n\t\t\t<div class=\"elementor-widget-wrap elementor-element-populated\">\n\t\t\t\t\t\t\t\t<div class=\"elementor-element elementor-element-19b2314 elementor-widget elementor-widget-MML Breadcrumbs\" data-id=\"19b2314\" data-element_type=\"widget\" data-settings=\"{&quot;breadcrumbs_type&quot;:&quot;post_type&quot;}\" data-widget_type=\"MML Breadcrumbs.default\">\n\t\t\t\t<div class=\"elementor-widget-container\">\n\t\t\t<ul class=\"pp-breadcrumbs pp-breadcrumbs-powerpack\">        <li class=\"pp-breadcrumbs-item pp-breadcrumbs-item-home\">\n            <a class=\"pp-breadcrumbs-crumb pp-breadcrumbs-crumb-link pp-breadcrumbs-crumb-home\" href=\"https:\/\/www.evb.com\/hu\" title=\"Otthon\">\n\t\t\t\t<span class=\"pp-breadcrumbs-text\">\n\t\t\t\t\t                        <span class=\"pp-icon\">\n\t\t\t\t\t\t\t<i aria-hidden=\"true\" class=\"fas fa-home\"><\/i>\t\t\t\t\t\t<\/span>\n                                        Otthon\t\t\t\t<\/span>\n            <\/a>\n        <\/li>\n        <li class=\"pp-breadcrumbs-separator\">                <span class='pp-separator-icon pp-icon'>\n\t\t\t\t\t<i aria-hidden=\"true\" class=\"fas fa-angle-right\"><\/i>\t\t\t\t<\/span>\n                <\/li><\/ul>\t\t<\/div>\n\t\t\t\t<\/div>\n\t\t\t\t<div class=\"elementor-element elementor-element-ec79451 elementor-widget elementor-widget-heading\" data-id=\"ec79451\" data-element_type=\"widget\" data-widget_type=\"heading.default\">\n\t\t\t\t<div class=\"elementor-widget-container\">\n\t\t\t<h1 class=\"elementor-heading-title elementor-size-default\">Beny h\u00e1l\u00f3zati biztons\u00e1gi sebezhet\u0151s\u00e9gkezel\u00e9s<\/h1>\t\t<\/div>\n\t\t\t\t<\/div>\n\t\t\t\t<div class=\"elementor-element elementor-element-58ab215 elementor-widget elementor-widget-text-editor\" data-id=\"58ab215\" data-element_type=\"widget\" data-widget_type=\"text-editor.default\">\n\t\t\t\t<div class=\"elementor-widget-container\">\n\t\t\t\t\t\t\t\t\t\t\t\t\t<\/div>\n\t\t\t\t<\/div>\n\t\t\t\t\t<\/div>\n\t\t<\/div>\n\t\t\t\t<div class=\"elementor-column elementor-col-50 elementor-inner-column elementor-element elementor-element-a88edc3\" data-id=\"a88edc3\" data-element_type=\"column\">\n\t\t\t<div class=\"elementor-widget-wrap\">\n\t\t\t\t\t\t\t\t\t<\/div>\n\t\t<\/div>\n\t\t\t\t\t\t\t<\/div>\n\t\t<\/section>\n\t\t\t\t\t<\/div>\n\t\t<\/div>\n\t\t\t\t\t\t\t<\/div>\n\t\t<\/section>\n\t\t\t\t\t\t<\/div>\n\t\t\t\t<\/div>\n\t\t\t\t<\/div>\n\t\t\t\t<\/div>\n\t\t\t\t\t<\/div>\n\t\t<\/div>\n\t\t\t\t\t\t\t<\/div>\n\t\t<\/section>\n\t\t\t\t<section class=\"elementor-section elementor-top-section elementor-element elementor-element-7edacd2 elementor-section-boxed elementor-section-height-default elementor-section-height-default\" data-id=\"7edacd2\" data-element_type=\"section\">\n\t\t\t\t\t\t<div class=\"elementor-container elementor-column-gap-default\">\n\t\t\t\t\t<div class=\"elementor-column elementor-col-100 elementor-top-column elementor-element elementor-element-683cf09\" data-id=\"683cf09\" data-element_type=\"column\">\n\t\t\t<div class=\"elementor-widget-wrap elementor-element-populated\">\n\t\t\t\t\t\t\t\t<div class=\"elementor-element elementor-element-906b9d0 elementor-widget elementor-widget-text-editor\" data-id=\"906b9d0\" data-element_type=\"widget\" data-widget_type=\"text-editor.default\">\n\t\t\t\t<div class=\"elementor-widget-container\">\n\t\t\t\t\t\t\t<div><div><p><strong><span style=\"font-size: 18pt;\"><span style=\"background-color: var( --e-global-color-f62ae9d ); color: var( --e-global-color-298168f );\">Benyn\u00e9l<\/span>:<\/span><\/strong><\/p><p>\u00a0Priorit\u00e1sk\u00e9nt kezelj\u00fck \u00e9s t\u00e1mogatjuk a sebezhet\u0151s\u00e9gek felel\u0151ss\u00e9gteljes k\u00f6zz\u00e9t\u00e9tel\u00e9t \u00e9s kezel\u00e9s\u00e9t, mik\u00f6zben m\u00e9lyen \u00e9rt\u00e9kelj\u00fck minden biztons\u00e1gi kutat\u00f3 hozz\u00e1j\u00e1rul\u00e1s\u00e1t. Ha b\u00e1rmilyen sebezhet\u0151s\u00e9gre bukkan, k\u00e9rj\u00fck, halad\u00e9ktalanul jelentse azt a Beny@zjbeny.com c\u00edmen. Biztos\u00edthatjuk, hogy csapatunk gondosan kivizsg\u00e1lja jelent\u00e9s\u00e9t, \u00e9s id\u0151ben visszajelz\u00e9st ad. Felhaszn\u00e1l\u00f3ink \u00e9s v\u00e1llalkoz\u00e1saink biztons\u00e1g\u00e1nak v\u00e9delme \u00e9rdek\u00e9ben k\u00e9rj\u00fck, hogy tart\u00f3zkodjon a sebezhet\u0151s\u00e9g k\u00f6zz\u00e9t\u00e9tel\u00e9t\u0151l vagy megoszt\u00e1s\u00e1t\u00f3l, am\u00edg azt hat\u00e9konyan nem kezelt\u00e9k \u00e9s nem oldott\u00e1k meg.<\/p><p><strong><span style=\"font-size: 18pt;\">Kezel\u00e9si folyamat:<\/span><\/strong><\/p><ol><li>A term\u00e9k m\u0171k\u00f6d\u00e9se sor\u00e1n felfedezett h\u00e1l\u00f3zati biztons\u00e1gi probl\u00e9m\u00e1kat k\u00f6zvetlen\u00fcl a Benynek jelentj\u00fck a Beny@zjbeny.com e-mail c\u00edmen.<\/li><li>A probl\u00e9ma k\u00e9zhezv\u00e9tel\u00e9t k\u00f6vet\u0151en a Benywill halad\u00e9ktalanul megszervezi a K+F csapatot a probl\u00e9ma elemz\u00e9s\u00e9nek elv\u00e9gz\u00e9s\u00e9re, \u00e9s 72 \u00f3r\u00e1n bel\u00fcl probl\u00e9maelemz\u00e9si jelent\u00e9st \u00e9s megold\u00e1st k\u00e9sz\u00edt.<\/li><li>A h\u00e1l\u00f3zati biztons\u00e1gi incidens megold\u00e1sa sor\u00e1n a Benywill hetente t\u00e1j\u00e9koztatja az illet\u00e9kes szem\u00e9lyzetet a folyamat el\u0151rehalad\u00e1s\u00e1r\u00f3l, \u00e9s az \u00f6sszes \u00e9rintett csapat felel\u0151s szem\u00e9lyeivel \u00e1ttekintteti az \u201eIncidens-fel\u00fclvizsg\u00e1lati jelent\u00e9st\u201d, jelezve az incidenskezel\u00e9si munka befejez\u00e9s\u00e9t.<\/li><li>Miut\u00e1n a Szoftvertesztel\u00e9si Oszt\u00e1ly probl\u00e9mamentesen tesztelte az \u00faj szoftvert, tesztel\u00e9si jelent\u00e9s k\u00e9sz\u00fcl. A tesztel\u00e9si jelent\u00e9s alapj\u00e1n a K+F Oszt\u00e1ly d\u00f6nt arr\u00f3l, hogy sz\u00fcks\u00e9ges-e friss\u00edt\u00e9s. Ha friss\u00edt\u00e9sre van sz\u00fcks\u00e9g, a K+F csapat verzi\u00f3friss\u00edt\u00e9si tervre vonatkoz\u00f3 aj\u00e1nl\u00e1st tesz az \u00fcgyf\u00e9lszolg\u00e1lati csapatnak. Az \u00fcgyf\u00e9lszolg\u00e1lati csapat j\u00f3v\u00e1hagy\u00e1s\u00e1nak megszerz\u00e9se ut\u00e1n a k\u00e9t csapat k\u00f6z\u00f6sen elv\u00e9gzi a szoftverfriss\u00edt\u00e9st az operat\u00edv termin\u00e1lok \u00e9s az \u00e9les hardverek sz\u00e1m\u00e1ra.<\/li><li>A friss\u00edt\u00e9s befejez\u00e9s\u00e9t k\u00f6vet\u0151en a K+F csapat \u00e1tfog\u00f3 fel\u00fclvizsg\u00e1latot v\u00e9gez az incidensr\u0151l, \u00e9s elk\u00e9sz\u00edt egy \u201eIncidens-fel\u00fclvizsg\u00e1lati jelent\u00e9st\u201d (bele\u00e9rtve a probl\u00e9ma ok\u00e1nak felkutat\u00e1s\u00e1t, a kezel\u00e9si int\u00e9zked\u00e9seket \u00e9s a nyomon k\u00f6vet\u00e9si fejleszt\u00e9si int\u00e9zked\u00e9seket).<\/li><li>A h\u00e1l\u00f3zati biztons\u00e1gi incidens megold\u00e1sa sor\u00e1n a K+F csapat napi szinten t\u00e1j\u00e9koztatja az illet\u00e9kes szem\u00e9lyzetet a folyamat el\u0151rehalad\u00e1s\u00e1r\u00f3l, \u00e9s az \u00f6sszes \u00e9rintett csapat felel\u0151s szem\u00e9lyei \u00e1ttekintik az \u201eIncidens-fel\u00fclvizsg\u00e1lati jelent\u00e9st\u201d, jelezve az incidenskezel\u00e9s befejez\u00e9s\u00e9t.<\/li><li>A kezdeti v\u00e1laszid\u0151ket a k\u00f6zz\u00e9tett sebezhet\u0151s\u00e9gi k\u00f6zz\u00e9t\u00e9teli szab\u00e1lyzat alapj\u00e1n hat\u00e1rozz\u00e1k meg. A jav\u00edt\u00e1st vagy figyelmeztet\u00e9st jellemz\u0151en a sebezhet\u0151s\u00e9gi jelent\u00e9s k\u00e9zhezv\u00e9tel\u00e9t\u0151l sz\u00e1m\u00edtott 90 napon bel\u00fcl adj\u00e1k ki. A jav\u00edt\u00e1s kiad\u00e1sa ut\u00e1n a figyelmeztet\u00e9st visszavonj\u00e1k.<\/li><\/ol><p><strong><span style=\"font-size: 18pt;\">V\u00e1lasz- \u00e9s kezel\u00e9si id\u0151k<\/span><\/strong><\/p><table style=\"height: 565px; width: 100%; border-collapse: collapse; border-color: #000000;\" border=\"1\"><tbody><tr style=\"height: 72px;\"><td style=\"width: 16.6667%; height: 72px;\">Szolg\u00e1ltat\u00e1si szint<\/td><td style=\"width: 16.6667%; height: 72px;\">Szint neve<\/td><td style=\"width: 16.6667%; height: 72px;\">Szintmeghat\u00e1roz\u00e1s<\/td><td style=\"width: 16.6667%; height: 72px;\">Szolg\u00e1ltat\u00e1si szint\u0171 meg\u00e1llapod\u00e1s<\/td><td style=\"width: 16.6667%; height: 72px;\">S\u00fcrg\u0151ss\u00e9gi reag\u00e1l\u00e1si id\u0151<\/td><td style=\"width: 16.6667%; height: 72px;\">Rendszer-helyre\u00e1ll\u00edt\u00e1si id\u0151<\/td><\/tr><tr style=\"height: 144px;\"><td style=\"width: 16.6667%; height: 144px;\">L0<\/td><td style=\"width: 16.6667%; height: 144px;\">Alapvet\u0151 szolg\u00e1ltat\u00e1sok<\/td><td style=\"width: 16.6667%; height: 144px;\">B\u00e1rmely kiv\u00e9tel az \u00f6sszes els\u0151dleges \u00fczleti tev\u00e9kenys\u00e9get \u00e9rinti.<\/td><td style=\"width: 16.6667%; height: 144px;\">20 m\u00e9ter<\/td><td style=\"width: 16.6667%; height: 144px;\">7 nap<\/td><td style=\"width: 16.6667%; height: 144px;\">30 nap<\/td><\/tr><tr style=\"height: 128px;\"><td style=\"width: 16.6667%; height: 128px;\" width=\"94\"><p>L1<\/p><\/td><td style=\"width: 16.6667%; height: 128px;\" width=\"94\"><p>Kritikus szolg\u00e1ltat\u00e1sok<\/p><\/td><td style=\"width: 16.6667%; height: 128px;\" width=\"94\"><p>A kiv\u00e9telek hat\u00e1ssal lesznek egyes fi\u00f3ktelepek \u00fczleti tev\u00e9kenys\u00e9g\u00e9re<\/p><\/td><td style=\"width: 16.6667%; height: 128px;\" width=\"94\"><p>20 m\u00e9ter<\/p><\/td><td style=\"width: 16.6667%; height: 128px;\" width=\"94\"><p>10 nap<\/p><\/td><td style=\"width: 16.6667%; height: 128px;\" width=\"94\"><p>30 nap<\/p><\/td><\/tr><tr style=\"height: 128px;\"><td style=\"width: 16.6667%; height: 128px;\" width=\"94\"><p>L2<\/p><\/td><td style=\"width: 16.6667%; height: 128px;\" width=\"94\"><p>\u00c1ltal\u00e1nos szolg\u00e1ltat\u00e1sok<\/p><\/td><td style=\"width: 16.6667%; height: 128px;\" width=\"94\"><p>A kiv\u00e9telek nem befoly\u00e1solj\u00e1k a f\u0151bb \u00fczleti folyamatokat<\/p><\/td><td style=\"width: 16.6667%; height: 128px;\" width=\"94\"><p>20 m\u00e9ter<\/p><\/td><td style=\"width: 16.6667%; height: 128px;\" width=\"94\"><p>15 nap<\/p><\/td><td style=\"width: 16.6667%; height: 128px;\" width=\"94\"><p>60 nap<\/p><\/td><\/tr><tr style=\"height: 93px;\"><td style=\"width: 16.6667%; height: 93px;\" width=\"94\"><p>L3<\/p><\/td><td style=\"width: 16.6667%; height: 93px;\" width=\"94\"><p>Tov\u00e1bbi szolg\u00e1ltat\u00e1sok<\/p><\/td><td style=\"width: 16.6667%; height: 93px;\" width=\"94\"><p>A kiv\u00e9telek a felhaszn\u00e1l\u00f3k sz\u00e1m\u00e1ra \u00e9szrev\u00e9tlenek<\/p><\/td><td style=\"width: 16.6667%; height: 93px;\" width=\"94\"><p>20 m\u00e9ter<\/p><\/td><td style=\"width: 16.6667%; height: 93px;\" width=\"94\"><p>30 nap<\/p><\/td><td style=\"width: 16.6667%; height: 93px;\" width=\"94\"><p>90d<\/p><\/td><\/tr><\/tbody><\/table><table style=\"height: 50px; width: 59.3929%; border-color: #000000;\"><tbody><tr style=\"height: 10px;\"><td style=\"width: 11.4068%; height: 10px;\" width=\"94\">\u00a0<\/td><td style=\"width: 20.5359%; height: 10px;\" width=\"94\">\u00a0<\/td><td style=\"width: 20.3386%; height: 10px;\" width=\"94\">\u00a0<\/td><td style=\"width: 14.9959%; height: 10px;\" width=\"94\">\u00a0<\/td><td style=\"width: 15.5875%; height: 10px;\" width=\"94\">\u00a0<\/td><td style=\"width: 5.61151%; height: 10px;\" width=\"94\">\u00a0<\/td><\/tr><tr style=\"height: 10px;\"><td style=\"width: 11.4068%; height: 10px;\" width=\"94\">\u00a0<\/td><td style=\"width: 20.5359%; height: 10px;\" width=\"94\">\u00a0<\/td><td style=\"width: 20.3386%; height: 10px;\" width=\"94\">\u00a0<\/td><td style=\"width: 14.9959%; height: 10px;\" width=\"94\">\u00a0<\/td><td style=\"width: 15.5875%; height: 10px;\" width=\"94\">\u00a0<\/td><td style=\"width: 5.61151%; height: 10px;\" width=\"94\">\u00a0<\/td><\/tr><tr style=\"height: 10px;\"><td style=\"width: 11.4068%; height: 10px;\" width=\"94\">\u00a0<\/td><td style=\"width: 20.5359%; height: 10px;\" width=\"94\">\u00a0<\/td><td style=\"width: 20.3386%; height: 10px;\" width=\"94\">\u00a0<\/td><td style=\"width: 14.9959%; height: 10px;\" width=\"94\">\u00a0<\/td><td style=\"width: 15.5875%; height: 10px;\" width=\"94\">\u00a0<\/td><td style=\"width: 5.61151%; height: 10px;\" width=\"94\">\u00a0<\/td><\/tr><tr style=\"height: 10px;\"><td style=\"width: 11.4068%; height: 10px;\" width=\"94\">\u00a0<\/td><td style=\"width: 20.5359%; height: 10px;\" width=\"94\">\u00a0<\/td><td style=\"width: 20.3386%; height: 10px;\" width=\"94\">\u00a0<\/td><td style=\"width: 14.9959%; height: 10px;\" width=\"94\">\u00a0<\/td><td style=\"width: 15.5875%; height: 10px;\" width=\"94\">\u00a0<\/td><td style=\"width: 5.61151%; height: 10px;\" width=\"94\">\u00a0<\/td><\/tr><tr style=\"height: 10px;\"><td style=\"width: 11.4068%; height: 10px;\" width=\"94\">\u00a0<\/td><td style=\"width: 20.5359%; height: 10px;\" width=\"94\">\u00a0<\/td><td style=\"width: 20.3386%; height: 10px;\" width=\"94\">\u00a0<\/td><td style=\"width: 14.9959%; height: 10px;\" width=\"94\">\u00a0<\/td><td style=\"width: 15.5875%; height: 10px;\" width=\"94\">\u00a0<\/td><td style=\"width: 5.61151%; height: 10px;\" width=\"94\">\u00a0<\/td><\/tr><\/tbody><\/table><p>Megjegyz\u00e9s: A fent eml\u00edtett v\u00e1laszad\u00e1si \u00e9s kezel\u00e9si id\u0151k minden szolg\u00e1ltat\u00e1si szintre k\u00fcl\u00f6n vannak meghat\u00e1rozva. A \u201eV\u00e9szhelyzeti v\u00e1laszad\u00e1si id\u0151\u201d arra az id\u0151re utal, amelyen bel\u00fcl a probl\u00e9ma megold\u00e1s\u00e1ra ir\u00e1nyul\u00f3 v\u00e1lasz megkezd\u0151dik, m\u00edg a \u201eRendszer-helyre\u00e1ll\u00edt\u00e1si id\u0151\u201d arra az id\u0151re utal, amely a rendszer teljes helyre\u00e1ll\u00edt\u00e1s\u00e1hoz \u00e9s a norm\u00e1l m\u0171k\u00f6d\u00e9s vissza\u00e1ll\u00edt\u00e1s\u00e1hoz sz\u00fcks\u00e9ges egy incidens ut\u00e1n.<\/p><\/div><\/div>\t\t\t\t\t\t<\/div>\n\t\t\t\t<\/div>\n\t\t\t\t\t<\/div>\n\t\t<\/div>\n\t\t\t\t\t\t\t<\/div>\n\t\t<\/section>\n\t\t\t\t\t\t\t<\/div>","protected":false},"excerpt":{"rendered":"<p>At Beny: \u00a0we prioritize and uphold responsible disclosure and handling of vulnerabilities, while deeply valuing the contributions of all security researchers. If you come across any vulnerability, we encourage you to promptly report it to Beny@zjbeny.com. Rest assured, our team will diligently follow up on your report and provide timely feedback. To safeguard the security [&hellip;]<\/p>","protected":false},"author":3,"featured_media":0,"parent":0,"menu_order":46,"comment_status":"closed","ping_status":"closed","template":"","meta":{"footnotes":""},"class_list":["post-5131","page","type-page","status-publish","hentry"],"acf":[],"yoast_head":"<!-- This site is optimized with the Yoast SEO plugin v27.4 - https:\/\/yoast.com\/product\/yoast-seo-wordpress\/ -->\n<title>Terms &amp; Conditions |evB<\/title>\n<meta name=\"description\" content=\"Review the terms and conditions that evB applies with every transaction. We\u2019re the leading brand for eco-friendly and energy-saving EV chargers.\" \/>\n<meta name=\"robots\" content=\"index, follow, max-snippet:-1, max-image-preview:large, max-video-preview:-1\" \/>\n<link rel=\"canonical\" href=\"https:\/\/www.evb.com\/hu\/terms-and-conditions-2\/\" \/>\n<meta property=\"og:locale\" content=\"hu_HU\" \/>\n<meta property=\"og:type\" content=\"article\" \/>\n<meta property=\"og:title\" content=\"Terms &amp; Conditions |evB\" \/>\n<meta property=\"og:description\" content=\"Review the terms and conditions that evB applies with every transaction. We\u2019re the leading brand for eco-friendly and energy-saving EV chargers.\" \/>\n<meta property=\"og:url\" content=\"https:\/\/www.evb.com\/hu\/terms-and-conditions-2\/\" \/>\n<meta property=\"og:site_name\" content=\"EVB\" \/>\n<meta property=\"article:modified_time\" content=\"2023-11-24T07:16:48+00:00\" \/>\n<meta name=\"twitter:card\" content=\"summary_large_image\" \/>\n<meta name=\"twitter:label1\" content=\"Becs\u00fclt olvas\u00e1si id\u0151\" \/>\n\t<meta name=\"twitter:data1\" content=\"4 perc\" \/>\n<script type=\"application\/ld+json\" class=\"yoast-schema-graph\">{\"@context\":\"https:\\\/\\\/schema.org\",\"@graph\":[{\"@type\":\"WebPage\",\"@id\":\"https:\\\/\\\/www.evb.com\\\/terms-and-conditions-2\\\/\",\"url\":\"https:\\\/\\\/www.evb.com\\\/terms-and-conditions-2\\\/\",\"name\":\"Terms & Conditions |evB\",\"isPartOf\":{\"@id\":\"https:\\\/\\\/www.evb.com\\\/#website\"},\"datePublished\":\"2023-07-28T05:39:53+00:00\",\"dateModified\":\"2023-11-24T07:16:48+00:00\",\"description\":\"Review the terms and conditions that evB applies with every transaction. We\u2019re the leading brand for eco-friendly and energy-saving EV chargers.\",\"breadcrumb\":{\"@id\":\"https:\\\/\\\/www.evb.com\\\/terms-and-conditions-2\\\/#breadcrumb\"},\"inLanguage\":\"hu\",\"potentialAction\":[{\"@type\":\"ReadAction\",\"target\":[\"https:\\\/\\\/www.evb.com\\\/terms-and-conditions-2\\\/\"]}]},{\"@type\":\"BreadcrumbList\",\"@id\":\"https:\\\/\\\/www.evb.com\\\/terms-and-conditions-2\\\/#breadcrumb\",\"itemListElement\":[{\"@type\":\"ListItem\",\"position\":1,\"name\":\"Home\",\"item\":\"https:\\\/\\\/www.evb.com\\\/\"},{\"@type\":\"ListItem\",\"position\":2,\"name\":\"Beny Network Security Vulnerability Management\"}]},{\"@type\":\"WebSite\",\"@id\":\"https:\\\/\\\/www.evb.com\\\/#website\",\"url\":\"https:\\\/\\\/www.evb.com\\\/\",\"name\":\"EVB\",\"description\":\"Smart EV Charging &amp; Energy Storage Solutions\",\"publisher\":{\"@id\":\"https:\\\/\\\/www.evb.com\\\/#organization\"},\"potentialAction\":[{\"@type\":\"SearchAction\",\"target\":{\"@type\":\"EntryPoint\",\"urlTemplate\":\"https:\\\/\\\/www.evb.com\\\/?s={search_term_string}\"},\"query-input\":{\"@type\":\"PropertyValueSpecification\",\"valueRequired\":true,\"valueName\":\"search_term_string\"}}],\"inLanguage\":\"hu\"},{\"@type\":\"Organization\",\"@id\":\"https:\\\/\\\/www.evb.com\\\/#organization\",\"name\":\"EVB\",\"url\":\"https:\\\/\\\/www.evb.com\\\/\",\"logo\":{\"@type\":\"ImageObject\",\"inLanguage\":\"hu\",\"@id\":\"https:\\\/\\\/www.evb.com\\\/#\\\/schema\\\/logo\\\/image\\\/\",\"url\":\"https:\\\/\\\/www.evb.com\\\/wp-content\\\/uploads\\\/2021\\\/03\\\/evb-3.png\",\"contentUrl\":\"https:\\\/\\\/www.evb.com\\\/wp-content\\\/uploads\\\/2021\\\/03\\\/evb-3.png\",\"width\":605,\"height\":626,\"caption\":\"EVB\"},\"image\":{\"@id\":\"https:\\\/\\\/www.evb.com\\\/#\\\/schema\\\/logo\\\/image\\\/\"}}]}<\/script>\n<!-- \/ Yoast SEO plugin. -->","yoast_head_json":{"title":"Terms & Conditions |evB","description":"Review the terms and conditions that evB applies with every transaction. We\u2019re the leading brand for eco-friendly and energy-saving EV chargers.","robots":{"index":"index","follow":"follow","max-snippet":"max-snippet:-1","max-image-preview":"max-image-preview:large","max-video-preview":"max-video-preview:-1"},"canonical":"https:\/\/www.evb.com\/hu\/terms-and-conditions-2\/","og_locale":"hu_HU","og_type":"article","og_title":"Terms & Conditions |evB","og_description":"Review the terms and conditions that evB applies with every transaction. We\u2019re the leading brand for eco-friendly and energy-saving EV chargers.","og_url":"https:\/\/www.evb.com\/hu\/terms-and-conditions-2\/","og_site_name":"EVB","article_modified_time":"2023-11-24T07:16:48+00:00","twitter_card":"summary_large_image","twitter_misc":{"Becs\u00fclt olvas\u00e1si id\u0151":"4 perc"},"schema":{"@context":"https:\/\/schema.org","@graph":[{"@type":"WebPage","@id":"https:\/\/www.evb.com\/terms-and-conditions-2\/","url":"https:\/\/www.evb.com\/terms-and-conditions-2\/","name":"Terms & Conditions |evB","isPartOf":{"@id":"https:\/\/www.evb.com\/#website"},"datePublished":"2023-07-28T05:39:53+00:00","dateModified":"2023-11-24T07:16:48+00:00","description":"Review the terms and conditions that evB applies with every transaction. We\u2019re the leading brand for eco-friendly and energy-saving EV chargers.","breadcrumb":{"@id":"https:\/\/www.evb.com\/terms-and-conditions-2\/#breadcrumb"},"inLanguage":"hu","potentialAction":[{"@type":"ReadAction","target":["https:\/\/www.evb.com\/terms-and-conditions-2\/"]}]},{"@type":"BreadcrumbList","@id":"https:\/\/www.evb.com\/terms-and-conditions-2\/#breadcrumb","itemListElement":[{"@type":"ListItem","position":1,"name":"Home","item":"https:\/\/www.evb.com\/"},{"@type":"ListItem","position":2,"name":"Beny Network Security Vulnerability Management"}]},{"@type":"WebSite","@id":"https:\/\/www.evb.com\/#website","url":"https:\/\/www.evb.com\/","name":"EVB","description":"Smart EV Charging &amp; Energy Storage Solutions","publisher":{"@id":"https:\/\/www.evb.com\/#organization"},"potentialAction":[{"@type":"SearchAction","target":{"@type":"EntryPoint","urlTemplate":"https:\/\/www.evb.com\/?s={search_term_string}"},"query-input":{"@type":"PropertyValueSpecification","valueRequired":true,"valueName":"search_term_string"}}],"inLanguage":"hu"},{"@type":"Organization","@id":"https:\/\/www.evb.com\/#organization","name":"EVB","url":"https:\/\/www.evb.com\/","logo":{"@type":"ImageObject","inLanguage":"hu","@id":"https:\/\/www.evb.com\/#\/schema\/logo\/image\/","url":"https:\/\/www.evb.com\/wp-content\/uploads\/2021\/03\/evb-3.png","contentUrl":"https:\/\/www.evb.com\/wp-content\/uploads\/2021\/03\/evb-3.png","width":605,"height":626,"caption":"EVB"},"image":{"@id":"https:\/\/www.evb.com\/#\/schema\/logo\/image\/"}}]}},"_links":{"self":[{"href":"https:\/\/www.evb.com\/hu\/wp-json\/wp\/v2\/pages\/5131","targetHints":{"allow":["GET"]}}],"collection":[{"href":"https:\/\/www.evb.com\/hu\/wp-json\/wp\/v2\/pages"}],"about":[{"href":"https:\/\/www.evb.com\/hu\/wp-json\/wp\/v2\/types\/page"}],"author":[{"embeddable":true,"href":"https:\/\/www.evb.com\/hu\/wp-json\/wp\/v2\/users\/3"}],"replies":[{"embeddable":true,"href":"https:\/\/www.evb.com\/hu\/wp-json\/wp\/v2\/comments?post=5131"}],"version-history":[{"count":11,"href":"https:\/\/www.evb.com\/hu\/wp-json\/wp\/v2\/pages\/5131\/revisions"}],"predecessor-version":[{"id":5155,"href":"https:\/\/www.evb.com\/hu\/wp-json\/wp\/v2\/pages\/5131\/revisions\/5155"}],"wp:attachment":[{"href":"https:\/\/www.evb.com\/hu\/wp-json\/wp\/v2\/media?parent=5131"}],"curies":[{"name":"wp","href":"https:\/\/api.w.org\/{rel}","templated":true}]}}