{"id":88,"date":"2022-07-31T17:29:18","date_gmt":"2022-07-31T09:29:18","guid":{"rendered":"https:\/\/www.evb.com\/?page_id=88"},"modified":"2024-03-08T18:08:59","modified_gmt":"2024-03-08T10:08:59","slug":"sustainability","status":"publish","type":"page","link":"https:\/\/www.evb.com\/hu\/sustainability\/","title":{"rendered":"Fenntarthat\u00f3s\u00e1g"},"content":{"rendered":"<div data-elementor-type=\"wp-page\" data-elementor-id=\"88\" class=\"elementor elementor-88\">\n\t\t\t\t\t\t\t\t\t<section class=\"elementor-section elementor-top-section elementor-element elementor-element-6b64d7a elementor-section-full_width elementor-section-height-default elementor-section-height-default\" data-id=\"6b64d7a\" data-element_type=\"section\">\n\t\t\t\t\t\t<div class=\"elementor-container elementor-column-gap-default\">\n\t\t\t\t\t<div class=\"elementor-column elementor-col-100 elementor-top-column elementor-element elementor-element-1ffc13a5\" data-id=\"1ffc13a5\" data-element_type=\"column\">\n\t\t\t<div class=\"elementor-widget-wrap elementor-element-populated\">\n\t\t\t\t\t\t\t\t<section class=\"elementor-section elementor-inner-section elementor-element elementor-element-1fe4cbfb elementor-section-content-middle elementor-section-full_width elementor-section-height-default elementor-section-height-default\" data-id=\"1fe4cbfb\" data-element_type=\"section\" data-settings=\"{&quot;background_background&quot;:&quot;classic&quot;}\">\n\t\t\t\t\t\t<div class=\"elementor-container elementor-column-gap-default\">\n\t\t\t\t\t<div class=\"elementor-column elementor-col-50 elementor-inner-column elementor-element elementor-element-56331d6a\" data-id=\"56331d6a\" data-element_type=\"column\">\n\t\t\t<div class=\"elementor-widget-wrap elementor-element-populated\">\n\t\t\t\t\t\t\t\t<div class=\"elementor-element elementor-element-47e558ef elementor-widget elementor-widget-MML Breadcrumbs\" data-id=\"47e558ef\" data-element_type=\"widget\" data-settings=\"{&quot;breadcrumbs_type&quot;:&quot;post_type&quot;}\" data-widget_type=\"MML Breadcrumbs.default\">\n\t\t\t\t<div class=\"elementor-widget-container\">\n\t\t\t<ul class=\"pp-breadcrumbs pp-breadcrumbs-powerpack\">        <li class=\"pp-breadcrumbs-item pp-breadcrumbs-item-home\">\n            <a class=\"pp-breadcrumbs-crumb pp-breadcrumbs-crumb-link pp-breadcrumbs-crumb-home\" href=\"https:\/\/www.evb.com\/hu\" title=\"Otthon\">\n\t\t\t\t<span class=\"pp-breadcrumbs-text\">\n\t\t\t\t\t                        <span class=\"pp-icon\">\n\t\t\t\t\t\t\t<i aria-hidden=\"true\" class=\"fas fa-home\"><\/i>\t\t\t\t\t\t<\/span>\n                                        Otthon\t\t\t\t<\/span>\n            <\/a>\n        <\/li>\n        <li class=\"pp-breadcrumbs-separator\">                <span class='pp-separator-icon pp-icon'>\n\t\t\t\t\t<i aria-hidden=\"true\" class=\"fas fa-angle-right\"><\/i>\t\t\t\t<\/span>\n                <\/li><\/ul>\t\t<\/div>\n\t\t\t\t<\/div>\n\t\t\t\t<div class=\"elementor-element elementor-element-37c264b8 elementor-widget elementor-widget-heading\" data-id=\"37c264b8\" data-element_type=\"widget\" data-widget_type=\"heading.default\">\n\t\t\t\t<div class=\"elementor-widget-container\">\n\t\t\t<h1 class=\"elementor-heading-title elementor-size-default\">Fenntarthat\u00f3s\u00e1g<\/h1>\t\t<\/div>\n\t\t\t\t<\/div>\n\t\t\t\t<div class=\"elementor-element elementor-element-b90a237 elementor-widget elementor-widget-text-editor\" data-id=\"b90a237\" data-element_type=\"widget\" data-widget_type=\"text-editor.default\">\n\t\t\t\t<div class=\"elementor-widget-container\">\n\t\t\t\t\t\t\t<p><span style=\"color: #ffffff;\">Fedezze fel a fenntarthat\u00f3s\u00e1g j\u00f6v\u0151j\u00e9t innovat\u00edv elektromosj\u00e1rm\u0171-megold\u00e1sainkkal. Intelligens elektromosj\u00e1rm\u0171-t\u00f6lt\u00e9si technol\u00f3gi\u00e1nk z\u00f6kken\u0151mentesen integr\u00e1l\u00f3dik az energiah\u00e1l\u00f3zatba, biztos\u00edtva a hat\u00e9kony \u00e9s k\u00f6rnyezetbar\u00e1t k\u00f6zleked\u00e9st. Csatlakozzon hozz\u00e1nk egy z\u00f6ldebb holnap form\u00e1l\u00e1s\u00e1ban.<\/span><\/p>\t\t\t\t\t\t<\/div>\n\t\t\t\t<\/div>\n\t\t\t\t<div class=\"elementor-element elementor-element-101742b5 elementor-widget elementor-widget-text-editor\" data-id=\"101742b5\" data-element_type=\"widget\" data-widget_type=\"text-editor.default\">\n\t\t\t\t<div class=\"elementor-widget-container\">\n\t\t\t\t\t\t\t\t\t\t\t\t\t<\/div>\n\t\t\t\t<\/div>\n\t\t\t\t\t<\/div>\n\t\t<\/div>\n\t\t\t\t<div class=\"elementor-column elementor-col-50 elementor-inner-column elementor-element elementor-element-691065fe\" data-id=\"691065fe\" data-element_type=\"column\">\n\t\t\t<div class=\"elementor-widget-wrap\">\n\t\t\t\t\t\t\t\t\t<\/div>\n\t\t<\/div>\n\t\t\t\t\t\t\t<\/div>\n\t\t<\/section>\n\t\t\t\t\t<\/div>\n\t\t<\/div>\n\t\t\t\t\t\t\t<\/div>\n\t\t<\/section>\n\t\t\t\t<section class=\"elementor-section elementor-top-section elementor-element elementor-element-7d5400e elementor-section-boxed elementor-section-height-default elementor-section-height-default\" data-id=\"7d5400e\" data-element_type=\"section\">\n\t\t\t\t\t\t<div class=\"elementor-container elementor-column-gap-default\">\n\t\t\t\t\t<div class=\"elementor-column elementor-col-100 elementor-top-column elementor-element elementor-element-01bc6b1\" data-id=\"01bc6b1\" data-element_type=\"column\">\n\t\t\t<div class=\"elementor-widget-wrap elementor-element-populated\">\n\t\t\t\t\t\t\t\t<div class=\"elementor-element elementor-element-5fbb488 elementor-widget elementor-widget-spacer\" data-id=\"5fbb488\" data-element_type=\"widget\" data-widget_type=\"spacer.default\">\n\t\t\t\t<div class=\"elementor-widget-container\">\n\t\t\t\t\t<div class=\"elementor-spacer\">\n\t\t\t<div class=\"elementor-spacer-inner\"><\/div>\n\t\t<\/div>\n\t\t\t\t<\/div>\n\t\t\t\t<\/div>\n\t\t\t\t\t<\/div>\n\t\t<\/div>\n\t\t\t\t\t\t\t<\/div>\n\t\t<\/section>\n\t\t\t\t<section class=\"elementor-section elementor-top-section elementor-element elementor-element-29ed806 elementor-section-boxed elementor-section-height-default elementor-section-height-default\" data-id=\"29ed806\" data-element_type=\"section\">\n\t\t\t\t\t\t<div class=\"elementor-container elementor-column-gap-default\">\n\t\t\t\t\t<div class=\"elementor-column elementor-col-50 elementor-top-column elementor-element elementor-element-34a3d46\" data-id=\"34a3d46\" data-element_type=\"column\">\n\t\t\t<div class=\"elementor-widget-wrap elementor-element-populated\">\n\t\t\t\t\t\t\t\t<div class=\"elementor-element elementor-element-b114deb elementor-widget__width-initial elementor-widget elementor-widget-image\" data-id=\"b114deb\" data-element_type=\"widget\" data-widget_type=\"image.default\">\n\t\t\t\t<div class=\"elementor-widget-container\">\n\t\t\t\t\t\t\t\t\t\t\t\t\t\t\t<img loading=\"lazy\" decoding=\"async\" width=\"580\" height=\"435\" src=\"https:\/\/www.evb.com\/wp-content\/uploads\/2024\/03\/EV-charging-ecosystem.png\" class=\"attachment-large size-large wp-image-12851\" alt=\"Elektromosaut\u00f3-t\u00f6lt\u00e9si \u00f6kosziszt\u00e9ma\" \/>\t\t\t\t\t\t\t\t\t\t\t\t\t\t\t<\/div>\n\t\t\t\t<\/div>\n\t\t\t\t\t<\/div>\n\t\t<\/div>\n\t\t\t\t<div class=\"elementor-column elementor-col-50 elementor-top-column elementor-element elementor-element-d5d466d\" data-id=\"d5d466d\" data-element_type=\"column\">\n\t\t\t<div class=\"elementor-widget-wrap elementor-element-populated\">\n\t\t\t\t\t\t\t\t<div class=\"elementor-element elementor-element-01c6e12 elementor-widget elementor-widget-heading\" data-id=\"01c6e12\" data-element_type=\"widget\" data-widget_type=\"heading.default\">\n\t\t\t\t<div class=\"elementor-widget-container\">\n\t\t\t<h2 class=\"elementor-heading-title elementor-size-default\">V\u00e1lj az \u00f6kosziszt\u00e9ma r\u00e9sz\u00e9v\u00e9<\/h2>\t\t<\/div>\n\t\t\t\t<\/div>\n\t\t\t\t<div class=\"elementor-element elementor-element-f4e79e6 elementor-widget elementor-widget-text-editor\" data-id=\"f4e79e6\" data-element_type=\"widget\" data-widget_type=\"text-editor.default\">\n\t\t\t\t<div class=\"elementor-widget-container\">\n\t\t\t\t\t\t\t<p>Az EVB az \u00d6n els\u0151dleges partnere az intelligens elektromosj\u00e1rm\u0171-t\u00f6lt\u00e9si megold\u00e1sok t\u00e1mogat\u00e1s\u00e1ban az \u00fczemeltet\u0151k, aut\u00f3keresked\u0151k \u00e9s forgalmaz\u00f3k k\u00f6r\u00e9ben.<\/p><p>Egy\u00fcttesen jelent\u0151s hat\u00e1st gyakorolunk az intelligens elektromosj\u00e1rm\u0171-t\u00f6lt\u00e9si \u00f6kosziszt\u00e9ma fejleszt\u00e9s\u00e9re. Az energiafogyaszt\u00e1s cs\u00f6kkent\u00e9s\u00e9vel elektromosj\u00e1rm\u0171-megold\u00e1saink jelent\u0151s el\u0151ny\u00f6ket biztos\u00edtanak, n\u00f6velve a v\u00e1llalkoz\u00e1sok k\u00e9nyelm\u00e9t.<\/p>\t\t\t\t\t\t<\/div>\n\t\t\t\t<\/div>\n\t\t\t\t\t<\/div>\n\t\t<\/div>\n\t\t\t\t\t\t\t<\/div>\n\t\t<\/section>\n\t\t\t\t<section class=\"elementor-section elementor-top-section elementor-element elementor-element-50122ee elementor-reverse-mobile elementor-section-boxed elementor-section-height-default elementor-section-height-default\" data-id=\"50122ee\" data-element_type=\"section\">\n\t\t\t\t\t\t<div class=\"elementor-container elementor-column-gap-default\">\n\t\t\t\t\t<div class=\"elementor-column elementor-col-50 elementor-top-column elementor-element elementor-element-dcafb98\" data-id=\"dcafb98\" data-element_type=\"column\">\n\t\t\t<div class=\"elementor-widget-wrap elementor-element-populated\">\n\t\t\t\t\t\t\t\t<div class=\"elementor-element elementor-element-034f194 elementor-widget elementor-widget-heading\" data-id=\"034f194\" data-element_type=\"widget\" data-widget_type=\"heading.default\">\n\t\t\t\t<div class=\"elementor-widget-container\">\n\t\t\t<h2 class=\"elementor-heading-title elementor-size-default\">Intelligens elektromos aut\u00f3 t\u00f6lt\u00e9s \u00e9s fenntarthat\u00f3 energiah\u00e1l\u00f3zat<\/h2>\t\t<\/div>\n\t\t\t\t<\/div>\n\t\t\t\t<div class=\"elementor-element elementor-element-6859c26 elementor-widget elementor-widget-text-editor\" data-id=\"6859c26\" data-element_type=\"widget\" data-widget_type=\"text-editor.default\">\n\t\t\t\t<div class=\"elementor-widget-container\">\n\t\t\t\t\t\t\t<p>Felh\u0151alap\u00fa, intelligens elektromosj\u00e1rm\u0171-t\u00f6lt\u0151\u00e1llom\u00e1sok fel\u00fcgyeleti rendszer\u00fcnk rugalmas megold\u00e1st k\u00edn\u00e1l, amely a kiegyens\u00falyozott t\u00f6lt\u00e9si id\u0151ket \u00e9s a hat\u00e9kony energiaeloszt\u00e1st helyezi el\u0151t\u00e9rbe. Ezzel a rendszerrel a t\u00f6lt\u0151pontok tulajdonosai z\u00f6kken\u0151mentes hozz\u00e1f\u00e9r\u00e9st kapnak a felh\u0151h\u00f6z, lehet\u0151v\u00e9 t\u00e9ve sz\u00e1mukra a t\u00f6lt\u0151\u00e1llom\u00e1sok t\u00e1voli elind\u00edt\u00e1s\u00e1t, le\u00e1ll\u00edt\u00e1s\u00e1t vagy \u00fajraind\u00edt\u00e1s\u00e1t.\u00a0<\/p><p>Ez az egyszer\u0171s\u00edtett megk\u00f6zel\u00edt\u00e9s nemcsak az intelligens elektromos j\u00e1rm\u0171t\u00f6lt\u00e9s elterjed\u00e9s\u00e9t seg\u00edti el\u0151, hanem hozz\u00e1j\u00e1rul egy fenntarthat\u00f3bb energiah\u00e1l\u00f3zathoz is.<\/p>\t\t\t\t\t\t<\/div>\n\t\t\t\t<\/div>\n\t\t\t\t\t<\/div>\n\t\t<\/div>\n\t\t\t\t<div class=\"elementor-column elementor-col-50 elementor-top-column elementor-element elementor-element-5a3e36f\" data-id=\"5a3e36f\" data-element_type=\"column\">\n\t\t\t<div class=\"elementor-widget-wrap elementor-element-populated\">\n\t\t\t\t\t\t\t\t<div class=\"elementor-element elementor-element-98fe05a elementor-widget elementor-widget-image\" data-id=\"98fe05a\" data-element_type=\"widget\" data-widget_type=\"image.default\">\n\t\t\t\t<div class=\"elementor-widget-container\">\n\t\t\t\t\t\t\t\t\t\t\t\t\t\t\t<img loading=\"lazy\" decoding=\"async\" width=\"580\" height=\"435\" src=\"https:\/\/www.evb.com\/wp-content\/uploads\/2024\/03\/smart-ev-charging.png\" class=\"attachment-large size-large wp-image-12860\" alt=\"intelligens elektromos aut\u00f3 t\u00f6lt\u00e9s\" \/>\t\t\t\t\t\t\t\t\t\t\t\t\t\t\t<\/div>\n\t\t\t\t<\/div>\n\t\t\t\t\t<\/div>\n\t\t<\/div>\n\t\t\t\t\t\t\t<\/div>\n\t\t<\/section>\n\t\t\t\t<section class=\"elementor-section elementor-top-section elementor-element elementor-element-84979a8 elementor-section-boxed elementor-section-height-default elementor-section-height-default\" data-id=\"84979a8\" data-element_type=\"section\">\n\t\t\t\t\t\t<div class=\"elementor-container elementor-column-gap-default\">\n\t\t\t\t\t<div class=\"elementor-column elementor-col-100 elementor-top-column elementor-element elementor-element-37a3aca\" data-id=\"37a3aca\" data-element_type=\"column\">\n\t\t\t<div class=\"elementor-widget-wrap elementor-element-populated\">\n\t\t\t\t\t\t\t\t<div class=\"elementor-element elementor-element-1bf1904 elementor-widget elementor-widget-spacer\" data-id=\"1bf1904\" data-element_type=\"widget\" data-widget_type=\"spacer.default\">\n\t\t\t\t<div class=\"elementor-widget-container\">\n\t\t\t\t\t<div class=\"elementor-spacer\">\n\t\t\t<div class=\"elementor-spacer-inner\"><\/div>\n\t\t<\/div>\n\t\t\t\t<\/div>\n\t\t\t\t<\/div>\n\t\t\t\t\t<\/div>\n\t\t<\/div>\n\t\t\t\t\t\t\t<\/div>\n\t\t<\/section>\n\t\t\t\t<section class=\"elementor-section elementor-top-section elementor-element elementor-element-41e8496 elementor-section-boxed elementor-section-height-default elementor-section-height-default\" data-id=\"41e8496\" data-element_type=\"section\">\n\t\t\t\t\t\t<div class=\"elementor-container elementor-column-gap-default\">\n\t\t\t\t\t<div class=\"elementor-column elementor-col-100 elementor-top-column elementor-element elementor-element-87048bd\" data-id=\"87048bd\" data-element_type=\"column\">\n\t\t\t<div class=\"elementor-widget-wrap elementor-element-populated\">\n\t\t\t\t\t\t\t\t<section class=\"elementor-section elementor-inner-section elementor-element elementor-element-2ab23e7 elementor-section-height-min-height elementor-section-boxed elementor-section-height-default\" data-id=\"2ab23e7\" data-element_type=\"section\" data-settings=\"{&quot;background_background&quot;:&quot;classic&quot;}\">\n\t\t\t\t\t\t<div class=\"elementor-container elementor-column-gap-default\">\n\t\t\t\t\t<div class=\"elementor-column elementor-col-50 elementor-inner-column elementor-element elementor-element-c9ca079\" data-id=\"c9ca079\" data-element_type=\"column\">\n\t\t\t<div class=\"elementor-widget-wrap elementor-element-populated\">\n\t\t\t\t\t\t\t\t<div class=\"elementor-element elementor-element-d27c141 elementor-widget elementor-widget-heading\" data-id=\"d27c141\" data-element_type=\"widget\" data-widget_type=\"heading.default\">\n\t\t\t\t<div class=\"elementor-widget-container\">\n\t\t\t<h2 class=\"elementor-heading-title elementor-size-default\">T\u00f6bb mint 150 milli\u00f3 elektromos m\u00e9rf\u00f6ld<\/h2>\t\t<\/div>\n\t\t\t\t<\/div>\n\t\t\t\t<div class=\"elementor-element elementor-element-d58a0f5 elementor-widget elementor-widget-text-editor\" data-id=\"d58a0f5\" data-element_type=\"widget\" data-widget_type=\"text-editor.default\">\n\t\t\t\t<div class=\"elementor-widget-container\">\n\t\t\t\t\t\t\t<div id=\"u158\" class=\"ax_default shape1\"><div id=\"u158_text\" class=\"text\"><p><span style=\"color: #ffffff;\">A cs\u00facskateg\u00f3ri\u00e1s intelligens elektromosj\u00e1rm\u0171-t\u00f6lt\u00e9si technol\u00f3gi\u00e1nknak k\u00f6sz\u00f6nhet\u0151en elektromosj\u00e1rm\u0171-energiaell\u00e1t\u00e1si megold\u00e1saink forradalmas\u00edtott\u00e1k az ipar\u00e1gat, t\u00f6bb mint 5500-szoros hat\u00e9konys\u00e1ggal fel\u00fclm\u00falva m\u00e1s t\u00f6lt\u00e9si forr\u00e1sokat. Ez az \u00e1tt\u00f6r\u00e9s lehet\u0151v\u00e9 tette sz\u00e1munkra, hogy jelent\u0151sen hozz\u00e1j\u00e1ruljunk az energiah\u00e1l\u00f3zathoz, t\u00f6bb mint 150 milli\u00f3 elektromos m\u00e9rf\u00f6ldet lefedve. Ez a sz\u00e9les k\u00f6rben elterjedt \u00e9s stabil energiaell\u00e1t\u00e1s fenntarthat\u00f3 energi\u00e1t biztos\u00edt a k\u00f6z\u00f6ss\u00e9gek sz\u00e1m\u00e1ra vil\u00e1gszerte, t\u00e1mogatva \u0151ket t\u00f6lt\u00e9si ig\u00e9nyeik kiel\u00e9g\u00edt\u00e9s\u00e9ben. Az intelligens elektromosj\u00e1rm\u0171-t\u00f6lt\u00e9s ir\u00e1nti elk\u00f6telezetts\u00e9g\u00fcnk nemcsak a k\u00f6rnyezetnek kedvez, hanem p\u00e1ratlan el\u0151ny\u00f6ket k\u00edn\u00e1l \u00fcgyfeleink sz\u00e1m\u00e1ra is.<\/span><\/p><\/div><\/div>\t\t\t\t\t\t<\/div>\n\t\t\t\t<\/div>\n\t\t\t\t\t<\/div>\n\t\t<\/div>\n\t\t\t\t<div class=\"elementor-column elementor-col-50 elementor-inner-column elementor-element elementor-element-1ab7ff8\" data-id=\"1ab7ff8\" data-element_type=\"column\">\n\t\t\t<div class=\"elementor-widget-wrap\">\n\t\t\t\t\t\t\t\t\t<\/div>\n\t\t<\/div>\n\t\t\t\t\t\t\t<\/div>\n\t\t<\/section>\n\t\t\t\t\t<\/div>\n\t\t<\/div>\n\t\t\t\t\t\t\t<\/div>\n\t\t<\/section>\n\t\t\t\t\t\t\t<\/div>","protected":false},"excerpt":{"rendered":"<p>Home Discover the future of sustainability with our innovative EV power solutions. Our smart EV charging\u00a0technology seamlessly integrates with the energy grid, ensuring efficient and eco-friendly transportation. Join us in shaping a greener tomorrow. Become Part of the Ecosystem EVB stands as your top-tier partner in advocating for smart EV charging solutions among operators, auto [&hellip;]<\/p>","protected":false},"author":2,"featured_media":0,"parent":0,"menu_order":43,"comment_status":"closed","ping_status":"closed","template":"","meta":{"footnotes":""},"class_list":["post-88","page","type-page","status-publish","hentry"],"acf":[],"yoast_head":"<!-- This site is optimized with the Yoast SEO plugin v27.4 - https:\/\/yoast.com\/product\/yoast-seo-wordpress\/ -->\n<title>Sustainability &amp; Smart EV Charging Experience from EVB<\/title>\n<meta name=\"description\" content=\"EVB offers a sustainable path forward for EV power solutions through smart EV charging and a sustainable energy grid.\" \/>\n<meta name=\"robots\" content=\"index, follow, max-snippet:-1, max-image-preview:large, max-video-preview:-1\" \/>\n<link rel=\"canonical\" href=\"https:\/\/www.evb.com\/hu\/sustainability\/\" \/>\n<meta property=\"og:locale\" content=\"hu_HU\" \/>\n<meta property=\"og:type\" content=\"article\" \/>\n<meta property=\"og:title\" content=\"Sustainability &amp; Smart EV Charging Experience from EVB\" \/>\n<meta property=\"og:description\" content=\"EVB offers a sustainable path forward for EV power solutions through smart EV charging and a sustainable energy grid.\" \/>\n<meta property=\"og:url\" content=\"https:\/\/www.evb.com\/hu\/sustainability\/\" \/>\n<meta property=\"og:site_name\" content=\"EVB\" \/>\n<meta property=\"article:modified_time\" content=\"2024-03-08T10:08:59+00:00\" \/>\n<meta property=\"og:image\" content=\"https:\/\/www.evb.com\/wp-content\/uploads\/2024\/03\/EV-charging-ecosystem.png\" \/>\n<meta name=\"twitter:card\" content=\"summary_large_image\" \/>\n<meta name=\"twitter:label1\" content=\"Becs\u00fclt olvas\u00e1si id\u0151\" \/>\n\t<meta name=\"twitter:data1\" content=\"2 perc\" \/>\n<script type=\"application\/ld+json\" class=\"yoast-schema-graph\">{\"@context\":\"https:\\\/\\\/schema.org\",\"@graph\":[{\"@type\":\"WebPage\",\"@id\":\"https:\\\/\\\/www.evb.com\\\/sustainability\\\/\",\"url\":\"https:\\\/\\\/www.evb.com\\\/sustainability\\\/\",\"name\":\"Sustainability & Smart EV Charging Experience from EVB\",\"isPartOf\":{\"@id\":\"https:\\\/\\\/www.evb.com\\\/#website\"},\"primaryImageOfPage\":{\"@id\":\"https:\\\/\\\/www.evb.com\\\/sustainability\\\/#primaryimage\"},\"image\":{\"@id\":\"https:\\\/\\\/www.evb.com\\\/sustainability\\\/#primaryimage\"},\"thumbnailUrl\":\"https:\\\/\\\/www.evb.com\\\/wp-content\\\/uploads\\\/2024\\\/03\\\/EV-charging-ecosystem.png\",\"datePublished\":\"2022-07-31T09:29:18+00:00\",\"dateModified\":\"2024-03-08T10:08:59+00:00\",\"description\":\"EVB offers a sustainable path forward for EV power solutions through smart EV charging and a sustainable energy grid.\",\"breadcrumb\":{\"@id\":\"https:\\\/\\\/www.evb.com\\\/sustainability\\\/#breadcrumb\"},\"inLanguage\":\"hu\",\"potentialAction\":[{\"@type\":\"ReadAction\",\"target\":[\"https:\\\/\\\/www.evb.com\\\/sustainability\\\/\"]}]},{\"@type\":\"ImageObject\",\"inLanguage\":\"hu\",\"@id\":\"https:\\\/\\\/www.evb.com\\\/sustainability\\\/#primaryimage\",\"url\":\"https:\\\/\\\/www.evb.com\\\/wp-content\\\/uploads\\\/2024\\\/03\\\/EV-charging-ecosystem.png\",\"contentUrl\":\"https:\\\/\\\/www.evb.com\\\/wp-content\\\/uploads\\\/2024\\\/03\\\/EV-charging-ecosystem.png\"},{\"@type\":\"BreadcrumbList\",\"@id\":\"https:\\\/\\\/www.evb.com\\\/sustainability\\\/#breadcrumb\",\"itemListElement\":[{\"@type\":\"ListItem\",\"position\":1,\"name\":\"Home\",\"item\":\"https:\\\/\\\/www.evb.com\\\/\"},{\"@type\":\"ListItem\",\"position\":2,\"name\":\"Sustainability\"}]},{\"@type\":\"WebSite\",\"@id\":\"https:\\\/\\\/www.evb.com\\\/#website\",\"url\":\"https:\\\/\\\/www.evb.com\\\/\",\"name\":\"EVB\",\"description\":\"Smart EV Charging &amp; Energy Storage Solutions\",\"publisher\":{\"@id\":\"https:\\\/\\\/www.evb.com\\\/#organization\"},\"potentialAction\":[{\"@type\":\"SearchAction\",\"target\":{\"@type\":\"EntryPoint\",\"urlTemplate\":\"https:\\\/\\\/www.evb.com\\\/?s={search_term_string}\"},\"query-input\":{\"@type\":\"PropertyValueSpecification\",\"valueRequired\":true,\"valueName\":\"search_term_string\"}}],\"inLanguage\":\"hu\"},{\"@type\":\"Organization\",\"@id\":\"https:\\\/\\\/www.evb.com\\\/#organization\",\"name\":\"EVB\",\"url\":\"https:\\\/\\\/www.evb.com\\\/\",\"logo\":{\"@type\":\"ImageObject\",\"inLanguage\":\"hu\",\"@id\":\"https:\\\/\\\/www.evb.com\\\/#\\\/schema\\\/logo\\\/image\\\/\",\"url\":\"https:\\\/\\\/www.evb.com\\\/wp-content\\\/uploads\\\/2021\\\/03\\\/evb-3.png\",\"contentUrl\":\"https:\\\/\\\/www.evb.com\\\/wp-content\\\/uploads\\\/2021\\\/03\\\/evb-3.png\",\"width\":605,\"height\":626,\"caption\":\"EVB\"},\"image\":{\"@id\":\"https:\\\/\\\/www.evb.com\\\/#\\\/schema\\\/logo\\\/image\\\/\"}}]}<\/script>\n<!-- \/ Yoast SEO plugin. -->","yoast_head_json":{"title":"Sustainability & Smart EV Charging Experience from EVB","description":"EVB offers a sustainable path forward for EV power solutions through smart EV charging and a sustainable energy grid.","robots":{"index":"index","follow":"follow","max-snippet":"max-snippet:-1","max-image-preview":"max-image-preview:large","max-video-preview":"max-video-preview:-1"},"canonical":"https:\/\/www.evb.com\/hu\/sustainability\/","og_locale":"hu_HU","og_type":"article","og_title":"Sustainability & Smart EV Charging Experience from EVB","og_description":"EVB offers a sustainable path forward for EV power solutions through smart EV charging and a sustainable energy grid.","og_url":"https:\/\/www.evb.com\/hu\/sustainability\/","og_site_name":"EVB","article_modified_time":"2024-03-08T10:08:59+00:00","og_image":[{"url":"https:\/\/www.evb.com\/wp-content\/uploads\/2024\/03\/EV-charging-ecosystem.png","type":"","width":"","height":""}],"twitter_card":"summary_large_image","twitter_misc":{"Becs\u00fclt olvas\u00e1si id\u0151":"2 perc"},"schema":{"@context":"https:\/\/schema.org","@graph":[{"@type":"WebPage","@id":"https:\/\/www.evb.com\/sustainability\/","url":"https:\/\/www.evb.com\/sustainability\/","name":"Sustainability & Smart EV Charging Experience from EVB","isPartOf":{"@id":"https:\/\/www.evb.com\/#website"},"primaryImageOfPage":{"@id":"https:\/\/www.evb.com\/sustainability\/#primaryimage"},"image":{"@id":"https:\/\/www.evb.com\/sustainability\/#primaryimage"},"thumbnailUrl":"https:\/\/www.evb.com\/wp-content\/uploads\/2024\/03\/EV-charging-ecosystem.png","datePublished":"2022-07-31T09:29:18+00:00","dateModified":"2024-03-08T10:08:59+00:00","description":"EVB offers a sustainable path forward for EV power solutions through smart EV charging and a sustainable energy grid.","breadcrumb":{"@id":"https:\/\/www.evb.com\/sustainability\/#breadcrumb"},"inLanguage":"hu","potentialAction":[{"@type":"ReadAction","target":["https:\/\/www.evb.com\/sustainability\/"]}]},{"@type":"ImageObject","inLanguage":"hu","@id":"https:\/\/www.evb.com\/sustainability\/#primaryimage","url":"https:\/\/www.evb.com\/wp-content\/uploads\/2024\/03\/EV-charging-ecosystem.png","contentUrl":"https:\/\/www.evb.com\/wp-content\/uploads\/2024\/03\/EV-charging-ecosystem.png"},{"@type":"BreadcrumbList","@id":"https:\/\/www.evb.com\/sustainability\/#breadcrumb","itemListElement":[{"@type":"ListItem","position":1,"name":"Home","item":"https:\/\/www.evb.com\/"},{"@type":"ListItem","position":2,"name":"Sustainability"}]},{"@type":"WebSite","@id":"https:\/\/www.evb.com\/#website","url":"https:\/\/www.evb.com\/","name":"EVB","description":"Smart EV Charging &amp; Energy Storage Solutions","publisher":{"@id":"https:\/\/www.evb.com\/#organization"},"potentialAction":[{"@type":"SearchAction","target":{"@type":"EntryPoint","urlTemplate":"https:\/\/www.evb.com\/?s={search_term_string}"},"query-input":{"@type":"PropertyValueSpecification","valueRequired":true,"valueName":"search_term_string"}}],"inLanguage":"hu"},{"@type":"Organization","@id":"https:\/\/www.evb.com\/#organization","name":"EVB","url":"https:\/\/www.evb.com\/","logo":{"@type":"ImageObject","inLanguage":"hu","@id":"https:\/\/www.evb.com\/#\/schema\/logo\/image\/","url":"https:\/\/www.evb.com\/wp-content\/uploads\/2021\/03\/evb-3.png","contentUrl":"https:\/\/www.evb.com\/wp-content\/uploads\/2021\/03\/evb-3.png","width":605,"height":626,"caption":"EVB"},"image":{"@id":"https:\/\/www.evb.com\/#\/schema\/logo\/image\/"}}]}},"_links":{"self":[{"href":"https:\/\/www.evb.com\/hu\/wp-json\/wp\/v2\/pages\/88","targetHints":{"allow":["GET"]}}],"collection":[{"href":"https:\/\/www.evb.com\/hu\/wp-json\/wp\/v2\/pages"}],"about":[{"href":"https:\/\/www.evb.com\/hu\/wp-json\/wp\/v2\/types\/page"}],"author":[{"embeddable":true,"href":"https:\/\/www.evb.com\/hu\/wp-json\/wp\/v2\/users\/2"}],"replies":[{"embeddable":true,"href":"https:\/\/www.evb.com\/hu\/wp-json\/wp\/v2\/comments?post=88"}],"version-history":[{"count":43,"href":"https:\/\/www.evb.com\/hu\/wp-json\/wp\/v2\/pages\/88\/revisions"}],"predecessor-version":[{"id":12863,"href":"https:\/\/www.evb.com\/hu\/wp-json\/wp\/v2\/pages\/88\/revisions\/12863"}],"wp:attachment":[{"href":"https:\/\/www.evb.com\/hu\/wp-json\/wp\/v2\/media?parent=88"}],"curies":[{"name":"wp","href":"https:\/\/api.w.org\/{rel}","templated":true}]}}