{"id":5131,"date":"2023-07-28T13:39:53","date_gmt":"2023-07-28T05:39:53","guid":{"rendered":"https:\/\/www.evb.com\/?page_id=5131"},"modified":"2023-11-24T15:16:48","modified_gmt":"2023-11-24T07:16:48","slug":"terms-and-conditions-2","status":"publish","type":"page","link":"https:\/\/www.evb.com\/it\/termini-e-condizioni-2\/","title":{"rendered":"Gestione delle vulnerabilit\u00e0 della sicurezza di rete Beny"},"content":{"rendered":"<div data-elementor-type=\"wp-page\" data-elementor-id=\"5131\" class=\"elementor elementor-5131\">\n\t\t\t\t\t\t\t\t\t<section class=\"elementor-section elementor-top-section elementor-element elementor-element-c2d4c78 elementor-section-full_width elementor-section-height-default elementor-section-height-default\" data-id=\"c2d4c78\" data-element_type=\"section\">\n\t\t\t\t\t\t<div class=\"elementor-container elementor-column-gap-no\">\n\t\t\t\t\t<div class=\"elementor-column elementor-col-100 elementor-top-column elementor-element elementor-element-46cb3ae\" data-id=\"46cb3ae\" data-element_type=\"column\">\n\t\t\t<div class=\"elementor-widget-wrap elementor-element-populated\">\n\t\t\t\t\t\t\t\t<div class=\"elementor-element elementor-element-b68fd46 elementor-widget elementor-widget-template\" data-id=\"b68fd46\" data-element_type=\"widget\" data-widget_type=\"template.default\">\n\t\t\t\t<div class=\"elementor-widget-container\">\n\t\t\t\t\t<div class=\"elementor-template\">\n\t\t\t\t\t<div data-elementor-type=\"section\" data-elementor-id=\"1378\" class=\"elementor elementor-1378\">\n\t\t\t\t\t\t\t\t<section class=\"elementor-section elementor-top-section elementor-element elementor-element-9498546 elementor-section-full_width elementor-section-height-default elementor-section-height-default\" data-id=\"9498546\" data-element_type=\"section\" data-settings=\"{&quot;background_background&quot;:&quot;gradient&quot;}\">\n\t\t\t\t\t\t\t<div class=\"elementor-background-overlay\"><\/div>\n\t\t\t\t\t\t\t<div class=\"elementor-container elementor-column-gap-default\">\n\t\t\t\t\t<div class=\"elementor-column elementor-col-100 elementor-top-column elementor-element elementor-element-cd2b9d8\" data-id=\"cd2b9d8\" data-element_type=\"column\">\n\t\t\t<div class=\"elementor-widget-wrap elementor-element-populated\">\n\t\t\t\t\t\t\t\t<section class=\"elementor-section elementor-inner-section elementor-element elementor-element-c2108f3 elementor-section-content-middle elementor-section-boxed elementor-section-height-default elementor-section-height-default\" data-id=\"c2108f3\" data-element_type=\"section\" data-settings=\"{&quot;background_background&quot;:&quot;classic&quot;}\">\n\t\t\t\t\t\t<div class=\"elementor-container elementor-column-gap-default\">\n\t\t\t\t\t<div class=\"elementor-column elementor-col-50 elementor-inner-column elementor-element elementor-element-7e5d22e\" data-id=\"7e5d22e\" data-element_type=\"column\">\n\t\t\t<div class=\"elementor-widget-wrap elementor-element-populated\">\n\t\t\t\t\t\t\t\t<div class=\"elementor-element elementor-element-19b2314 elementor-widget elementor-widget-MML Breadcrumbs\" data-id=\"19b2314\" data-element_type=\"widget\" data-settings=\"{&quot;breadcrumbs_type&quot;:&quot;post_type&quot;}\" data-widget_type=\"MML Breadcrumbs.default\">\n\t\t\t\t<div class=\"elementor-widget-container\">\n\t\t\t<ul class=\"pp-breadcrumbs pp-breadcrumbs-powerpack\">        <li class=\"pp-breadcrumbs-item pp-breadcrumbs-item-home\">\n            <a class=\"pp-breadcrumbs-crumb pp-breadcrumbs-crumb-link pp-breadcrumbs-crumb-home\" href=\"https:\/\/www.evb.com\/it\" title=\"Casa\">\n\t\t\t\t<span class=\"pp-breadcrumbs-text\">\n\t\t\t\t\t                        <span class=\"pp-icon\">\n\t\t\t\t\t\t\t<i aria-hidden=\"true\" class=\"fas fa-home\"><\/i>\t\t\t\t\t\t<\/span>\n                                        Casa\t\t\t\t<\/span>\n            <\/a>\n        <\/li>\n        <li class=\"pp-breadcrumbs-separator\">                <span class='pp-separator-icon pp-icon'>\n\t\t\t\t\t<i aria-hidden=\"true\" class=\"fas fa-angle-right\"><\/i>\t\t\t\t<\/span>\n                <\/li><\/ul>\t\t<\/div>\n\t\t\t\t<\/div>\n\t\t\t\t<div class=\"elementor-element elementor-element-ec79451 elementor-widget elementor-widget-heading\" data-id=\"ec79451\" data-element_type=\"widget\" data-widget_type=\"heading.default\">\n\t\t\t\t<div class=\"elementor-widget-container\">\n\t\t\t<h1 class=\"elementor-heading-title elementor-size-default\">Gestione delle vulnerabilit\u00e0 della sicurezza di rete Beny<\/h1>\t\t<\/div>\n\t\t\t\t<\/div>\n\t\t\t\t<div class=\"elementor-element elementor-element-58ab215 elementor-widget elementor-widget-text-editor\" data-id=\"58ab215\" data-element_type=\"widget\" data-widget_type=\"text-editor.default\">\n\t\t\t\t<div class=\"elementor-widget-container\">\n\t\t\t\t\t\t\t\t\t\t\t\t\t<\/div>\n\t\t\t\t<\/div>\n\t\t\t\t\t<\/div>\n\t\t<\/div>\n\t\t\t\t<div class=\"elementor-column elementor-col-50 elementor-inner-column elementor-element elementor-element-a88edc3\" data-id=\"a88edc3\" data-element_type=\"column\">\n\t\t\t<div class=\"elementor-widget-wrap\">\n\t\t\t\t\t\t\t\t\t<\/div>\n\t\t<\/div>\n\t\t\t\t\t\t\t<\/div>\n\t\t<\/section>\n\t\t\t\t\t<\/div>\n\t\t<\/div>\n\t\t\t\t\t\t\t<\/div>\n\t\t<\/section>\n\t\t\t\t\t\t<\/div>\n\t\t\t\t<\/div>\n\t\t\t\t<\/div>\n\t\t\t\t<\/div>\n\t\t\t\t\t<\/div>\n\t\t<\/div>\n\t\t\t\t\t\t\t<\/div>\n\t\t<\/section>\n\t\t\t\t<section class=\"elementor-section elementor-top-section elementor-element elementor-element-7edacd2 elementor-section-boxed elementor-section-height-default elementor-section-height-default\" data-id=\"7edacd2\" data-element_type=\"section\">\n\t\t\t\t\t\t<div class=\"elementor-container elementor-column-gap-default\">\n\t\t\t\t\t<div class=\"elementor-column elementor-col-100 elementor-top-column elementor-element elementor-element-683cf09\" data-id=\"683cf09\" data-element_type=\"column\">\n\t\t\t<div class=\"elementor-widget-wrap elementor-element-populated\">\n\t\t\t\t\t\t\t\t<div class=\"elementor-element elementor-element-906b9d0 elementor-widget elementor-widget-text-editor\" data-id=\"906b9d0\" data-element_type=\"widget\" data-widget_type=\"text-editor.default\">\n\t\t\t\t<div class=\"elementor-widget-container\">\n\t\t\t\t\t\t\t<div><div><p><strong><span style=\"font-size: 18pt;\"><span style=\"background-color: var( --e-global-color-f62ae9d ); color: var( --e-global-color-298168f );\">A Beny<\/span>:<\/span><\/strong><\/p><p>\u00a0diamo priorit\u00e0 e sosteniamo la divulgazione e la gestione responsabile delle vulnerabilit\u00e0, valorizzando profondamente i contributi di tutti i ricercatori di sicurezza. Se ti imbatti in una vulnerabilit\u00e0, ti invitiamo a segnalarla tempestivamente a Beny@zjbeny.com. Stai certo che il nostro team seguir\u00e0 diligentemente la tua segnalazione e fornir\u00e0 un feedback tempestivo. Per salvaguardare la sicurezza dei nostri utenti e delle nostre aziende, ti chiediamo gentilmente di astenerti dal divulgare o condividere la vulnerabilit\u00e0 finch\u00e9 non sar\u00e0 stata affrontata e risolta in modo efficace.<\/p><p><strong><span style=\"font-size: 18pt;\">Processo di gestione:<\/span><\/strong><\/p><ol><li>Eventuali problemi di sicurezza della rete scoperti durante il funzionamento del prodotto verranno segnalati direttamente a Beny, tramite e-mail all&#039;indirizzo Beny@zjbeny.com.<\/li><li>Dopo aver ricevuto il problema, Benywill organizzer\u00e0 prontamente il team di ricerca e sviluppo per condurre un&#039;analisi del problema e fornire un rapporto di analisi del problema e una soluzione entro 72 ore.<\/li><li>Durante la risoluzione dell&#039;incidente di sicurezza della rete, Benywill fornir\u00e0 aggiornamenti settimanali sui progressi al personale interessato e far\u00e0 s\u00ec che i responsabili di tutti i team interessati esaminino il &quot;Rapporto di revisione dell&#039;incidente&quot; per indicare il completamento del lavoro di gestione dell&#039;incidente.<\/li><li>Dopo che il nuovo software \u00e8 stato testato dal Software Testing Department senza alcun problema, verr\u00e0 fornito un report di test. Sulla base del report di test, il R&amp;D Department decider\u00e0 se \u00e8 necessario un aggiornamento. Se \u00e8 necessario un aggiornamento, il team R&amp;D fornir\u00e0 una raccomandazione di piano di aggiornamento della versione al team del servizio clienti. Dopo aver ottenuto l&#039;approvazione dal team del servizio clienti, entrambi i team completeranno congiuntamente l&#039;aggiornamento del software per i terminali operativi e l&#039;hardware di produzione.<\/li><li>Al termine dell&#039;aggiornamento, il team di ricerca e sviluppo condurr\u00e0 una revisione completa dell&#039;incidente e produrr\u00e0 un &quot;Rapporto di revisione dell&#039;incidente&quot; (incluso il tracciamento della causa del problema, le misure di gestione e le misure di miglioramento successive).<\/li><li>Durante la risoluzione dell&#039;incidente di sicurezza della rete, il team di ricerca e sviluppo fornir\u00e0 aggiornamenti giornalieri sui progressi al personale interessato e i responsabili di tutti i team interessati esamineranno il &quot;Rapporto di revisione dell&#039;incidente&quot; per indicare il completamento della gestione dell&#039;incidente.<\/li><li>I tempi di risposta iniziali sono definiti in base alla policy di divulgazione delle vulnerabilit\u00e0 pubblicata. In genere, una correzione o un avviso saranno rilasciati entro 90 giorni dalla ricezione del report sulle vulnerabilit\u00e0. Una volta rilasciata una correzione, l&#039;avviso verr\u00e0 ritirato.<\/li><\/ol><p><strong><span style=\"font-size: 18pt;\">Tempi di risposta e gestione<\/span><\/strong><\/p><table style=\"height: 565px; width: 100%; border-collapse: collapse; border-color: #000000;\" border=\"1\"><tbody><tr style=\"height: 72px;\"><td style=\"width: 16.6667%; height: 72px;\">Livello di servizio<\/td><td style=\"width: 16.6667%; height: 72px;\">Nome del livello<\/td><td style=\"width: 16.6667%; height: 72px;\">Definizione di livello<\/td><td style=\"width: 16.6667%; height: 72px;\">Contratto di servizio<\/td><td style=\"width: 16.6667%; height: 72px;\">Tempo di risposta alle emergenze<\/td><td style=\"width: 16.6667%; height: 72px;\">Tempo di ripristino del sistema<\/td><\/tr><tr style=\"height: 144px;\"><td style=\"width: 16.6667%; height: 144px;\">L0<\/td><td style=\"width: 16.6667%; height: 144px;\">Servizi principali<\/td><td style=\"width: 16.6667%; height: 144px;\">Eventuali eccezioni influenzeranno tutte le principali operazioni aziendali<\/td><td style=\"width: 16.6667%; height: 144px;\">20 metri<\/td><td style=\"width: 16.6667%; height: 144px;\">7 giorni<\/td><td style=\"width: 16.6667%; height: 144px;\">30 giorni<\/td><\/tr><tr style=\"height: 128px;\"><td style=\"width: 16.6667%; height: 128px;\" width=\"94\"><p>L1<\/p><\/td><td style=\"width: 16.6667%; height: 128px;\" width=\"94\"><p>Servizi critici<\/p><\/td><td style=\"width: 16.6667%; height: 128px;\" width=\"94\"><p>Le eccezioni avranno un impatto sulle operazioni commerciali di alcune filiali<\/p><\/td><td style=\"width: 16.6667%; height: 128px;\" width=\"94\"><p>20 metri<\/p><\/td><td style=\"width: 16.6667%; height: 128px;\" width=\"94\"><p>10 giorni<\/p><\/td><td style=\"width: 16.6667%; height: 128px;\" width=\"94\"><p>30 giorni<\/p><\/td><\/tr><tr style=\"height: 128px;\"><td style=\"width: 16.6667%; height: 128px;\" width=\"94\"><p>L2<\/p><\/td><td style=\"width: 16.6667%; height: 128px;\" width=\"94\"><p>Servizi Generali<\/p><\/td><td style=\"width: 16.6667%; height: 128px;\" width=\"94\"><p>Le eccezioni non influenzeranno i principali processi aziendali<\/p><\/td><td style=\"width: 16.6667%; height: 128px;\" width=\"94\"><p>20 metri<\/p><\/td><td style=\"width: 16.6667%; height: 128px;\" width=\"94\"><p>15 giorni<\/p><\/td><td style=\"width: 16.6667%; height: 128px;\" width=\"94\"><p>60 giorni<\/p><\/td><\/tr><tr style=\"height: 93px;\"><td style=\"width: 16.6667%; height: 93px;\" width=\"94\"><p>L3<\/p><\/td><td style=\"width: 16.6667%; height: 93px;\" width=\"94\"><p>Servizi aggiuntivi<\/p><\/td><td style=\"width: 16.6667%; height: 93px;\" width=\"94\"><p>Le eccezioni sono impercettibili per gli utenti<\/p><\/td><td style=\"width: 16.6667%; height: 93px;\" width=\"94\"><p>20 metri<\/p><\/td><td style=\"width: 16.6667%; height: 93px;\" width=\"94\"><p>30 giorni<\/p><\/td><td style=\"width: 16.6667%; height: 93px;\" width=\"94\"><p>90 giorni<\/p><\/td><\/tr><\/tbody><\/table><table style=\"height: 50px; width: 59.3929%; border-color: #000000;\"><tbody><tr style=\"height: 10px;\"><td style=\"width: 11.4068%; height: 10px;\" width=\"94\">\u00a0<\/td><td style=\"width: 20.5359%; height: 10px;\" width=\"94\">\u00a0<\/td><td style=\"width: 20.3386%; height: 10px;\" width=\"94\">\u00a0<\/td><td style=\"width: 14.9959%; height: 10px;\" width=\"94\">\u00a0<\/td><td style=\"width: 15.5875%; height: 10px;\" width=\"94\">\u00a0<\/td><td style=\"width: 5.61151%; height: 10px;\" width=\"94\">\u00a0<\/td><\/tr><tr style=\"height: 10px;\"><td style=\"width: 11.4068%; height: 10px;\" width=\"94\">\u00a0<\/td><td style=\"width: 20.5359%; height: 10px;\" width=\"94\">\u00a0<\/td><td style=\"width: 20.3386%; height: 10px;\" width=\"94\">\u00a0<\/td><td style=\"width: 14.9959%; height: 10px;\" width=\"94\">\u00a0<\/td><td style=\"width: 15.5875%; height: 10px;\" width=\"94\">\u00a0<\/td><td style=\"width: 5.61151%; height: 10px;\" width=\"94\">\u00a0<\/td><\/tr><tr style=\"height: 10px;\"><td style=\"width: 11.4068%; height: 10px;\" width=\"94\">\u00a0<\/td><td style=\"width: 20.5359%; height: 10px;\" width=\"94\">\u00a0<\/td><td style=\"width: 20.3386%; height: 10px;\" width=\"94\">\u00a0<\/td><td style=\"width: 14.9959%; height: 10px;\" width=\"94\">\u00a0<\/td><td style=\"width: 15.5875%; height: 10px;\" width=\"94\">\u00a0<\/td><td style=\"width: 5.61151%; height: 10px;\" width=\"94\">\u00a0<\/td><\/tr><tr style=\"height: 10px;\"><td style=\"width: 11.4068%; height: 10px;\" width=\"94\">\u00a0<\/td><td style=\"width: 20.5359%; height: 10px;\" width=\"94\">\u00a0<\/td><td style=\"width: 20.3386%; height: 10px;\" width=\"94\">\u00a0<\/td><td style=\"width: 14.9959%; height: 10px;\" width=\"94\">\u00a0<\/td><td style=\"width: 15.5875%; height: 10px;\" width=\"94\">\u00a0<\/td><td style=\"width: 5.61151%; height: 10px;\" width=\"94\">\u00a0<\/td><\/tr><tr style=\"height: 10px;\"><td style=\"width: 11.4068%; height: 10px;\" width=\"94\">\u00a0<\/td><td style=\"width: 20.5359%; height: 10px;\" width=\"94\">\u00a0<\/td><td style=\"width: 20.3386%; height: 10px;\" width=\"94\">\u00a0<\/td><td style=\"width: 14.9959%; height: 10px;\" width=\"94\">\u00a0<\/td><td style=\"width: 15.5875%; height: 10px;\" width=\"94\">\u00a0<\/td><td style=\"width: 5.61151%; height: 10px;\" width=\"94\">\u00a0<\/td><\/tr><\/tbody><\/table><p>Nota: i tempi di risposta e gestione sopra menzionati sono definiti per ogni livello di servizio. Il &quot;tempo di risposta di emergenza&quot; si riferisce al tempo entro il quale verr\u00e0 avviata una risposta per risolvere un problema, mentre il &quot;tempo di ripristino del sistema&quot; si riferisce al tempo necessario per ripristinare completamente il sistema e ripristinare le normali operazioni dopo un incidente.<\/p><\/div><\/div>\t\t\t\t\t\t<\/div>\n\t\t\t\t<\/div>\n\t\t\t\t\t<\/div>\n\t\t<\/div>\n\t\t\t\t\t\t\t<\/div>\n\t\t<\/section>\n\t\t\t\t\t\t\t<\/div>","protected":false},"excerpt":{"rendered":"<p>In Beny: diamo priorit\u00e0 e sosteniamo la divulgazione e la gestione responsabile delle vulnerabilit\u00e0, valorizzando profondamente i contributi di tutti i ricercatori sulla sicurezza. Se ti imbatti in una vulnerabilit\u00e0, ti invitiamo a segnalarla tempestivamente a Beny@zjbeny.com. Stai certo che il nostro team seguir\u00e0 diligentemente la tua segnalazione e fornir\u00e0 un feedback tempestivo. Per salvaguardare la sicurezza [\u2026]<\/p>","protected":false},"author":3,"featured_media":0,"parent":0,"menu_order":46,"comment_status":"closed","ping_status":"closed","template":"","meta":{"footnotes":""},"class_list":["post-5131","page","type-page","status-publish","hentry"],"acf":[],"yoast_head":"<!-- This site is optimized with the Yoast SEO plugin v27.4 - https:\/\/yoast.com\/product\/yoast-seo-wordpress\/ -->\n<title>Terms &amp; Conditions |evB<\/title>\n<meta name=\"description\" content=\"Review the terms and conditions that evB applies with every transaction. We\u2019re the leading brand for eco-friendly and energy-saving EV chargers.\" \/>\n<meta name=\"robots\" content=\"index, follow, max-snippet:-1, max-image-preview:large, max-video-preview:-1\" \/>\n<link rel=\"canonical\" href=\"https:\/\/www.evb.com\/it\/termini-e-condizioni-2\/\" \/>\n<meta property=\"og:locale\" content=\"it_IT\" \/>\n<meta property=\"og:type\" content=\"article\" \/>\n<meta property=\"og:title\" content=\"Terms &amp; Conditions |evB\" \/>\n<meta property=\"og:description\" content=\"Review the terms and conditions that evB applies with every transaction. We\u2019re the leading brand for eco-friendly and energy-saving EV chargers.\" \/>\n<meta property=\"og:url\" content=\"https:\/\/www.evb.com\/it\/termini-e-condizioni-2\/\" \/>\n<meta property=\"og:site_name\" content=\"EVB\" \/>\n<meta property=\"article:modified_time\" content=\"2023-11-24T07:16:48+00:00\" \/>\n<meta name=\"twitter:card\" content=\"summary_large_image\" \/>\n<meta name=\"twitter:label1\" content=\"Tempo di lettura stimato\" \/>\n\t<meta name=\"twitter:data1\" content=\"4 minuti\" \/>\n<script type=\"application\/ld+json\" class=\"yoast-schema-graph\">{\"@context\":\"https:\\\/\\\/schema.org\",\"@graph\":[{\"@type\":\"WebPage\",\"@id\":\"https:\\\/\\\/www.evb.com\\\/terms-and-conditions-2\\\/\",\"url\":\"https:\\\/\\\/www.evb.com\\\/terms-and-conditions-2\\\/\",\"name\":\"Terms & Conditions |evB\",\"isPartOf\":{\"@id\":\"https:\\\/\\\/www.evb.com\\\/#website\"},\"datePublished\":\"2023-07-28T05:39:53+00:00\",\"dateModified\":\"2023-11-24T07:16:48+00:00\",\"description\":\"Review the terms and conditions that evB applies with every transaction. We\u2019re the leading brand for eco-friendly and energy-saving EV chargers.\",\"breadcrumb\":{\"@id\":\"https:\\\/\\\/www.evb.com\\\/terms-and-conditions-2\\\/#breadcrumb\"},\"inLanguage\":\"it-IT\",\"potentialAction\":[{\"@type\":\"ReadAction\",\"target\":[\"https:\\\/\\\/www.evb.com\\\/terms-and-conditions-2\\\/\"]}]},{\"@type\":\"BreadcrumbList\",\"@id\":\"https:\\\/\\\/www.evb.com\\\/terms-and-conditions-2\\\/#breadcrumb\",\"itemListElement\":[{\"@type\":\"ListItem\",\"position\":1,\"name\":\"Home\",\"item\":\"https:\\\/\\\/www.evb.com\\\/\"},{\"@type\":\"ListItem\",\"position\":2,\"name\":\"Beny Network Security Vulnerability Management\"}]},{\"@type\":\"WebSite\",\"@id\":\"https:\\\/\\\/www.evb.com\\\/#website\",\"url\":\"https:\\\/\\\/www.evb.com\\\/\",\"name\":\"EVB\",\"description\":\"Smart EV Charging &amp; Energy Storage Solutions\",\"publisher\":{\"@id\":\"https:\\\/\\\/www.evb.com\\\/#organization\"},\"potentialAction\":[{\"@type\":\"SearchAction\",\"target\":{\"@type\":\"EntryPoint\",\"urlTemplate\":\"https:\\\/\\\/www.evb.com\\\/?s={search_term_string}\"},\"query-input\":{\"@type\":\"PropertyValueSpecification\",\"valueRequired\":true,\"valueName\":\"search_term_string\"}}],\"inLanguage\":\"it-IT\"},{\"@type\":\"Organization\",\"@id\":\"https:\\\/\\\/www.evb.com\\\/#organization\",\"name\":\"EVB\",\"url\":\"https:\\\/\\\/www.evb.com\\\/\",\"logo\":{\"@type\":\"ImageObject\",\"inLanguage\":\"it-IT\",\"@id\":\"https:\\\/\\\/www.evb.com\\\/#\\\/schema\\\/logo\\\/image\\\/\",\"url\":\"https:\\\/\\\/www.evb.com\\\/wp-content\\\/uploads\\\/2021\\\/03\\\/evb-3.png\",\"contentUrl\":\"https:\\\/\\\/www.evb.com\\\/wp-content\\\/uploads\\\/2021\\\/03\\\/evb-3.png\",\"width\":605,\"height\":626,\"caption\":\"EVB\"},\"image\":{\"@id\":\"https:\\\/\\\/www.evb.com\\\/#\\\/schema\\\/logo\\\/image\\\/\"}}]}<\/script>\n<!-- \/ Yoast SEO plugin. -->","yoast_head_json":{"title":"Terms & Conditions |evB","description":"Review the terms and conditions that evB applies with every transaction. We\u2019re the leading brand for eco-friendly and energy-saving EV chargers.","robots":{"index":"index","follow":"follow","max-snippet":"max-snippet:-1","max-image-preview":"max-image-preview:large","max-video-preview":"max-video-preview:-1"},"canonical":"https:\/\/www.evb.com\/it\/termini-e-condizioni-2\/","og_locale":"it_IT","og_type":"article","og_title":"Terms & Conditions |evB","og_description":"Review the terms and conditions that evB applies with every transaction. We\u2019re the leading brand for eco-friendly and energy-saving EV chargers.","og_url":"https:\/\/www.evb.com\/it\/termini-e-condizioni-2\/","og_site_name":"EVB","article_modified_time":"2023-11-24T07:16:48+00:00","twitter_card":"summary_large_image","twitter_misc":{"Tempo di lettura stimato":"4 minuti"},"schema":{"@context":"https:\/\/schema.org","@graph":[{"@type":"WebPage","@id":"https:\/\/www.evb.com\/terms-and-conditions-2\/","url":"https:\/\/www.evb.com\/terms-and-conditions-2\/","name":"Terms & Conditions |evB","isPartOf":{"@id":"https:\/\/www.evb.com\/#website"},"datePublished":"2023-07-28T05:39:53+00:00","dateModified":"2023-11-24T07:16:48+00:00","description":"Review the terms and conditions that evB applies with every transaction. We\u2019re the leading brand for eco-friendly and energy-saving EV chargers.","breadcrumb":{"@id":"https:\/\/www.evb.com\/terms-and-conditions-2\/#breadcrumb"},"inLanguage":"it-IT","potentialAction":[{"@type":"ReadAction","target":["https:\/\/www.evb.com\/terms-and-conditions-2\/"]}]},{"@type":"BreadcrumbList","@id":"https:\/\/www.evb.com\/terms-and-conditions-2\/#breadcrumb","itemListElement":[{"@type":"ListItem","position":1,"name":"Home","item":"https:\/\/www.evb.com\/"},{"@type":"ListItem","position":2,"name":"Beny Network Security Vulnerability Management"}]},{"@type":"WebSite","@id":"https:\/\/www.evb.com\/#website","url":"https:\/\/www.evb.com\/","name":"EVB","description":"Smart EV Charging &amp; Energy Storage Solutions","publisher":{"@id":"https:\/\/www.evb.com\/#organization"},"potentialAction":[{"@type":"SearchAction","target":{"@type":"EntryPoint","urlTemplate":"https:\/\/www.evb.com\/?s={search_term_string}"},"query-input":{"@type":"PropertyValueSpecification","valueRequired":true,"valueName":"search_term_string"}}],"inLanguage":"it-IT"},{"@type":"Organization","@id":"https:\/\/www.evb.com\/#organization","name":"EVB","url":"https:\/\/www.evb.com\/","logo":{"@type":"ImageObject","inLanguage":"it-IT","@id":"https:\/\/www.evb.com\/#\/schema\/logo\/image\/","url":"https:\/\/www.evb.com\/wp-content\/uploads\/2021\/03\/evb-3.png","contentUrl":"https:\/\/www.evb.com\/wp-content\/uploads\/2021\/03\/evb-3.png","width":605,"height":626,"caption":"EVB"},"image":{"@id":"https:\/\/www.evb.com\/#\/schema\/logo\/image\/"}}]}},"_links":{"self":[{"href":"https:\/\/www.evb.com\/it\/wp-json\/wp\/v2\/pages\/5131","targetHints":{"allow":["GET"]}}],"collection":[{"href":"https:\/\/www.evb.com\/it\/wp-json\/wp\/v2\/pages"}],"about":[{"href":"https:\/\/www.evb.com\/it\/wp-json\/wp\/v2\/types\/page"}],"author":[{"embeddable":true,"href":"https:\/\/www.evb.com\/it\/wp-json\/wp\/v2\/users\/3"}],"replies":[{"embeddable":true,"href":"https:\/\/www.evb.com\/it\/wp-json\/wp\/v2\/comments?post=5131"}],"version-history":[{"count":11,"href":"https:\/\/www.evb.com\/it\/wp-json\/wp\/v2\/pages\/5131\/revisions"}],"predecessor-version":[{"id":5155,"href":"https:\/\/www.evb.com\/it\/wp-json\/wp\/v2\/pages\/5131\/revisions\/5155"}],"wp:attachment":[{"href":"https:\/\/www.evb.com\/it\/wp-json\/wp\/v2\/media?parent=5131"}],"curies":[{"name":"wp","href":"https:\/\/api.w.org\/{rel}","templated":true}]}}