{"id":88,"date":"2022-07-31T17:29:18","date_gmt":"2022-07-31T09:29:18","guid":{"rendered":"https:\/\/www.evb.com\/?page_id=88"},"modified":"2024-03-08T18:08:59","modified_gmt":"2024-03-08T10:08:59","slug":"sustainability","status":"publish","type":"page","link":"https:\/\/www.evb.com\/pt\/sustentabilidade\/","title":{"rendered":"Sustentabilidade"},"content":{"rendered":"<div data-elementor-type=\"wp-page\" data-elementor-id=\"88\" class=\"elementor elementor-88\">\n\t\t\t\t\t\t\t\t\t<section class=\"elementor-section elementor-top-section elementor-element elementor-element-6b64d7a elementor-section-full_width elementor-section-height-default elementor-section-height-default\" data-id=\"6b64d7a\" data-element_type=\"section\">\n\t\t\t\t\t\t<div class=\"elementor-container elementor-column-gap-default\">\n\t\t\t\t\t<div class=\"elementor-column elementor-col-100 elementor-top-column elementor-element elementor-element-1ffc13a5\" data-id=\"1ffc13a5\" data-element_type=\"column\">\n\t\t\t<div class=\"elementor-widget-wrap elementor-element-populated\">\n\t\t\t\t\t\t\t\t<section class=\"elementor-section elementor-inner-section elementor-element elementor-element-1fe4cbfb elementor-section-content-middle elementor-section-full_width elementor-section-height-default elementor-section-height-default\" data-id=\"1fe4cbfb\" data-element_type=\"section\" data-settings=\"{&quot;background_background&quot;:&quot;classic&quot;}\">\n\t\t\t\t\t\t<div class=\"elementor-container elementor-column-gap-default\">\n\t\t\t\t\t<div class=\"elementor-column elementor-col-50 elementor-inner-column elementor-element elementor-element-56331d6a\" data-id=\"56331d6a\" data-element_type=\"column\">\n\t\t\t<div class=\"elementor-widget-wrap elementor-element-populated\">\n\t\t\t\t\t\t\t\t<div class=\"elementor-element elementor-element-47e558ef elementor-widget elementor-widget-MML Breadcrumbs\" data-id=\"47e558ef\" data-element_type=\"widget\" data-settings=\"{&quot;breadcrumbs_type&quot;:&quot;post_type&quot;}\" data-widget_type=\"MML Breadcrumbs.default\">\n\t\t\t\t<div class=\"elementor-widget-container\">\n\t\t\t<ul class=\"pp-breadcrumbs pp-breadcrumbs-powerpack\">        <li class=\"pp-breadcrumbs-item pp-breadcrumbs-item-home\">\n            <a class=\"pp-breadcrumbs-crumb pp-breadcrumbs-crumb-link pp-breadcrumbs-crumb-home\" href=\"https:\/\/www.evb.com\/pt\" title=\"Lar\">\n\t\t\t\t<span class=\"pp-breadcrumbs-text\">\n\t\t\t\t\t                        <span class=\"pp-icon\">\n\t\t\t\t\t\t\t<i aria-hidden=\"true\" class=\"fas fa-home\"><\/i>\t\t\t\t\t\t<\/span>\n                                        Lar\t\t\t\t<\/span>\n            <\/a>\n        <\/li>\n        <li class=\"pp-breadcrumbs-separator\">                <span class='pp-separator-icon pp-icon'>\n\t\t\t\t\t<i aria-hidden=\"true\" class=\"fas fa-angle-right\"><\/i>\t\t\t\t<\/span>\n                <\/li><\/ul>\t\t<\/div>\n\t\t\t\t<\/div>\n\t\t\t\t<div class=\"elementor-element elementor-element-37c264b8 elementor-widget elementor-widget-heading\" data-id=\"37c264b8\" data-element_type=\"widget\" data-widget_type=\"heading.default\">\n\t\t\t\t<div class=\"elementor-widget-container\">\n\t\t\t<h1 class=\"elementor-heading-title elementor-size-default\">Sustentabilidade<\/h1>\t\t<\/div>\n\t\t\t\t<\/div>\n\t\t\t\t<div class=\"elementor-element elementor-element-b90a237 elementor-widget elementor-widget-text-editor\" data-id=\"b90a237\" data-element_type=\"widget\" data-widget_type=\"text-editor.default\">\n\t\t\t\t<div class=\"elementor-widget-container\">\n\t\t\t\t\t\t\t<p><span style=\"color: #ffffff;\">Descubra o futuro da sustentabilidade com nossas inovadoras solu\u00e7\u00f5es de energia para EV. Nossa tecnologia inteligente de carregamento de EV integra-se perfeitamente \u00e0 rede el\u00e9trica, garantindo um transporte eficiente e ecol\u00f3gico. Junte-se a n\u00f3s para moldar um amanh\u00e3 mais verde.<\/span><\/p>\t\t\t\t\t\t<\/div>\n\t\t\t\t<\/div>\n\t\t\t\t<div class=\"elementor-element elementor-element-101742b5 elementor-widget elementor-widget-text-editor\" data-id=\"101742b5\" data-element_type=\"widget\" data-widget_type=\"text-editor.default\">\n\t\t\t\t<div class=\"elementor-widget-container\">\n\t\t\t\t\t\t\t\t\t\t\t\t\t<\/div>\n\t\t\t\t<\/div>\n\t\t\t\t\t<\/div>\n\t\t<\/div>\n\t\t\t\t<div class=\"elementor-column elementor-col-50 elementor-inner-column elementor-element elementor-element-691065fe\" data-id=\"691065fe\" data-element_type=\"column\">\n\t\t\t<div class=\"elementor-widget-wrap\">\n\t\t\t\t\t\t\t\t\t<\/div>\n\t\t<\/div>\n\t\t\t\t\t\t\t<\/div>\n\t\t<\/section>\n\t\t\t\t\t<\/div>\n\t\t<\/div>\n\t\t\t\t\t\t\t<\/div>\n\t\t<\/section>\n\t\t\t\t<section class=\"elementor-section elementor-top-section elementor-element elementor-element-7d5400e elementor-section-boxed elementor-section-height-default elementor-section-height-default\" data-id=\"7d5400e\" data-element_type=\"section\">\n\t\t\t\t\t\t<div class=\"elementor-container elementor-column-gap-default\">\n\t\t\t\t\t<div class=\"elementor-column elementor-col-100 elementor-top-column elementor-element elementor-element-01bc6b1\" data-id=\"01bc6b1\" data-element_type=\"column\">\n\t\t\t<div class=\"elementor-widget-wrap elementor-element-populated\">\n\t\t\t\t\t\t\t\t<div class=\"elementor-element elementor-element-5fbb488 elementor-widget elementor-widget-spacer\" data-id=\"5fbb488\" data-element_type=\"widget\" data-widget_type=\"spacer.default\">\n\t\t\t\t<div class=\"elementor-widget-container\">\n\t\t\t\t\t<div class=\"elementor-spacer\">\n\t\t\t<div class=\"elementor-spacer-inner\"><\/div>\n\t\t<\/div>\n\t\t\t\t<\/div>\n\t\t\t\t<\/div>\n\t\t\t\t\t<\/div>\n\t\t<\/div>\n\t\t\t\t\t\t\t<\/div>\n\t\t<\/section>\n\t\t\t\t<section class=\"elementor-section elementor-top-section elementor-element elementor-element-29ed806 elementor-section-boxed elementor-section-height-default elementor-section-height-default\" data-id=\"29ed806\" data-element_type=\"section\">\n\t\t\t\t\t\t<div class=\"elementor-container elementor-column-gap-default\">\n\t\t\t\t\t<div class=\"elementor-column elementor-col-50 elementor-top-column elementor-element elementor-element-34a3d46\" data-id=\"34a3d46\" data-element_type=\"column\">\n\t\t\t<div class=\"elementor-widget-wrap elementor-element-populated\">\n\t\t\t\t\t\t\t\t<div class=\"elementor-element elementor-element-b114deb elementor-widget__width-initial elementor-widget elementor-widget-image\" data-id=\"b114deb\" data-element_type=\"widget\" data-widget_type=\"image.default\">\n\t\t\t\t<div class=\"elementor-widget-container\">\n\t\t\t\t\t\t\t\t\t\t\t\t\t\t\t<img loading=\"lazy\" decoding=\"async\" width=\"580\" height=\"435\" src=\"https:\/\/www.evb.com\/wp-content\/uploads\/2024\/03\/EV-charging-ecosystem.png\" class=\"attachment-large size-large wp-image-12851\" alt=\"Ecossistema de carregamento de ve\u00edculos el\u00e9tricos\" \/>\t\t\t\t\t\t\t\t\t\t\t\t\t\t\t<\/div>\n\t\t\t\t<\/div>\n\t\t\t\t\t<\/div>\n\t\t<\/div>\n\t\t\t\t<div class=\"elementor-column elementor-col-50 elementor-top-column elementor-element elementor-element-d5d466d\" data-id=\"d5d466d\" data-element_type=\"column\">\n\t\t\t<div class=\"elementor-widget-wrap elementor-element-populated\">\n\t\t\t\t\t\t\t\t<div class=\"elementor-element elementor-element-01c6e12 elementor-widget elementor-widget-heading\" data-id=\"01c6e12\" data-element_type=\"widget\" data-widget_type=\"heading.default\">\n\t\t\t\t<div class=\"elementor-widget-container\">\n\t\t\t<h2 class=\"elementor-heading-title elementor-size-default\">Torne-se parte do ecossistema<\/h2>\t\t<\/div>\n\t\t\t\t<\/div>\n\t\t\t\t<div class=\"elementor-element elementor-element-f4e79e6 elementor-widget elementor-widget-text-editor\" data-id=\"f4e79e6\" data-element_type=\"widget\" data-widget_type=\"text-editor.default\">\n\t\t\t\t<div class=\"elementor-widget-container\">\n\t\t\t\t\t\t\t<p>A EVB \u00e9 sua principal parceira na defesa de solu\u00e7\u00f5es inteligentes de carregamento de ve\u00edculos el\u00e9tricos entre operadoras, concession\u00e1rias de autom\u00f3veis e distribuidores.<\/p><p>Juntos, causamos um impacto significativo no avan\u00e7o do ecossistema de carregamento inteligente de EV. Ao reduzir o consumo de energia, nossas solu\u00e7\u00f5es de energia para EV fornecem benef\u00edcios substanciais, aumentando a conveni\u00eancia para as empresas.<\/p>\t\t\t\t\t\t<\/div>\n\t\t\t\t<\/div>\n\t\t\t\t\t<\/div>\n\t\t<\/div>\n\t\t\t\t\t\t\t<\/div>\n\t\t<\/section>\n\t\t\t\t<section class=\"elementor-section elementor-top-section elementor-element elementor-element-50122ee elementor-reverse-mobile elementor-section-boxed elementor-section-height-default elementor-section-height-default\" data-id=\"50122ee\" data-element_type=\"section\">\n\t\t\t\t\t\t<div class=\"elementor-container elementor-column-gap-default\">\n\t\t\t\t\t<div class=\"elementor-column elementor-col-50 elementor-top-column elementor-element elementor-element-dcafb98\" data-id=\"dcafb98\" data-element_type=\"column\">\n\t\t\t<div class=\"elementor-widget-wrap elementor-element-populated\">\n\t\t\t\t\t\t\t\t<div class=\"elementor-element elementor-element-034f194 elementor-widget elementor-widget-heading\" data-id=\"034f194\" data-element_type=\"widget\" data-widget_type=\"heading.default\">\n\t\t\t\t<div class=\"elementor-widget-container\">\n\t\t\t<h2 class=\"elementor-heading-title elementor-size-default\">Carregamento inteligente de ve\u00edculos el\u00e9tricos e uma rede de energia sustent\u00e1vel<\/h2>\t\t<\/div>\n\t\t\t\t<\/div>\n\t\t\t\t<div class=\"elementor-element elementor-element-6859c26 elementor-widget elementor-widget-text-editor\" data-id=\"6859c26\" data-element_type=\"widget\" data-widget_type=\"text-editor.default\">\n\t\t\t\t<div class=\"elementor-widget-container\">\n\t\t\t\t\t\t\t<p>Nosso sistema de gerenciamento baseado em nuvem para esta\u00e7\u00f5es de carregamento de EV inteligentes oferece uma solu\u00e7\u00e3o flex\u00edvel que prioriza tempos de carregamento equilibrados e distribui\u00e7\u00e3o eficiente de energia. Com este sistema, os propriet\u00e1rios de pontos de carregamento ganham acesso cont\u00ednuo \u00e0 nuvem, permitindo que eles iniciem, parem ou reiniciem remotamente as esta\u00e7\u00f5es de carregamento.\u00a0<\/p><p>Essa abordagem simplificada n\u00e3o apenas promove a ado\u00e7\u00e3o do carregamento inteligente de ve\u00edculos el\u00e9tricos, mas tamb\u00e9m contribui para uma rede de energia mais sustent\u00e1vel.<\/p>\t\t\t\t\t\t<\/div>\n\t\t\t\t<\/div>\n\t\t\t\t\t<\/div>\n\t\t<\/div>\n\t\t\t\t<div class=\"elementor-column elementor-col-50 elementor-top-column elementor-element elementor-element-5a3e36f\" data-id=\"5a3e36f\" data-element_type=\"column\">\n\t\t\t<div class=\"elementor-widget-wrap elementor-element-populated\">\n\t\t\t\t\t\t\t\t<div class=\"elementor-element elementor-element-98fe05a elementor-widget elementor-widget-image\" data-id=\"98fe05a\" data-element_type=\"widget\" data-widget_type=\"image.default\">\n\t\t\t\t<div class=\"elementor-widget-container\">\n\t\t\t\t\t\t\t\t\t\t\t\t\t\t\t<img loading=\"lazy\" decoding=\"async\" width=\"580\" height=\"435\" src=\"https:\/\/www.evb.com\/wp-content\/uploads\/2024\/03\/smart-ev-charging.png\" class=\"attachment-large size-large wp-image-12860\" alt=\"carregamento ev inteligente\" \/>\t\t\t\t\t\t\t\t\t\t\t\t\t\t\t<\/div>\n\t\t\t\t<\/div>\n\t\t\t\t\t<\/div>\n\t\t<\/div>\n\t\t\t\t\t\t\t<\/div>\n\t\t<\/section>\n\t\t\t\t<section class=\"elementor-section elementor-top-section elementor-element elementor-element-84979a8 elementor-section-boxed elementor-section-height-default elementor-section-height-default\" data-id=\"84979a8\" data-element_type=\"section\">\n\t\t\t\t\t\t<div class=\"elementor-container elementor-column-gap-default\">\n\t\t\t\t\t<div class=\"elementor-column elementor-col-100 elementor-top-column elementor-element elementor-element-37a3aca\" data-id=\"37a3aca\" data-element_type=\"column\">\n\t\t\t<div class=\"elementor-widget-wrap elementor-element-populated\">\n\t\t\t\t\t\t\t\t<div class=\"elementor-element elementor-element-1bf1904 elementor-widget elementor-widget-spacer\" data-id=\"1bf1904\" data-element_type=\"widget\" data-widget_type=\"spacer.default\">\n\t\t\t\t<div class=\"elementor-widget-container\">\n\t\t\t\t\t<div class=\"elementor-spacer\">\n\t\t\t<div class=\"elementor-spacer-inner\"><\/div>\n\t\t<\/div>\n\t\t\t\t<\/div>\n\t\t\t\t<\/div>\n\t\t\t\t\t<\/div>\n\t\t<\/div>\n\t\t\t\t\t\t\t<\/div>\n\t\t<\/section>\n\t\t\t\t<section class=\"elementor-section elementor-top-section elementor-element elementor-element-41e8496 elementor-section-boxed elementor-section-height-default elementor-section-height-default\" data-id=\"41e8496\" data-element_type=\"section\">\n\t\t\t\t\t\t<div class=\"elementor-container elementor-column-gap-default\">\n\t\t\t\t\t<div class=\"elementor-column elementor-col-100 elementor-top-column elementor-element elementor-element-87048bd\" data-id=\"87048bd\" data-element_type=\"column\">\n\t\t\t<div class=\"elementor-widget-wrap elementor-element-populated\">\n\t\t\t\t\t\t\t\t<section class=\"elementor-section elementor-inner-section elementor-element elementor-element-2ab23e7 elementor-section-height-min-height elementor-section-boxed elementor-section-height-default\" data-id=\"2ab23e7\" data-element_type=\"section\" data-settings=\"{&quot;background_background&quot;:&quot;classic&quot;}\">\n\t\t\t\t\t\t<div class=\"elementor-container elementor-column-gap-default\">\n\t\t\t\t\t<div class=\"elementor-column elementor-col-50 elementor-inner-column elementor-element elementor-element-c9ca079\" data-id=\"c9ca079\" data-element_type=\"column\">\n\t\t\t<div class=\"elementor-widget-wrap elementor-element-populated\">\n\t\t\t\t\t\t\t\t<div class=\"elementor-element elementor-element-d27c141 elementor-widget elementor-widget-heading\" data-id=\"d27c141\" data-element_type=\"widget\" data-widget_type=\"heading.default\">\n\t\t\t\t<div class=\"elementor-widget-container\">\n\t\t\t<h2 class=\"elementor-heading-title elementor-size-default\">Mais de 150 milh\u00f5es de milhas el\u00e9tricas<\/h2>\t\t<\/div>\n\t\t\t\t<\/div>\n\t\t\t\t<div class=\"elementor-element elementor-element-d58a0f5 elementor-widget elementor-widget-text-editor\" data-id=\"d58a0f5\" data-element_type=\"widget\" data-widget_type=\"text-editor.default\">\n\t\t\t\t<div class=\"elementor-widget-container\">\n\t\t\t\t\t\t\t<div id=\"u158\" class=\"ax_default shape1\"><div id=\"u158_text\" class=\"text\"><p><span style=\"color: #ffffff;\">Com a melhor tecnologia de carregamento inteligente de EV, nossas solu\u00e7\u00f5es de energia EV revolucionaram a ind\u00fastria, superando outras fontes de carregamento em mais de 5.500 vezes em efici\u00eancia. Esse avan\u00e7o nos permitiu contribuir significativamente para a rede el\u00e9trica, cobrindo mais de 150 milh\u00f5es de milhas el\u00e9tricas. Esse fornecimento de energia amplo e est\u00e1vel garante energia sustent\u00e1vel para comunidades em todo o mundo, apoiando-as com suas necessidades de carregamento. Nosso compromisso em promover o carregamento inteligente de EV n\u00e3o s\u00f3 beneficia o meio ambiente, mas tamb\u00e9m oferece vantagens incompar\u00e1veis aos nossos clientes.<\/span><\/p><\/div><\/div>\t\t\t\t\t\t<\/div>\n\t\t\t\t<\/div>\n\t\t\t\t\t<\/div>\n\t\t<\/div>\n\t\t\t\t<div class=\"elementor-column elementor-col-50 elementor-inner-column elementor-element elementor-element-1ab7ff8\" data-id=\"1ab7ff8\" data-element_type=\"column\">\n\t\t\t<div class=\"elementor-widget-wrap\">\n\t\t\t\t\t\t\t\t\t<\/div>\n\t\t<\/div>\n\t\t\t\t\t\t\t<\/div>\n\t\t<\/section>\n\t\t\t\t\t<\/div>\n\t\t<\/div>\n\t\t\t\t\t\t\t<\/div>\n\t\t<\/section>\n\t\t\t\t\t\t\t<\/div>","protected":false},"excerpt":{"rendered":"<p>Home Descubra o futuro da sustentabilidade com nossas inovadoras solu\u00e7\u00f5es de energia para ve\u00edculos el\u00e9tricos. Nossa tecnologia inteligente de carregamento de ve\u00edculos el\u00e9tricos integra-se perfeitamente \u00e0 rede el\u00e9trica, garantindo um transporte eficiente e ecol\u00f3gico. Junte-se a n\u00f3s para moldar um amanh\u00e3 mais verde. Torne-se parte do ecossistema A EVB se destaca como sua parceira de primeira linha na defesa de solu\u00e7\u00f5es inteligentes de carregamento de ve\u00edculos el\u00e9tricos entre operadoras, [\u2026]<\/p>","protected":false},"author":2,"featured_media":0,"parent":0,"menu_order":43,"comment_status":"closed","ping_status":"closed","template":"","meta":{"footnotes":""},"class_list":["post-88","page","type-page","status-publish","hentry"],"acf":[],"yoast_head":"<!-- This site is optimized with the Yoast SEO plugin v21.1 - https:\/\/yoast.com\/wordpress\/plugins\/seo\/ -->\n<title>Sustainability &amp; Smart EV Charging Experience from EVB<\/title>\n<meta name=\"description\" content=\"EVB offers a sustainable path forward for EV power solutions through smart EV charging and a sustainable energy grid.\" \/>\n<meta name=\"robots\" content=\"index, follow, max-snippet:-1, max-image-preview:large, max-video-preview:-1\" \/>\n<link rel=\"canonical\" href=\"https:\/\/www.evb.com\/pt\/sustentabilidade\/\" \/>\n<meta property=\"og:locale\" content=\"pt_BR\" \/>\n<meta property=\"og:type\" content=\"article\" \/>\n<meta property=\"og:title\" content=\"Sustainability &amp; Smart EV Charging Experience from EVB\" \/>\n<meta property=\"og:description\" content=\"EVB offers a sustainable path forward for EV power solutions through smart EV charging and a sustainable energy grid.\" \/>\n<meta property=\"og:url\" content=\"https:\/\/www.evb.com\/pt\/sustentabilidade\/\" \/>\n<meta property=\"og:site_name\" content=\"home\" \/>\n<meta property=\"article:modified_time\" content=\"2024-03-08T10:08:59+00:00\" \/>\n<meta property=\"og:image\" content=\"https:\/\/www.evb.com\/wp-content\/uploads\/2024\/03\/EV-charging-ecosystem.png\" \/>\n<meta name=\"twitter:card\" content=\"summary_large_image\" \/>\n<meta name=\"twitter:label1\" content=\"Est. tempo de leitura\" \/>\n\t<meta name=\"twitter:data1\" content=\"2 minutos\" \/>\n<script type=\"application\/ld+json\" class=\"yoast-schema-graph\">{\"@context\":\"https:\/\/schema.org\",\"@graph\":[{\"@type\":\"WebPage\",\"@id\":\"https:\/\/www.evb.com\/sustainability\/\",\"url\":\"https:\/\/www.evb.com\/sustainability\/\",\"name\":\"Sustainability & Smart EV Charging Experience from EVB\",\"isPartOf\":{\"@id\":\"https:\/\/www.evb.com\/#website\"},\"datePublished\":\"2022-07-31T09:29:18+00:00\",\"dateModified\":\"2024-03-08T10:08:59+00:00\",\"description\":\"EVB offers a sustainable path forward for EV power solutions through smart EV charging and a sustainable energy grid.\",\"breadcrumb\":{\"@id\":\"https:\/\/www.evb.com\/sustainability\/#breadcrumb\"},\"inLanguage\":\"pt-BR\",\"potentialAction\":[{\"@type\":\"ReadAction\",\"target\":[\"https:\/\/www.evb.com\/sustainability\/\"]}]},{\"@type\":\"BreadcrumbList\",\"@id\":\"https:\/\/www.evb.com\/sustainability\/#breadcrumb\",\"itemListElement\":[{\"@type\":\"ListItem\",\"position\":1,\"name\":\"Home\",\"item\":\"https:\/\/www.evb.com\/\"},{\"@type\":\"ListItem\",\"position\":2,\"name\":\"Sustainability\"}]},{\"@type\":\"WebSite\",\"@id\":\"https:\/\/www.evb.com\/#website\",\"url\":\"https:\/\/www.evb.com\/\",\"name\":\"home\",\"description\":\"homepage\",\"publisher\":{\"@id\":\"https:\/\/www.evb.com\/#organization\"},\"potentialAction\":[{\"@type\":\"SearchAction\",\"target\":{\"@type\":\"EntryPoint\",\"urlTemplate\":\"https:\/\/www.evb.com\/?s={search_term_string}\"},\"query-input\":\"required name=search_term_string\"}],\"inLanguage\":\"pt-BR\"},{\"@type\":\"Organization\",\"@id\":\"https:\/\/www.evb.com\/#organization\",\"name\":\"home\",\"url\":\"https:\/\/www.evb.com\/\",\"logo\":{\"@type\":\"ImageObject\",\"inLanguage\":\"pt-BR\",\"@id\":\"https:\/\/www.evb.com\/#\/schema\/logo\/image\/\",\"url\":\"https:\/\/www.evb.com\/wp-content\/uploads\/2021\/03\/evb-3.png\",\"contentUrl\":\"https:\/\/www.evb.com\/wp-content\/uploads\/2021\/03\/evb-3.png\",\"width\":605,\"height\":626,\"caption\":\"home\"},\"image\":{\"@id\":\"https:\/\/www.evb.com\/#\/schema\/logo\/image\/\"}}]}<\/script>\n<!-- \/ Yoast SEO plugin. -->","yoast_head_json":{"title":"Sustainability & Smart EV Charging Experience from EVB","description":"EVB offers a sustainable path forward for EV power solutions through smart EV charging and a sustainable energy grid.","robots":{"index":"index","follow":"follow","max-snippet":"max-snippet:-1","max-image-preview":"max-image-preview:large","max-video-preview":"max-video-preview:-1"},"canonical":"https:\/\/www.evb.com\/pt\/sustentabilidade\/","og_locale":"pt_BR","og_type":"article","og_title":"Sustainability & Smart EV Charging Experience from EVB","og_description":"EVB offers a sustainable path forward for EV power solutions through smart EV charging and a sustainable energy grid.","og_url":"https:\/\/www.evb.com\/pt\/sustentabilidade\/","og_site_name":"home","article_modified_time":"2024-03-08T10:08:59+00:00","og_image":[{"url":"https:\/\/www.evb.com\/wp-content\/uploads\/2024\/03\/EV-charging-ecosystem.png"}],"twitter_card":"summary_large_image","twitter_misc":{"Est. tempo de leitura":"2 minutos"},"schema":{"@context":"https:\/\/schema.org","@graph":[{"@type":"WebPage","@id":"https:\/\/www.evb.com\/sustainability\/","url":"https:\/\/www.evb.com\/sustainability\/","name":"Sustainability & Smart EV Charging Experience from EVB","isPartOf":{"@id":"https:\/\/www.evb.com\/#website"},"datePublished":"2022-07-31T09:29:18+00:00","dateModified":"2024-03-08T10:08:59+00:00","description":"EVB offers a sustainable path forward for EV power solutions through smart EV charging and a sustainable energy grid.","breadcrumb":{"@id":"https:\/\/www.evb.com\/sustainability\/#breadcrumb"},"inLanguage":"pt-BR","potentialAction":[{"@type":"ReadAction","target":["https:\/\/www.evb.com\/sustainability\/"]}]},{"@type":"BreadcrumbList","@id":"https:\/\/www.evb.com\/sustainability\/#breadcrumb","itemListElement":[{"@type":"ListItem","position":1,"name":"Home","item":"https:\/\/www.evb.com\/"},{"@type":"ListItem","position":2,"name":"Sustainability"}]},{"@type":"WebSite","@id":"https:\/\/www.evb.com\/#website","url":"https:\/\/www.evb.com\/","name":"home","description":"homepage","publisher":{"@id":"https:\/\/www.evb.com\/#organization"},"potentialAction":[{"@type":"SearchAction","target":{"@type":"EntryPoint","urlTemplate":"https:\/\/www.evb.com\/?s={search_term_string}"},"query-input":"required name=search_term_string"}],"inLanguage":"pt-BR"},{"@type":"Organization","@id":"https:\/\/www.evb.com\/#organization","name":"home","url":"https:\/\/www.evb.com\/","logo":{"@type":"ImageObject","inLanguage":"pt-BR","@id":"https:\/\/www.evb.com\/#\/schema\/logo\/image\/","url":"https:\/\/www.evb.com\/wp-content\/uploads\/2021\/03\/evb-3.png","contentUrl":"https:\/\/www.evb.com\/wp-content\/uploads\/2021\/03\/evb-3.png","width":605,"height":626,"caption":"home"},"image":{"@id":"https:\/\/www.evb.com\/#\/schema\/logo\/image\/"}}]}},"_links":{"self":[{"href":"https:\/\/www.evb.com\/pt\/wp-json\/wp\/v2\/pages\/88","targetHints":{"allow":["GET"]}}],"collection":[{"href":"https:\/\/www.evb.com\/pt\/wp-json\/wp\/v2\/pages"}],"about":[{"href":"https:\/\/www.evb.com\/pt\/wp-json\/wp\/v2\/types\/page"}],"author":[{"embeddable":true,"href":"https:\/\/www.evb.com\/pt\/wp-json\/wp\/v2\/users\/2"}],"replies":[{"embeddable":true,"href":"https:\/\/www.evb.com\/pt\/wp-json\/wp\/v2\/comments?post=88"}],"version-history":[{"count":43,"href":"https:\/\/www.evb.com\/pt\/wp-json\/wp\/v2\/pages\/88\/revisions"}],"predecessor-version":[{"id":12863,"href":"https:\/\/www.evb.com\/pt\/wp-json\/wp\/v2\/pages\/88\/revisions\/12863"}],"wp:attachment":[{"href":"https:\/\/www.evb.com\/pt\/wp-json\/wp\/v2\/media?parent=88"}],"curies":[{"name":"wp","href":"https:\/\/api.w.org\/{rel}","templated":true}]}}