{"id":88,"date":"2022-07-31T17:29:18","date_gmt":"2022-07-31T09:29:18","guid":{"rendered":"https:\/\/www.evb.com\/?page_id=88"},"modified":"2024-03-08T18:08:59","modified_gmt":"2024-03-08T10:08:59","slug":"sustainability","status":"publish","type":"page","link":"https:\/\/www.evb.com\/ro\/sustainability\/","title":{"rendered":"Sustenabilitate"},"content":{"rendered":"<div data-elementor-type=\"wp-page\" data-elementor-id=\"88\" class=\"elementor elementor-88\">\n\t\t\t\t\t\t\t\t\t<section class=\"elementor-section elementor-top-section elementor-element elementor-element-6b64d7a elementor-section-full_width elementor-section-height-default elementor-section-height-default\" data-id=\"6b64d7a\" data-element_type=\"section\">\n\t\t\t\t\t\t<div class=\"elementor-container elementor-column-gap-default\">\n\t\t\t\t\t<div class=\"elementor-column elementor-col-100 elementor-top-column elementor-element elementor-element-1ffc13a5\" data-id=\"1ffc13a5\" data-element_type=\"column\">\n\t\t\t<div class=\"elementor-widget-wrap elementor-element-populated\">\n\t\t\t\t\t\t\t\t<section class=\"elementor-section elementor-inner-section elementor-element elementor-element-1fe4cbfb elementor-section-content-middle elementor-section-full_width elementor-section-height-default elementor-section-height-default\" data-id=\"1fe4cbfb\" data-element_type=\"section\" data-settings=\"{&quot;background_background&quot;:&quot;classic&quot;}\">\n\t\t\t\t\t\t<div class=\"elementor-container elementor-column-gap-default\">\n\t\t\t\t\t<div class=\"elementor-column elementor-col-50 elementor-inner-column elementor-element elementor-element-56331d6a\" data-id=\"56331d6a\" data-element_type=\"column\">\n\t\t\t<div class=\"elementor-widget-wrap elementor-element-populated\">\n\t\t\t\t\t\t\t\t<div class=\"elementor-element elementor-element-47e558ef elementor-widget elementor-widget-MML Breadcrumbs\" data-id=\"47e558ef\" data-element_type=\"widget\" data-settings=\"{&quot;breadcrumbs_type&quot;:&quot;post_type&quot;}\" data-widget_type=\"MML Breadcrumbs.default\">\n\t\t\t\t<div class=\"elementor-widget-container\">\n\t\t\t<ul class=\"pp-breadcrumbs pp-breadcrumbs-powerpack\">        <li class=\"pp-breadcrumbs-item pp-breadcrumbs-item-home\">\n            <a class=\"pp-breadcrumbs-crumb pp-breadcrumbs-crumb-link pp-breadcrumbs-crumb-home\" href=\"https:\/\/www.evb.com\/ro\" title=\"Acas\u0103\">\n\t\t\t\t<span class=\"pp-breadcrumbs-text\">\n\t\t\t\t\t                        <span class=\"pp-icon\">\n\t\t\t\t\t\t\t<i aria-hidden=\"true\" class=\"fas fa-home\"><\/i>\t\t\t\t\t\t<\/span>\n                                        Acas\u0103\t\t\t\t<\/span>\n            <\/a>\n        <\/li>\n        <li class=\"pp-breadcrumbs-separator\">                <span class='pp-separator-icon pp-icon'>\n\t\t\t\t\t<i aria-hidden=\"true\" class=\"fas fa-angle-right\"><\/i>\t\t\t\t<\/span>\n                <\/li><\/ul>\t\t<\/div>\n\t\t\t\t<\/div>\n\t\t\t\t<div class=\"elementor-element elementor-element-37c264b8 elementor-widget elementor-widget-heading\" data-id=\"37c264b8\" data-element_type=\"widget\" data-widget_type=\"heading.default\">\n\t\t\t\t<div class=\"elementor-widget-container\">\n\t\t\t<h1 class=\"elementor-heading-title elementor-size-default\">Sustenabilitate<\/h1>\t\t<\/div>\n\t\t\t\t<\/div>\n\t\t\t\t<div class=\"elementor-element elementor-element-b90a237 elementor-widget elementor-widget-text-editor\" data-id=\"b90a237\" data-element_type=\"widget\" data-widget_type=\"text-editor.default\">\n\t\t\t\t<div class=\"elementor-widget-container\">\n\t\t\t\t\t\t\t<p><span style=\"color: #ffffff;\">Descoperi\u021bi viitorul sustenabilit\u0103\u021bii cu solu\u021biile noastre inovatoare de alimentare pentru vehicule electrice. Tehnologia noastr\u0103 inteligent\u0103 de \u00eenc\u0103rcare a vehiculelor electrice se integreaz\u0103 perfect cu re\u021beaua energetic\u0103, asigur\u00e2nd un transport eficient \u0219i ecologic. Al\u0103tura\u021bi-v\u0103 nou\u0103 \u00een conturarea unui viitor mai verde.<\/span><\/p>\t\t\t\t\t\t<\/div>\n\t\t\t\t<\/div>\n\t\t\t\t<div class=\"elementor-element elementor-element-101742b5 elementor-widget elementor-widget-text-editor\" data-id=\"101742b5\" data-element_type=\"widget\" data-widget_type=\"text-editor.default\">\n\t\t\t\t<div class=\"elementor-widget-container\">\n\t\t\t\t\t\t\t\t\t\t\t\t\t<\/div>\n\t\t\t\t<\/div>\n\t\t\t\t\t<\/div>\n\t\t<\/div>\n\t\t\t\t<div class=\"elementor-column elementor-col-50 elementor-inner-column elementor-element elementor-element-691065fe\" data-id=\"691065fe\" data-element_type=\"column\">\n\t\t\t<div class=\"elementor-widget-wrap\">\n\t\t\t\t\t\t\t\t\t<\/div>\n\t\t<\/div>\n\t\t\t\t\t\t\t<\/div>\n\t\t<\/section>\n\t\t\t\t\t<\/div>\n\t\t<\/div>\n\t\t\t\t\t\t\t<\/div>\n\t\t<\/section>\n\t\t\t\t<section class=\"elementor-section elementor-top-section elementor-element elementor-element-7d5400e elementor-section-boxed elementor-section-height-default elementor-section-height-default\" data-id=\"7d5400e\" data-element_type=\"section\">\n\t\t\t\t\t\t<div class=\"elementor-container elementor-column-gap-default\">\n\t\t\t\t\t<div class=\"elementor-column elementor-col-100 elementor-top-column elementor-element elementor-element-01bc6b1\" data-id=\"01bc6b1\" data-element_type=\"column\">\n\t\t\t<div class=\"elementor-widget-wrap elementor-element-populated\">\n\t\t\t\t\t\t\t\t<div class=\"elementor-element elementor-element-5fbb488 elementor-widget elementor-widget-spacer\" data-id=\"5fbb488\" data-element_type=\"widget\" data-widget_type=\"spacer.default\">\n\t\t\t\t<div class=\"elementor-widget-container\">\n\t\t\t\t\t<div class=\"elementor-spacer\">\n\t\t\t<div class=\"elementor-spacer-inner\"><\/div>\n\t\t<\/div>\n\t\t\t\t<\/div>\n\t\t\t\t<\/div>\n\t\t\t\t\t<\/div>\n\t\t<\/div>\n\t\t\t\t\t\t\t<\/div>\n\t\t<\/section>\n\t\t\t\t<section class=\"elementor-section elementor-top-section elementor-element elementor-element-29ed806 elementor-section-boxed elementor-section-height-default elementor-section-height-default\" data-id=\"29ed806\" data-element_type=\"section\">\n\t\t\t\t\t\t<div class=\"elementor-container elementor-column-gap-default\">\n\t\t\t\t\t<div class=\"elementor-column elementor-col-50 elementor-top-column elementor-element elementor-element-34a3d46\" data-id=\"34a3d46\" data-element_type=\"column\">\n\t\t\t<div class=\"elementor-widget-wrap elementor-element-populated\">\n\t\t\t\t\t\t\t\t<div class=\"elementor-element elementor-element-b114deb elementor-widget__width-initial elementor-widget elementor-widget-image\" data-id=\"b114deb\" data-element_type=\"widget\" data-widget_type=\"image.default\">\n\t\t\t\t<div class=\"elementor-widget-container\">\n\t\t\t\t\t\t\t\t\t\t\t\t\t\t\t<img loading=\"lazy\" decoding=\"async\" width=\"580\" height=\"435\" src=\"https:\/\/www.evb.com\/wp-content\/uploads\/2024\/03\/EV-charging-ecosystem.png\" class=\"attachment-large size-large wp-image-12851\" alt=\"Ecosistemul de \u00eenc\u0103rcare a vehiculelor electrice\" \/>\t\t\t\t\t\t\t\t\t\t\t\t\t\t\t<\/div>\n\t\t\t\t<\/div>\n\t\t\t\t\t<\/div>\n\t\t<\/div>\n\t\t\t\t<div class=\"elementor-column elementor-col-50 elementor-top-column elementor-element elementor-element-d5d466d\" data-id=\"d5d466d\" data-element_type=\"column\">\n\t\t\t<div class=\"elementor-widget-wrap elementor-element-populated\">\n\t\t\t\t\t\t\t\t<div class=\"elementor-element elementor-element-01c6e12 elementor-widget elementor-widget-heading\" data-id=\"01c6e12\" data-element_type=\"widget\" data-widget_type=\"heading.default\">\n\t\t\t\t<div class=\"elementor-widget-container\">\n\t\t\t<h2 class=\"elementor-heading-title elementor-size-default\">Devino parte a ecosistemului<\/h2>\t\t<\/div>\n\t\t\t\t<\/div>\n\t\t\t\t<div class=\"elementor-element elementor-element-f4e79e6 elementor-widget elementor-widget-text-editor\" data-id=\"f4e79e6\" data-element_type=\"widget\" data-widget_type=\"text-editor.default\">\n\t\t\t\t<div class=\"elementor-widget-container\">\n\t\t\t\t\t\t\t<p>EVB este partenerul dumneavoastr\u0103 de top \u00een promovarea solu\u021biilor inteligente de \u00eenc\u0103rcare a vehiculelor electrice \u00een r\u00e2ndul operatorilor, dealerilor auto \u0219i distribuitorilor.<\/p><p>\u00cempreun\u0103, avem un impact semnificativ \u00een dezvoltarea ecosistemului de \u00eenc\u0103rcare inteligent\u0103 a vehiculelor electrice. Prin reducerea consumului de energie, solu\u021biile noastre de alimentare pentru vehicule electrice ofer\u0103 beneficii substan\u021biale, sporind confortul pentru companii.<\/p>\t\t\t\t\t\t<\/div>\n\t\t\t\t<\/div>\n\t\t\t\t\t<\/div>\n\t\t<\/div>\n\t\t\t\t\t\t\t<\/div>\n\t\t<\/section>\n\t\t\t\t<section class=\"elementor-section elementor-top-section elementor-element elementor-element-50122ee elementor-reverse-mobile elementor-section-boxed elementor-section-height-default elementor-section-height-default\" data-id=\"50122ee\" data-element_type=\"section\">\n\t\t\t\t\t\t<div class=\"elementor-container elementor-column-gap-default\">\n\t\t\t\t\t<div class=\"elementor-column elementor-col-50 elementor-top-column elementor-element elementor-element-dcafb98\" data-id=\"dcafb98\" data-element_type=\"column\">\n\t\t\t<div class=\"elementor-widget-wrap elementor-element-populated\">\n\t\t\t\t\t\t\t\t<div class=\"elementor-element elementor-element-034f194 elementor-widget elementor-widget-heading\" data-id=\"034f194\" data-element_type=\"widget\" data-widget_type=\"heading.default\">\n\t\t\t\t<div class=\"elementor-widget-container\">\n\t\t\t<h2 class=\"elementor-heading-title elementor-size-default\">\u00cenc\u0103rcare inteligent\u0103 pentru vehicule electrice \u0219i o re\u021bea energetic\u0103 durabil\u0103<\/h2>\t\t<\/div>\n\t\t\t\t<\/div>\n\t\t\t\t<div class=\"elementor-element elementor-element-6859c26 elementor-widget elementor-widget-text-editor\" data-id=\"6859c26\" data-element_type=\"widget\" data-widget_type=\"text-editor.default\">\n\t\t\t\t<div class=\"elementor-widget-container\">\n\t\t\t\t\t\t\t<p>Sistemul nostru de gestionare bazat pe cloud pentru sta\u021biile de \u00eenc\u0103rcare inteligente pentru vehicule electrice ofer\u0103 o solu\u021bie flexibil\u0103 care prioritizeaz\u0103 timpii de \u00eenc\u0103rcare echilibra\u021bi \u0219i distribu\u021bia eficient\u0103 a energiei. Cu acest sistem, proprietarii de puncte de \u00eenc\u0103rcare ob\u021bin acces f\u0103r\u0103 probleme la cloud, permi\u021b\u00e2ndu-le s\u0103 ini\u021bieze, s\u0103 opreasc\u0103 sau s\u0103 reporneasc\u0103 sta\u021biile de \u00eenc\u0103rcare de la distan\u021b\u0103.\u00a0<\/p><p>Aceast\u0103 abordare simplificat\u0103 nu numai c\u0103 promoveaz\u0103 adoptarea \u00eenc\u0103rc\u0103rii inteligente a vehiculelor electrice, dar contribuie \u0219i la o re\u021bea energetic\u0103 mai sustenabil\u0103.<\/p>\t\t\t\t\t\t<\/div>\n\t\t\t\t<\/div>\n\t\t\t\t\t<\/div>\n\t\t<\/div>\n\t\t\t\t<div class=\"elementor-column elementor-col-50 elementor-top-column elementor-element elementor-element-5a3e36f\" data-id=\"5a3e36f\" data-element_type=\"column\">\n\t\t\t<div class=\"elementor-widget-wrap elementor-element-populated\">\n\t\t\t\t\t\t\t\t<div class=\"elementor-element elementor-element-98fe05a elementor-widget elementor-widget-image\" data-id=\"98fe05a\" data-element_type=\"widget\" data-widget_type=\"image.default\">\n\t\t\t\t<div class=\"elementor-widget-container\">\n\t\t\t\t\t\t\t\t\t\t\t\t\t\t\t<img loading=\"lazy\" decoding=\"async\" width=\"580\" height=\"435\" src=\"https:\/\/www.evb.com\/wp-content\/uploads\/2024\/03\/smart-ev-charging.png\" class=\"attachment-large size-large wp-image-12860\" alt=\"\u00eenc\u0103rcare inteligent\u0103 pentru vehicule electrice\" \/>\t\t\t\t\t\t\t\t\t\t\t\t\t\t\t<\/div>\n\t\t\t\t<\/div>\n\t\t\t\t\t<\/div>\n\t\t<\/div>\n\t\t\t\t\t\t\t<\/div>\n\t\t<\/section>\n\t\t\t\t<section class=\"elementor-section elementor-top-section elementor-element elementor-element-84979a8 elementor-section-boxed elementor-section-height-default elementor-section-height-default\" data-id=\"84979a8\" data-element_type=\"section\">\n\t\t\t\t\t\t<div class=\"elementor-container elementor-column-gap-default\">\n\t\t\t\t\t<div class=\"elementor-column elementor-col-100 elementor-top-column elementor-element elementor-element-37a3aca\" data-id=\"37a3aca\" data-element_type=\"column\">\n\t\t\t<div class=\"elementor-widget-wrap elementor-element-populated\">\n\t\t\t\t\t\t\t\t<div class=\"elementor-element elementor-element-1bf1904 elementor-widget elementor-widget-spacer\" data-id=\"1bf1904\" data-element_type=\"widget\" data-widget_type=\"spacer.default\">\n\t\t\t\t<div class=\"elementor-widget-container\">\n\t\t\t\t\t<div class=\"elementor-spacer\">\n\t\t\t<div class=\"elementor-spacer-inner\"><\/div>\n\t\t<\/div>\n\t\t\t\t<\/div>\n\t\t\t\t<\/div>\n\t\t\t\t\t<\/div>\n\t\t<\/div>\n\t\t\t\t\t\t\t<\/div>\n\t\t<\/section>\n\t\t\t\t<section class=\"elementor-section elementor-top-section elementor-element elementor-element-41e8496 elementor-section-boxed elementor-section-height-default elementor-section-height-default\" data-id=\"41e8496\" data-element_type=\"section\">\n\t\t\t\t\t\t<div class=\"elementor-container elementor-column-gap-default\">\n\t\t\t\t\t<div class=\"elementor-column elementor-col-100 elementor-top-column elementor-element elementor-element-87048bd\" data-id=\"87048bd\" data-element_type=\"column\">\n\t\t\t<div class=\"elementor-widget-wrap elementor-element-populated\">\n\t\t\t\t\t\t\t\t<section class=\"elementor-section elementor-inner-section elementor-element elementor-element-2ab23e7 elementor-section-height-min-height elementor-section-boxed elementor-section-height-default\" data-id=\"2ab23e7\" data-element_type=\"section\" data-settings=\"{&quot;background_background&quot;:&quot;classic&quot;}\">\n\t\t\t\t\t\t<div class=\"elementor-container elementor-column-gap-default\">\n\t\t\t\t\t<div class=\"elementor-column elementor-col-50 elementor-inner-column elementor-element elementor-element-c9ca079\" data-id=\"c9ca079\" data-element_type=\"column\">\n\t\t\t<div class=\"elementor-widget-wrap elementor-element-populated\">\n\t\t\t\t\t\t\t\t<div class=\"elementor-element elementor-element-d27c141 elementor-widget elementor-widget-heading\" data-id=\"d27c141\" data-element_type=\"widget\" data-widget_type=\"heading.default\">\n\t\t\t\t<div class=\"elementor-widget-container\">\n\t\t\t<h2 class=\"elementor-heading-title elementor-size-default\">Peste 150 de milioane de mile electrice<\/h2>\t\t<\/div>\n\t\t\t\t<\/div>\n\t\t\t\t<div class=\"elementor-element elementor-element-d58a0f5 elementor-widget elementor-widget-text-editor\" data-id=\"d58a0f5\" data-element_type=\"widget\" data-widget_type=\"text-editor.default\">\n\t\t\t\t<div class=\"elementor-widget-container\">\n\t\t\t\t\t\t\t<div id=\"u158\" class=\"ax_default shape1\"><div id=\"u158_text\" class=\"text\"><p><span style=\"color: #ffffff;\">Cu tehnologie inteligent\u0103 de top pentru \u00eenc\u0103rcarea vehiculelor electrice, solu\u021biile noastre de alimentare pentru vehicule electrice au revolu\u021bionat industria, dep\u0103\u0219ind alte surse de \u00eenc\u0103rcare cu peste 5.500 de ori \u00een ceea ce prive\u0219te eficien\u021ba. Aceast\u0103 descoperire ne-a permis s\u0103 contribuim semnificativ la re\u021beaua energetic\u0103, acoperind peste 240 de milioane de kilometri electrici. Aceast\u0103 aprovizionare cu energie extins\u0103 \u0219i stabil\u0103 asigur\u0103 energie durabil\u0103 pentru comunit\u0103\u021bile din \u00eentreaga lume, sprijinindu-le \u00een ceea ce prive\u0219te nevoile lor de \u00eenc\u0103rcare. Angajamentul nostru de a promova \u00eenc\u0103rcarea inteligent\u0103 a vehiculelor electrice nu numai c\u0103 aduce beneficii mediului, dar ofer\u0103 \u0219i avantaje de neegalat clien\u021bilor no\u0219tri.<\/span><\/p><\/div><\/div>\t\t\t\t\t\t<\/div>\n\t\t\t\t<\/div>\n\t\t\t\t\t<\/div>\n\t\t<\/div>\n\t\t\t\t<div class=\"elementor-column elementor-col-50 elementor-inner-column elementor-element elementor-element-1ab7ff8\" data-id=\"1ab7ff8\" data-element_type=\"column\">\n\t\t\t<div class=\"elementor-widget-wrap\">\n\t\t\t\t\t\t\t\t\t<\/div>\n\t\t<\/div>\n\t\t\t\t\t\t\t<\/div>\n\t\t<\/section>\n\t\t\t\t\t<\/div>\n\t\t<\/div>\n\t\t\t\t\t\t\t<\/div>\n\t\t<\/section>\n\t\t\t\t\t\t\t<\/div>","protected":false},"excerpt":{"rendered":"<p>Home Discover the future of sustainability with our innovative EV power solutions. Our smart EV charging\u00a0technology seamlessly integrates with the energy grid, ensuring efficient and eco-friendly transportation. Join us in shaping a greener tomorrow. Become Part of the Ecosystem EVB stands as your top-tier partner in advocating for smart EV charging solutions among operators, auto [&hellip;]<\/p>","protected":false},"author":2,"featured_media":0,"parent":0,"menu_order":43,"comment_status":"closed","ping_status":"closed","template":"","meta":{"footnotes":""},"class_list":["post-88","page","type-page","status-publish","hentry"],"acf":[],"yoast_head":"<!-- This site is optimized with the Yoast SEO plugin v27.4 - https:\/\/yoast.com\/product\/yoast-seo-wordpress\/ -->\n<title>Sustainability &amp; Smart EV Charging Experience from EVB<\/title>\n<meta name=\"description\" content=\"EVB offers a sustainable path forward for EV power solutions through smart EV charging and a sustainable energy grid.\" \/>\n<meta name=\"robots\" content=\"index, follow, max-snippet:-1, max-image-preview:large, max-video-preview:-1\" \/>\n<link rel=\"canonical\" href=\"https:\/\/www.evb.com\/ro\/sustainability\/\" \/>\n<meta property=\"og:locale\" content=\"ro_RO\" \/>\n<meta property=\"og:type\" content=\"article\" \/>\n<meta property=\"og:title\" content=\"Sustainability &amp; Smart EV Charging Experience from EVB\" \/>\n<meta property=\"og:description\" content=\"EVB offers a sustainable path forward for EV power solutions through smart EV charging and a sustainable energy grid.\" \/>\n<meta property=\"og:url\" content=\"https:\/\/www.evb.com\/ro\/sustainability\/\" \/>\n<meta property=\"og:site_name\" content=\"EVB\" \/>\n<meta property=\"article:modified_time\" content=\"2024-03-08T10:08:59+00:00\" \/>\n<meta property=\"og:image\" content=\"https:\/\/www.evb.com\/wp-content\/uploads\/2024\/03\/EV-charging-ecosystem.png\" \/>\n<meta name=\"twitter:card\" content=\"summary_large_image\" \/>\n<meta name=\"twitter:label1\" content=\"Timp estimat pentru citire\" \/>\n\t<meta name=\"twitter:data1\" content=\"2 minute\" \/>\n<script type=\"application\/ld+json\" class=\"yoast-schema-graph\">{\"@context\":\"https:\\\/\\\/schema.org\",\"@graph\":[{\"@type\":\"WebPage\",\"@id\":\"https:\\\/\\\/www.evb.com\\\/sustainability\\\/\",\"url\":\"https:\\\/\\\/www.evb.com\\\/sustainability\\\/\",\"name\":\"Sustainability & Smart EV Charging Experience from EVB\",\"isPartOf\":{\"@id\":\"https:\\\/\\\/www.evb.com\\\/#website\"},\"primaryImageOfPage\":{\"@id\":\"https:\\\/\\\/www.evb.com\\\/sustainability\\\/#primaryimage\"},\"image\":{\"@id\":\"https:\\\/\\\/www.evb.com\\\/sustainability\\\/#primaryimage\"},\"thumbnailUrl\":\"https:\\\/\\\/www.evb.com\\\/wp-content\\\/uploads\\\/2024\\\/03\\\/EV-charging-ecosystem.png\",\"datePublished\":\"2022-07-31T09:29:18+00:00\",\"dateModified\":\"2024-03-08T10:08:59+00:00\",\"description\":\"EVB offers a sustainable path forward for EV power solutions through smart EV charging and a sustainable energy grid.\",\"breadcrumb\":{\"@id\":\"https:\\\/\\\/www.evb.com\\\/sustainability\\\/#breadcrumb\"},\"inLanguage\":\"ro-RO\",\"potentialAction\":[{\"@type\":\"ReadAction\",\"target\":[\"https:\\\/\\\/www.evb.com\\\/sustainability\\\/\"]}]},{\"@type\":\"ImageObject\",\"inLanguage\":\"ro-RO\",\"@id\":\"https:\\\/\\\/www.evb.com\\\/sustainability\\\/#primaryimage\",\"url\":\"https:\\\/\\\/www.evb.com\\\/wp-content\\\/uploads\\\/2024\\\/03\\\/EV-charging-ecosystem.png\",\"contentUrl\":\"https:\\\/\\\/www.evb.com\\\/wp-content\\\/uploads\\\/2024\\\/03\\\/EV-charging-ecosystem.png\"},{\"@type\":\"BreadcrumbList\",\"@id\":\"https:\\\/\\\/www.evb.com\\\/sustainability\\\/#breadcrumb\",\"itemListElement\":[{\"@type\":\"ListItem\",\"position\":1,\"name\":\"Home\",\"item\":\"https:\\\/\\\/www.evb.com\\\/\"},{\"@type\":\"ListItem\",\"position\":2,\"name\":\"Sustainability\"}]},{\"@type\":\"WebSite\",\"@id\":\"https:\\\/\\\/www.evb.com\\\/#website\",\"url\":\"https:\\\/\\\/www.evb.com\\\/\",\"name\":\"EVB\",\"description\":\"Smart EV Charging &amp; Energy Storage Solutions\",\"publisher\":{\"@id\":\"https:\\\/\\\/www.evb.com\\\/#organization\"},\"potentialAction\":[{\"@type\":\"SearchAction\",\"target\":{\"@type\":\"EntryPoint\",\"urlTemplate\":\"https:\\\/\\\/www.evb.com\\\/?s={search_term_string}\"},\"query-input\":{\"@type\":\"PropertyValueSpecification\",\"valueRequired\":true,\"valueName\":\"search_term_string\"}}],\"inLanguage\":\"ro-RO\"},{\"@type\":\"Organization\",\"@id\":\"https:\\\/\\\/www.evb.com\\\/#organization\",\"name\":\"EVB\",\"url\":\"https:\\\/\\\/www.evb.com\\\/\",\"logo\":{\"@type\":\"ImageObject\",\"inLanguage\":\"ro-RO\",\"@id\":\"https:\\\/\\\/www.evb.com\\\/#\\\/schema\\\/logo\\\/image\\\/\",\"url\":\"https:\\\/\\\/www.evb.com\\\/wp-content\\\/uploads\\\/2021\\\/03\\\/evb-3.png\",\"contentUrl\":\"https:\\\/\\\/www.evb.com\\\/wp-content\\\/uploads\\\/2021\\\/03\\\/evb-3.png\",\"width\":605,\"height\":626,\"caption\":\"EVB\"},\"image\":{\"@id\":\"https:\\\/\\\/www.evb.com\\\/#\\\/schema\\\/logo\\\/image\\\/\"}}]}<\/script>\n<!-- \/ Yoast SEO plugin. -->","yoast_head_json":{"title":"Sustainability & Smart EV Charging Experience from EVB","description":"EVB offers a sustainable path forward for EV power solutions through smart EV charging and a sustainable energy grid.","robots":{"index":"index","follow":"follow","max-snippet":"max-snippet:-1","max-image-preview":"max-image-preview:large","max-video-preview":"max-video-preview:-1"},"canonical":"https:\/\/www.evb.com\/ro\/sustainability\/","og_locale":"ro_RO","og_type":"article","og_title":"Sustainability & Smart EV Charging Experience from EVB","og_description":"EVB offers a sustainable path forward for EV power solutions through smart EV charging and a sustainable energy grid.","og_url":"https:\/\/www.evb.com\/ro\/sustainability\/","og_site_name":"EVB","article_modified_time":"2024-03-08T10:08:59+00:00","og_image":[{"url":"https:\/\/www.evb.com\/wp-content\/uploads\/2024\/03\/EV-charging-ecosystem.png","type":"","width":"","height":""}],"twitter_card":"summary_large_image","twitter_misc":{"Timp estimat pentru citire":"2 minute"},"schema":{"@context":"https:\/\/schema.org","@graph":[{"@type":"WebPage","@id":"https:\/\/www.evb.com\/sustainability\/","url":"https:\/\/www.evb.com\/sustainability\/","name":"Sustainability & Smart EV Charging Experience from EVB","isPartOf":{"@id":"https:\/\/www.evb.com\/#website"},"primaryImageOfPage":{"@id":"https:\/\/www.evb.com\/sustainability\/#primaryimage"},"image":{"@id":"https:\/\/www.evb.com\/sustainability\/#primaryimage"},"thumbnailUrl":"https:\/\/www.evb.com\/wp-content\/uploads\/2024\/03\/EV-charging-ecosystem.png","datePublished":"2022-07-31T09:29:18+00:00","dateModified":"2024-03-08T10:08:59+00:00","description":"EVB offers a sustainable path forward for EV power solutions through smart EV charging and a sustainable energy grid.","breadcrumb":{"@id":"https:\/\/www.evb.com\/sustainability\/#breadcrumb"},"inLanguage":"ro-RO","potentialAction":[{"@type":"ReadAction","target":["https:\/\/www.evb.com\/sustainability\/"]}]},{"@type":"ImageObject","inLanguage":"ro-RO","@id":"https:\/\/www.evb.com\/sustainability\/#primaryimage","url":"https:\/\/www.evb.com\/wp-content\/uploads\/2024\/03\/EV-charging-ecosystem.png","contentUrl":"https:\/\/www.evb.com\/wp-content\/uploads\/2024\/03\/EV-charging-ecosystem.png"},{"@type":"BreadcrumbList","@id":"https:\/\/www.evb.com\/sustainability\/#breadcrumb","itemListElement":[{"@type":"ListItem","position":1,"name":"Home","item":"https:\/\/www.evb.com\/"},{"@type":"ListItem","position":2,"name":"Sustainability"}]},{"@type":"WebSite","@id":"https:\/\/www.evb.com\/#website","url":"https:\/\/www.evb.com\/","name":"EVB","description":"Smart EV Charging &amp; Energy Storage Solutions","publisher":{"@id":"https:\/\/www.evb.com\/#organization"},"potentialAction":[{"@type":"SearchAction","target":{"@type":"EntryPoint","urlTemplate":"https:\/\/www.evb.com\/?s={search_term_string}"},"query-input":{"@type":"PropertyValueSpecification","valueRequired":true,"valueName":"search_term_string"}}],"inLanguage":"ro-RO"},{"@type":"Organization","@id":"https:\/\/www.evb.com\/#organization","name":"EVB","url":"https:\/\/www.evb.com\/","logo":{"@type":"ImageObject","inLanguage":"ro-RO","@id":"https:\/\/www.evb.com\/#\/schema\/logo\/image\/","url":"https:\/\/www.evb.com\/wp-content\/uploads\/2021\/03\/evb-3.png","contentUrl":"https:\/\/www.evb.com\/wp-content\/uploads\/2021\/03\/evb-3.png","width":605,"height":626,"caption":"EVB"},"image":{"@id":"https:\/\/www.evb.com\/#\/schema\/logo\/image\/"}}]}},"_links":{"self":[{"href":"https:\/\/www.evb.com\/ro\/wp-json\/wp\/v2\/pages\/88","targetHints":{"allow":["GET"]}}],"collection":[{"href":"https:\/\/www.evb.com\/ro\/wp-json\/wp\/v2\/pages"}],"about":[{"href":"https:\/\/www.evb.com\/ro\/wp-json\/wp\/v2\/types\/page"}],"author":[{"embeddable":true,"href":"https:\/\/www.evb.com\/ro\/wp-json\/wp\/v2\/users\/2"}],"replies":[{"embeddable":true,"href":"https:\/\/www.evb.com\/ro\/wp-json\/wp\/v2\/comments?post=88"}],"version-history":[{"count":43,"href":"https:\/\/www.evb.com\/ro\/wp-json\/wp\/v2\/pages\/88\/revisions"}],"predecessor-version":[{"id":12863,"href":"https:\/\/www.evb.com\/ro\/wp-json\/wp\/v2\/pages\/88\/revisions\/12863"}],"wp:attachment":[{"href":"https:\/\/www.evb.com\/ro\/wp-json\/wp\/v2\/media?parent=88"}],"curies":[{"name":"wp","href":"https:\/\/api.w.org\/{rel}","templated":true}]}}