{"id":88,"date":"2022-07-31T17:29:18","date_gmt":"2022-07-31T09:29:18","guid":{"rendered":"https:\/\/www.evb.com\/?page_id=88"},"modified":"2024-03-08T18:08:59","modified_gmt":"2024-03-08T10:08:59","slug":"sustainability","status":"publish","type":"page","link":"https:\/\/www.evb.com\/sv\/sustainability\/","title":{"rendered":"H\u00e5llbarhet"},"content":{"rendered":"<div data-elementor-type=\"wp-page\" data-elementor-id=\"88\" class=\"elementor elementor-88\">\n\t\t\t\t\t\t\t\t\t<section class=\"elementor-section elementor-top-section elementor-element elementor-element-6b64d7a elementor-section-full_width elementor-section-height-default elementor-section-height-default\" data-id=\"6b64d7a\" data-element_type=\"section\">\n\t\t\t\t\t\t<div class=\"elementor-container elementor-column-gap-default\">\n\t\t\t\t\t<div class=\"elementor-column elementor-col-100 elementor-top-column elementor-element elementor-element-1ffc13a5\" data-id=\"1ffc13a5\" data-element_type=\"column\">\n\t\t\t<div class=\"elementor-widget-wrap elementor-element-populated\">\n\t\t\t\t\t\t\t\t<section class=\"elementor-section elementor-inner-section elementor-element elementor-element-1fe4cbfb elementor-section-content-middle elementor-section-full_width elementor-section-height-default elementor-section-height-default\" data-id=\"1fe4cbfb\" data-element_type=\"section\" data-settings=\"{&quot;background_background&quot;:&quot;classic&quot;}\">\n\t\t\t\t\t\t<div class=\"elementor-container elementor-column-gap-default\">\n\t\t\t\t\t<div class=\"elementor-column elementor-col-50 elementor-inner-column elementor-element elementor-element-56331d6a\" data-id=\"56331d6a\" data-element_type=\"column\">\n\t\t\t<div class=\"elementor-widget-wrap elementor-element-populated\">\n\t\t\t\t\t\t\t\t<div class=\"elementor-element elementor-element-47e558ef elementor-widget elementor-widget-MML Breadcrumbs\" data-id=\"47e558ef\" data-element_type=\"widget\" data-settings=\"{&quot;breadcrumbs_type&quot;:&quot;post_type&quot;}\" data-widget_type=\"MML Breadcrumbs.default\">\n\t\t\t\t<div class=\"elementor-widget-container\">\n\t\t\t<ul class=\"pp-breadcrumbs pp-breadcrumbs-powerpack\">        <li class=\"pp-breadcrumbs-item pp-breadcrumbs-item-home\">\n            <a class=\"pp-breadcrumbs-crumb pp-breadcrumbs-crumb-link pp-breadcrumbs-crumb-home\" href=\"https:\/\/www.evb.com\/sv\" title=\"Hem\">\n\t\t\t\t<span class=\"pp-breadcrumbs-text\">\n\t\t\t\t\t                        <span class=\"pp-icon\">\n\t\t\t\t\t\t\t<i aria-hidden=\"true\" class=\"fas fa-home\"><\/i>\t\t\t\t\t\t<\/span>\n                                        Hem\t\t\t\t<\/span>\n            <\/a>\n        <\/li>\n        <li class=\"pp-breadcrumbs-separator\">                <span class='pp-separator-icon pp-icon'>\n\t\t\t\t\t<i aria-hidden=\"true\" class=\"fas fa-angle-right\"><\/i>\t\t\t\t<\/span>\n                <\/li><\/ul>\t\t<\/div>\n\t\t\t\t<\/div>\n\t\t\t\t<div class=\"elementor-element elementor-element-37c264b8 elementor-widget elementor-widget-heading\" data-id=\"37c264b8\" data-element_type=\"widget\" data-widget_type=\"heading.default\">\n\t\t\t\t<div class=\"elementor-widget-container\">\n\t\t\t<h1 class=\"elementor-heading-title elementor-size-default\">H\u00e5llbarhet<\/h1>\t\t<\/div>\n\t\t\t\t<\/div>\n\t\t\t\t<div class=\"elementor-element elementor-element-b90a237 elementor-widget elementor-widget-text-editor\" data-id=\"b90a237\" data-element_type=\"widget\" data-widget_type=\"text-editor.default\">\n\t\t\t\t<div class=\"elementor-widget-container\">\n\t\t\t\t\t\t\t<p><span style=\"color: #ffffff;\">Uppt\u00e4ck framtidens h\u00e5llbarhet med v\u00e5ra innovativa l\u00f6sningar f\u00f6r elbilsladdning. V\u00e5r smarta laddningsteknik f\u00f6r elbilar integreras s\u00f6ml\u00f6st med eln\u00e4tet och s\u00e4kerst\u00e4ller effektiva och milj\u00f6v\u00e4nliga transporter. F\u00f6lj med oss och forma en gr\u00f6nare morgondag.<\/span><\/p>\t\t\t\t\t\t<\/div>\n\t\t\t\t<\/div>\n\t\t\t\t<div class=\"elementor-element elementor-element-101742b5 elementor-widget elementor-widget-text-editor\" data-id=\"101742b5\" data-element_type=\"widget\" data-widget_type=\"text-editor.default\">\n\t\t\t\t<div class=\"elementor-widget-container\">\n\t\t\t\t\t\t\t\t\t\t\t\t\t<\/div>\n\t\t\t\t<\/div>\n\t\t\t\t\t<\/div>\n\t\t<\/div>\n\t\t\t\t<div class=\"elementor-column elementor-col-50 elementor-inner-column elementor-element elementor-element-691065fe\" data-id=\"691065fe\" data-element_type=\"column\">\n\t\t\t<div class=\"elementor-widget-wrap\">\n\t\t\t\t\t\t\t\t\t<\/div>\n\t\t<\/div>\n\t\t\t\t\t\t\t<\/div>\n\t\t<\/section>\n\t\t\t\t\t<\/div>\n\t\t<\/div>\n\t\t\t\t\t\t\t<\/div>\n\t\t<\/section>\n\t\t\t\t<section class=\"elementor-section elementor-top-section elementor-element elementor-element-7d5400e elementor-section-boxed elementor-section-height-default elementor-section-height-default\" data-id=\"7d5400e\" data-element_type=\"section\">\n\t\t\t\t\t\t<div class=\"elementor-container elementor-column-gap-default\">\n\t\t\t\t\t<div class=\"elementor-column elementor-col-100 elementor-top-column elementor-element elementor-element-01bc6b1\" data-id=\"01bc6b1\" data-element_type=\"column\">\n\t\t\t<div class=\"elementor-widget-wrap elementor-element-populated\">\n\t\t\t\t\t\t\t\t<div class=\"elementor-element elementor-element-5fbb488 elementor-widget elementor-widget-spacer\" data-id=\"5fbb488\" data-element_type=\"widget\" data-widget_type=\"spacer.default\">\n\t\t\t\t<div class=\"elementor-widget-container\">\n\t\t\t\t\t<div class=\"elementor-spacer\">\n\t\t\t<div class=\"elementor-spacer-inner\"><\/div>\n\t\t<\/div>\n\t\t\t\t<\/div>\n\t\t\t\t<\/div>\n\t\t\t\t\t<\/div>\n\t\t<\/div>\n\t\t\t\t\t\t\t<\/div>\n\t\t<\/section>\n\t\t\t\t<section class=\"elementor-section elementor-top-section elementor-element elementor-element-29ed806 elementor-section-boxed elementor-section-height-default elementor-section-height-default\" data-id=\"29ed806\" data-element_type=\"section\">\n\t\t\t\t\t\t<div class=\"elementor-container elementor-column-gap-default\">\n\t\t\t\t\t<div class=\"elementor-column elementor-col-50 elementor-top-column elementor-element elementor-element-34a3d46\" data-id=\"34a3d46\" data-element_type=\"column\">\n\t\t\t<div class=\"elementor-widget-wrap elementor-element-populated\">\n\t\t\t\t\t\t\t\t<div class=\"elementor-element elementor-element-b114deb elementor-widget__width-initial elementor-widget elementor-widget-image\" data-id=\"b114deb\" data-element_type=\"widget\" data-widget_type=\"image.default\">\n\t\t\t\t<div class=\"elementor-widget-container\">\n\t\t\t\t\t\t\t\t\t\t\t\t\t\t\t<img loading=\"lazy\" decoding=\"async\" width=\"580\" height=\"435\" src=\"https:\/\/www.evb.com\/wp-content\/uploads\/2024\/03\/EV-charging-ecosystem.png\" class=\"attachment-large size-large wp-image-12851\" alt=\"Ekosystem f\u00f6r laddning av elbilar\" \/>\t\t\t\t\t\t\t\t\t\t\t\t\t\t\t<\/div>\n\t\t\t\t<\/div>\n\t\t\t\t\t<\/div>\n\t\t<\/div>\n\t\t\t\t<div class=\"elementor-column elementor-col-50 elementor-top-column elementor-element elementor-element-d5d466d\" data-id=\"d5d466d\" data-element_type=\"column\">\n\t\t\t<div class=\"elementor-widget-wrap elementor-element-populated\">\n\t\t\t\t\t\t\t\t<div class=\"elementor-element elementor-element-01c6e12 elementor-widget elementor-widget-heading\" data-id=\"01c6e12\" data-element_type=\"widget\" data-widget_type=\"heading.default\">\n\t\t\t\t<div class=\"elementor-widget-container\">\n\t\t\t<h2 class=\"elementor-heading-title elementor-size-default\">Bli en del av ekosystemet<\/h2>\t\t<\/div>\n\t\t\t\t<\/div>\n\t\t\t\t<div class=\"elementor-element elementor-element-f4e79e6 elementor-widget elementor-widget-text-editor\" data-id=\"f4e79e6\" data-element_type=\"widget\" data-widget_type=\"text-editor.default\">\n\t\t\t\t<div class=\"elementor-widget-container\">\n\t\t\t\t\t\t\t<p>EVB st\u00e5r som din fr\u00e4msta partner i att f\u00f6respr\u00e5ka smarta laddningsl\u00f6sningar f\u00f6r elbilar bland operat\u00f6rer, bilhandlare och distribut\u00f6rer.<\/p><p>Tillsammans g\u00f6r vi en betydande skillnad i att utveckla det smarta ekosystemet f\u00f6r laddning av elbilar. Genom att minska energif\u00f6rbrukningen ger v\u00e5ra l\u00f6sningar f\u00f6r laddning av elbilar betydande f\u00f6rdelar och \u00f6kar bekv\u00e4mligheten f\u00f6r f\u00f6retag.<\/p>\t\t\t\t\t\t<\/div>\n\t\t\t\t<\/div>\n\t\t\t\t\t<\/div>\n\t\t<\/div>\n\t\t\t\t\t\t\t<\/div>\n\t\t<\/section>\n\t\t\t\t<section class=\"elementor-section elementor-top-section elementor-element elementor-element-50122ee elementor-reverse-mobile elementor-section-boxed elementor-section-height-default elementor-section-height-default\" data-id=\"50122ee\" data-element_type=\"section\">\n\t\t\t\t\t\t<div class=\"elementor-container elementor-column-gap-default\">\n\t\t\t\t\t<div class=\"elementor-column elementor-col-50 elementor-top-column elementor-element elementor-element-dcafb98\" data-id=\"dcafb98\" data-element_type=\"column\">\n\t\t\t<div class=\"elementor-widget-wrap elementor-element-populated\">\n\t\t\t\t\t\t\t\t<div class=\"elementor-element elementor-element-034f194 elementor-widget elementor-widget-heading\" data-id=\"034f194\" data-element_type=\"widget\" data-widget_type=\"heading.default\">\n\t\t\t\t<div class=\"elementor-widget-container\">\n\t\t\t<h2 class=\"elementor-heading-title elementor-size-default\">Smart laddning av elbilar och ett h\u00e5llbart energin\u00e4t<\/h2>\t\t<\/div>\n\t\t\t\t<\/div>\n\t\t\t\t<div class=\"elementor-element elementor-element-6859c26 elementor-widget elementor-widget-text-editor\" data-id=\"6859c26\" data-element_type=\"widget\" data-widget_type=\"text-editor.default\">\n\t\t\t\t<div class=\"elementor-widget-container\">\n\t\t\t\t\t\t\t<p>V\u00e5rt molnbaserade hanteringssystem f\u00f6r smarta laddstationer f\u00f6r elbilar erbjuder en flexibel l\u00f6sning som prioriterar balanserade laddningstider och effektiv energidistribution. Med detta system f\u00e5r \u00e4gare av laddstationer s\u00f6ml\u00f6s \u00e5tkomst till molnet, vilket g\u00f6r det m\u00f6jligt f\u00f6r dem att fj\u00e4rrstarta, stoppa eller starta om laddstationer.\u00a0<\/p><p>Denna effektiviserade strategi fr\u00e4mjar inte bara inf\u00f6randet av smart laddning av elbilar utan bidrar ocks\u00e5 till ett mer h\u00e5llbart energin\u00e4t.<\/p>\t\t\t\t\t\t<\/div>\n\t\t\t\t<\/div>\n\t\t\t\t\t<\/div>\n\t\t<\/div>\n\t\t\t\t<div class=\"elementor-column elementor-col-50 elementor-top-column elementor-element elementor-element-5a3e36f\" data-id=\"5a3e36f\" data-element_type=\"column\">\n\t\t\t<div class=\"elementor-widget-wrap elementor-element-populated\">\n\t\t\t\t\t\t\t\t<div class=\"elementor-element elementor-element-98fe05a elementor-widget elementor-widget-image\" data-id=\"98fe05a\" data-element_type=\"widget\" data-widget_type=\"image.default\">\n\t\t\t\t<div class=\"elementor-widget-container\">\n\t\t\t\t\t\t\t\t\t\t\t\t\t\t\t<img loading=\"lazy\" decoding=\"async\" width=\"580\" height=\"435\" src=\"https:\/\/www.evb.com\/wp-content\/uploads\/2024\/03\/smart-ev-charging.png\" class=\"attachment-large size-large wp-image-12860\" alt=\"smart laddning av elbilar\" \/>\t\t\t\t\t\t\t\t\t\t\t\t\t\t\t<\/div>\n\t\t\t\t<\/div>\n\t\t\t\t\t<\/div>\n\t\t<\/div>\n\t\t\t\t\t\t\t<\/div>\n\t\t<\/section>\n\t\t\t\t<section class=\"elementor-section elementor-top-section elementor-element elementor-element-84979a8 elementor-section-boxed elementor-section-height-default elementor-section-height-default\" data-id=\"84979a8\" data-element_type=\"section\">\n\t\t\t\t\t\t<div class=\"elementor-container elementor-column-gap-default\">\n\t\t\t\t\t<div class=\"elementor-column elementor-col-100 elementor-top-column elementor-element elementor-element-37a3aca\" data-id=\"37a3aca\" data-element_type=\"column\">\n\t\t\t<div class=\"elementor-widget-wrap elementor-element-populated\">\n\t\t\t\t\t\t\t\t<div class=\"elementor-element elementor-element-1bf1904 elementor-widget elementor-widget-spacer\" data-id=\"1bf1904\" data-element_type=\"widget\" data-widget_type=\"spacer.default\">\n\t\t\t\t<div class=\"elementor-widget-container\">\n\t\t\t\t\t<div class=\"elementor-spacer\">\n\t\t\t<div class=\"elementor-spacer-inner\"><\/div>\n\t\t<\/div>\n\t\t\t\t<\/div>\n\t\t\t\t<\/div>\n\t\t\t\t\t<\/div>\n\t\t<\/div>\n\t\t\t\t\t\t\t<\/div>\n\t\t<\/section>\n\t\t\t\t<section class=\"elementor-section elementor-top-section elementor-element elementor-element-41e8496 elementor-section-boxed elementor-section-height-default elementor-section-height-default\" data-id=\"41e8496\" data-element_type=\"section\">\n\t\t\t\t\t\t<div class=\"elementor-container elementor-column-gap-default\">\n\t\t\t\t\t<div class=\"elementor-column elementor-col-100 elementor-top-column elementor-element elementor-element-87048bd\" data-id=\"87048bd\" data-element_type=\"column\">\n\t\t\t<div class=\"elementor-widget-wrap elementor-element-populated\">\n\t\t\t\t\t\t\t\t<section class=\"elementor-section elementor-inner-section elementor-element elementor-element-2ab23e7 elementor-section-height-min-height elementor-section-boxed elementor-section-height-default\" data-id=\"2ab23e7\" data-element_type=\"section\" data-settings=\"{&quot;background_background&quot;:&quot;classic&quot;}\">\n\t\t\t\t\t\t<div class=\"elementor-container elementor-column-gap-default\">\n\t\t\t\t\t<div class=\"elementor-column elementor-col-50 elementor-inner-column elementor-element elementor-element-c9ca079\" data-id=\"c9ca079\" data-element_type=\"column\">\n\t\t\t<div class=\"elementor-widget-wrap elementor-element-populated\">\n\t\t\t\t\t\t\t\t<div class=\"elementor-element elementor-element-d27c141 elementor-widget elementor-widget-heading\" data-id=\"d27c141\" data-element_type=\"widget\" data-widget_type=\"heading.default\">\n\t\t\t\t<div class=\"elementor-widget-container\">\n\t\t\t<h2 class=\"elementor-heading-title elementor-size-default\">Mer \u00e4n 150 miljoner elektriska mil<\/h2>\t\t<\/div>\n\t\t\t\t<\/div>\n\t\t\t\t<div class=\"elementor-element elementor-element-d58a0f5 elementor-widget elementor-widget-text-editor\" data-id=\"d58a0f5\" data-element_type=\"widget\" data-widget_type=\"text-editor.default\">\n\t\t\t\t<div class=\"elementor-widget-container\">\n\t\t\t\t\t\t\t<div id=\"u158\" class=\"ax_default shape1\"><div id=\"u158_text\" class=\"text\"><p><span style=\"color: #ffffff;\">Med smart laddningsteknik f\u00f6r elbilar i toppklass har v\u00e5ra l\u00f6sningar f\u00f6r elbilsladdning revolutionerat branschen och \u00f6vertr\u00e4ffat andra laddningsk\u00e4llor med \u00f6ver 5 500 g\u00e5nger i effektivitet. Detta genombrott har gjort det m\u00f6jligt f\u00f6r oss att bidra avsev\u00e4rt till energin\u00e4tet och t\u00e4cka mer \u00e4n 240 miljoner elektriska mil. Denna utbredda och stabila energif\u00f6rs\u00f6rjning s\u00e4kerst\u00e4ller h\u00e5llbar el f\u00f6r samh\u00e4llen \u00f6ver hela v\u00e4rlden och st\u00f6der dem med deras laddningsbehov. V\u00e5rt engagemang f\u00f6r att fr\u00e4mja smart laddning av elbilar gynnar inte bara milj\u00f6n utan erbjuder ocks\u00e5 o\u00f6vertr\u00e4ffade f\u00f6rdelar f\u00f6r v\u00e5ra kunder.<\/span><\/p><\/div><\/div>\t\t\t\t\t\t<\/div>\n\t\t\t\t<\/div>\n\t\t\t\t\t<\/div>\n\t\t<\/div>\n\t\t\t\t<div class=\"elementor-column elementor-col-50 elementor-inner-column elementor-element elementor-element-1ab7ff8\" data-id=\"1ab7ff8\" data-element_type=\"column\">\n\t\t\t<div class=\"elementor-widget-wrap\">\n\t\t\t\t\t\t\t\t\t<\/div>\n\t\t<\/div>\n\t\t\t\t\t\t\t<\/div>\n\t\t<\/section>\n\t\t\t\t\t<\/div>\n\t\t<\/div>\n\t\t\t\t\t\t\t<\/div>\n\t\t<\/section>\n\t\t\t\t\t\t\t<\/div>","protected":false},"excerpt":{"rendered":"<p>Home Discover the future of sustainability with our innovative EV power solutions. Our smart EV charging\u00a0technology seamlessly integrates with the energy grid, ensuring efficient and eco-friendly transportation. Join us in shaping a greener tomorrow. Become Part of the Ecosystem EVB stands as your top-tier partner in advocating for smart EV charging solutions among operators, auto [&hellip;]<\/p>","protected":false},"author":2,"featured_media":0,"parent":0,"menu_order":43,"comment_status":"closed","ping_status":"closed","template":"","meta":{"footnotes":""},"class_list":["post-88","page","type-page","status-publish","hentry"],"acf":[],"yoast_head":"<!-- This site is optimized with the Yoast SEO plugin v27.4 - https:\/\/yoast.com\/product\/yoast-seo-wordpress\/ -->\n<title>Sustainability &amp; Smart EV Charging Experience from EVB<\/title>\n<meta name=\"description\" content=\"EVB offers a sustainable path forward for EV power solutions through smart EV charging and a sustainable energy grid.\" \/>\n<meta name=\"robots\" content=\"index, follow, max-snippet:-1, max-image-preview:large, max-video-preview:-1\" \/>\n<link rel=\"canonical\" href=\"https:\/\/www.evb.com\/sv\/sustainability\/\" \/>\n<meta property=\"og:locale\" content=\"sv_SE\" \/>\n<meta property=\"og:type\" content=\"article\" \/>\n<meta property=\"og:title\" content=\"Sustainability &amp; Smart EV Charging Experience from EVB\" \/>\n<meta property=\"og:description\" content=\"EVB offers a sustainable path forward for EV power solutions through smart EV charging and a sustainable energy grid.\" \/>\n<meta property=\"og:url\" content=\"https:\/\/www.evb.com\/sv\/sustainability\/\" \/>\n<meta property=\"og:site_name\" content=\"EVB\" \/>\n<meta property=\"article:modified_time\" content=\"2024-03-08T10:08:59+00:00\" \/>\n<meta property=\"og:image\" content=\"https:\/\/www.evb.com\/wp-content\/uploads\/2024\/03\/EV-charging-ecosystem.png\" \/>\n<meta name=\"twitter:card\" content=\"summary_large_image\" \/>\n<meta name=\"twitter:label1\" content=\"Ber\u00e4knad l\u00e4stid\" \/>\n\t<meta name=\"twitter:data1\" content=\"2 minuter\" \/>\n<script type=\"application\/ld+json\" class=\"yoast-schema-graph\">{\"@context\":\"https:\\\/\\\/schema.org\",\"@graph\":[{\"@type\":\"WebPage\",\"@id\":\"https:\\\/\\\/www.evb.com\\\/sustainability\\\/\",\"url\":\"https:\\\/\\\/www.evb.com\\\/sustainability\\\/\",\"name\":\"Sustainability & Smart EV Charging Experience from EVB\",\"isPartOf\":{\"@id\":\"https:\\\/\\\/www.evb.com\\\/#website\"},\"primaryImageOfPage\":{\"@id\":\"https:\\\/\\\/www.evb.com\\\/sustainability\\\/#primaryimage\"},\"image\":{\"@id\":\"https:\\\/\\\/www.evb.com\\\/sustainability\\\/#primaryimage\"},\"thumbnailUrl\":\"https:\\\/\\\/www.evb.com\\\/wp-content\\\/uploads\\\/2024\\\/03\\\/EV-charging-ecosystem.png\",\"datePublished\":\"2022-07-31T09:29:18+00:00\",\"dateModified\":\"2024-03-08T10:08:59+00:00\",\"description\":\"EVB offers a sustainable path forward for EV power solutions through smart EV charging and a sustainable energy grid.\",\"breadcrumb\":{\"@id\":\"https:\\\/\\\/www.evb.com\\\/sustainability\\\/#breadcrumb\"},\"inLanguage\":\"sv-SE\",\"potentialAction\":[{\"@type\":\"ReadAction\",\"target\":[\"https:\\\/\\\/www.evb.com\\\/sustainability\\\/\"]}]},{\"@type\":\"ImageObject\",\"inLanguage\":\"sv-SE\",\"@id\":\"https:\\\/\\\/www.evb.com\\\/sustainability\\\/#primaryimage\",\"url\":\"https:\\\/\\\/www.evb.com\\\/wp-content\\\/uploads\\\/2024\\\/03\\\/EV-charging-ecosystem.png\",\"contentUrl\":\"https:\\\/\\\/www.evb.com\\\/wp-content\\\/uploads\\\/2024\\\/03\\\/EV-charging-ecosystem.png\"},{\"@type\":\"BreadcrumbList\",\"@id\":\"https:\\\/\\\/www.evb.com\\\/sustainability\\\/#breadcrumb\",\"itemListElement\":[{\"@type\":\"ListItem\",\"position\":1,\"name\":\"Home\",\"item\":\"https:\\\/\\\/www.evb.com\\\/\"},{\"@type\":\"ListItem\",\"position\":2,\"name\":\"Sustainability\"}]},{\"@type\":\"WebSite\",\"@id\":\"https:\\\/\\\/www.evb.com\\\/#website\",\"url\":\"https:\\\/\\\/www.evb.com\\\/\",\"name\":\"EVB\",\"description\":\"Smart EV Charging &amp; Energy Storage Solutions\",\"publisher\":{\"@id\":\"https:\\\/\\\/www.evb.com\\\/#organization\"},\"potentialAction\":[{\"@type\":\"SearchAction\",\"target\":{\"@type\":\"EntryPoint\",\"urlTemplate\":\"https:\\\/\\\/www.evb.com\\\/?s={search_term_string}\"},\"query-input\":{\"@type\":\"PropertyValueSpecification\",\"valueRequired\":true,\"valueName\":\"search_term_string\"}}],\"inLanguage\":\"sv-SE\"},{\"@type\":\"Organization\",\"@id\":\"https:\\\/\\\/www.evb.com\\\/#organization\",\"name\":\"EVB\",\"url\":\"https:\\\/\\\/www.evb.com\\\/\",\"logo\":{\"@type\":\"ImageObject\",\"inLanguage\":\"sv-SE\",\"@id\":\"https:\\\/\\\/www.evb.com\\\/#\\\/schema\\\/logo\\\/image\\\/\",\"url\":\"https:\\\/\\\/www.evb.com\\\/wp-content\\\/uploads\\\/2021\\\/03\\\/evb-3.png\",\"contentUrl\":\"https:\\\/\\\/www.evb.com\\\/wp-content\\\/uploads\\\/2021\\\/03\\\/evb-3.png\",\"width\":605,\"height\":626,\"caption\":\"EVB\"},\"image\":{\"@id\":\"https:\\\/\\\/www.evb.com\\\/#\\\/schema\\\/logo\\\/image\\\/\"}}]}<\/script>\n<!-- \/ Yoast SEO plugin. -->","yoast_head_json":{"title":"Sustainability & Smart EV Charging Experience from EVB","description":"EVB offers a sustainable path forward for EV power solutions through smart EV charging and a sustainable energy grid.","robots":{"index":"index","follow":"follow","max-snippet":"max-snippet:-1","max-image-preview":"max-image-preview:large","max-video-preview":"max-video-preview:-1"},"canonical":"https:\/\/www.evb.com\/sv\/sustainability\/","og_locale":"sv_SE","og_type":"article","og_title":"Sustainability & Smart EV Charging Experience from EVB","og_description":"EVB offers a sustainable path forward for EV power solutions through smart EV charging and a sustainable energy grid.","og_url":"https:\/\/www.evb.com\/sv\/sustainability\/","og_site_name":"EVB","article_modified_time":"2024-03-08T10:08:59+00:00","og_image":[{"url":"https:\/\/www.evb.com\/wp-content\/uploads\/2024\/03\/EV-charging-ecosystem.png","type":"","width":"","height":""}],"twitter_card":"summary_large_image","twitter_misc":{"Ber\u00e4knad l\u00e4stid":"2 minuter"},"schema":{"@context":"https:\/\/schema.org","@graph":[{"@type":"WebPage","@id":"https:\/\/www.evb.com\/sustainability\/","url":"https:\/\/www.evb.com\/sustainability\/","name":"Sustainability & Smart EV Charging Experience from EVB","isPartOf":{"@id":"https:\/\/www.evb.com\/#website"},"primaryImageOfPage":{"@id":"https:\/\/www.evb.com\/sustainability\/#primaryimage"},"image":{"@id":"https:\/\/www.evb.com\/sustainability\/#primaryimage"},"thumbnailUrl":"https:\/\/www.evb.com\/wp-content\/uploads\/2024\/03\/EV-charging-ecosystem.png","datePublished":"2022-07-31T09:29:18+00:00","dateModified":"2024-03-08T10:08:59+00:00","description":"EVB offers a sustainable path forward for EV power solutions through smart EV charging and a sustainable energy grid.","breadcrumb":{"@id":"https:\/\/www.evb.com\/sustainability\/#breadcrumb"},"inLanguage":"sv-SE","potentialAction":[{"@type":"ReadAction","target":["https:\/\/www.evb.com\/sustainability\/"]}]},{"@type":"ImageObject","inLanguage":"sv-SE","@id":"https:\/\/www.evb.com\/sustainability\/#primaryimage","url":"https:\/\/www.evb.com\/wp-content\/uploads\/2024\/03\/EV-charging-ecosystem.png","contentUrl":"https:\/\/www.evb.com\/wp-content\/uploads\/2024\/03\/EV-charging-ecosystem.png"},{"@type":"BreadcrumbList","@id":"https:\/\/www.evb.com\/sustainability\/#breadcrumb","itemListElement":[{"@type":"ListItem","position":1,"name":"Home","item":"https:\/\/www.evb.com\/"},{"@type":"ListItem","position":2,"name":"Sustainability"}]},{"@type":"WebSite","@id":"https:\/\/www.evb.com\/#website","url":"https:\/\/www.evb.com\/","name":"EVB","description":"Smart EV Charging &amp; Energy Storage Solutions","publisher":{"@id":"https:\/\/www.evb.com\/#organization"},"potentialAction":[{"@type":"SearchAction","target":{"@type":"EntryPoint","urlTemplate":"https:\/\/www.evb.com\/?s={search_term_string}"},"query-input":{"@type":"PropertyValueSpecification","valueRequired":true,"valueName":"search_term_string"}}],"inLanguage":"sv-SE"},{"@type":"Organization","@id":"https:\/\/www.evb.com\/#organization","name":"EVB","url":"https:\/\/www.evb.com\/","logo":{"@type":"ImageObject","inLanguage":"sv-SE","@id":"https:\/\/www.evb.com\/#\/schema\/logo\/image\/","url":"https:\/\/www.evb.com\/wp-content\/uploads\/2021\/03\/evb-3.png","contentUrl":"https:\/\/www.evb.com\/wp-content\/uploads\/2021\/03\/evb-3.png","width":605,"height":626,"caption":"EVB"},"image":{"@id":"https:\/\/www.evb.com\/#\/schema\/logo\/image\/"}}]}},"_links":{"self":[{"href":"https:\/\/www.evb.com\/sv\/wp-json\/wp\/v2\/pages\/88","targetHints":{"allow":["GET"]}}],"collection":[{"href":"https:\/\/www.evb.com\/sv\/wp-json\/wp\/v2\/pages"}],"about":[{"href":"https:\/\/www.evb.com\/sv\/wp-json\/wp\/v2\/types\/page"}],"author":[{"embeddable":true,"href":"https:\/\/www.evb.com\/sv\/wp-json\/wp\/v2\/users\/2"}],"replies":[{"embeddable":true,"href":"https:\/\/www.evb.com\/sv\/wp-json\/wp\/v2\/comments?post=88"}],"version-history":[{"count":43,"href":"https:\/\/www.evb.com\/sv\/wp-json\/wp\/v2\/pages\/88\/revisions"}],"predecessor-version":[{"id":12863,"href":"https:\/\/www.evb.com\/sv\/wp-json\/wp\/v2\/pages\/88\/revisions\/12863"}],"wp:attachment":[{"href":"https:\/\/www.evb.com\/sv\/wp-json\/wp\/v2\/media?parent=88"}],"curies":[{"name":"wp","href":"https:\/\/api.w.org\/{rel}","templated":true}]}}